{"id":10634,"date":"2025-05-28T13:12:41","date_gmt":"2025-05-28T11:12:41","guid":{"rendered":"https:\/\/www.house-of-time.be\/?post_type=product&#038;p=10634"},"modified":"2025-08-08T18:14:59","modified_gmt":"2025-08-08T16:14:59","slug":"jaeger-lecoultre-polaris-chronographe","status":"publish","type":"product","link":"https:\/\/www.house-of-time.be\/en\/product\/jaeger-lecoultre-polaris-chronographe\/","title":{"rendered":"Jaeger-LeCoultre Polaris Chronograph"},"content":{"rendered":"<ul>\n<li>\n<h3>The elegance of movement<\/h3>\n<\/li>\n<\/ul>\n<p data-start=\"199\" data-end=\"550\">Inspired by the legendary diving watches of the 1960s, the Jaeger-LeCoultre Polaris Chronograph reference Q9028180 brilliantly embodies the chic sporty spirit. This steel version with sun-blue dial offers a perfect combination of sophistication, functionality and versatility.<\/p>\n<p data-start=\"552\" data-end=\"915\">Its 42 mm steel case has tight and contemporary lines, reinforced by a set of polished and satin finishes. The deep blue dial is distinguished by its dynamic texture and slightly recessed sub-counters, offering optimal readability. The whole is protected by a domed sapphire crystal that accentuates the vintage character of the model.<\/p>\n<p data-start=\"917\" data-end=\"1175\">This chronograph is driven by the automatic calibre manufacture Jaeger-LeCoultre 751H, equipped with a column wheel and a 65-hour power reserve. Visible through the sapphire background, this movement testifies to the technical know-how of the Grande Maison.<\/p>\n<p data-start=\"1177\" data-end=\"1470\">This Polaris comes with two bracelets: an elegant steel bracelet with satin links and a blue rubber strap equipped with a signed folding buckle. Thanks to the quick change system, these two options are easily exchanged, offering remarkable comfort of use.<\/p>\n<p data-start=\"1472\" data-end=\"1677\">Accompanied by its original full set, this 2023 Jaeger-LeCoultre Polaris Chronograph is a perfect expression of versatile luxury in the manner of JLC.<\/p>","protected":false},"excerpt":{"rendered":"<p>L\u2019\u00e9l\u00e9gance du mouvement Inspir\u00e9e des l\u00e9gendaires montres de plong\u00e9e des ann\u00e9es 1960, la Jaeger-LeCoultre Polaris Chronographe r\u00e9f\u00e9rence Q9028180 incarne l\u2019esprit sportif chic avec brio. Cette version en acier avec cadran bleu soleill\u00e9, offre une combinaison parfaite de sophistication, de fonctionnalit\u00e9 et de polyvalence. Son bo\u00eetier en acier de 42 mm affiche des lignes tendues et&#8230;<\/p>","protected":false},"featured_media":10651,"template":"","meta":[],"product_cat":[806],"product_tag":[],"class_list":["post-10634","product","type-product","status-publish","has-post-thumbnail","hentry","product_cat-jaeger-lecoultre"],"_links":{"self":[{"href":"https:\/\/www.house-of-time.be\/en\/wp-json\/wp\/v2\/product\/10634","targetHints":{"allow":["GET"]}}],"collection":[{"href":"https:\/\/www.house-of-time.be\/en\/wp-json\/wp\/v2\/product"}],"about":[{"href":"https:\/\/www.house-of-time.be\/en\/wp-json\/wp\/v2\/types\/product"}],"version-history":[{"count":3,"href":"https:\/\/www.house-of-time.be\/en\/wp-json\/wp\/v2\/product\/10634\/revisions"}],"predecessor-version":[{"id":11165,"href":"https:\/\/www.house-of-time.be\/en\/wp-json\/wp\/v2\/product\/10634\/revisions\/11165"}],"wp:featuredmedia":[{"embeddable":true,"href":"https:\/\/www.house-of-time.be\/en\/wp-json\/wp\/v2\/media\/10651"}],"wp:attachment":[{"href":"https:\/\/www.house-of-time.be\/en\/wp-json\/wp\/v2\/media?parent=10634"}],"wp:term":[{"taxonomy":"product_cat","embeddable":true,"href":"https:\/\/www.house-of-time.be\/en\/wp-json\/wp\/v2\/product_cat?post=10634"},{"taxonomy":"product_tag","embeddable":true,"href":"https:\/\/www.house-of-time.be\/en\/wp-json\/wp\/v2\/product_tag?post=10634"}],"curies":[{"name":"wp","href":"https:\/\/api.w.org\/{rel}","templated":true}]}}