{"id":11076,"date":"2025-06-23T17:02:58","date_gmt":"2025-06-23T15:02:58","guid":{"rendered":"https:\/\/www.house-of-time.be\/?post_type=product&#038;p=11076"},"modified":"2025-08-19T16:47:51","modified_gmt":"2025-08-19T14:47:51","slug":"rolex-submariner-starbucks-mk-i","status":"publish","type":"product","link":"https:\/\/www.house-of-time.be\/en\/product\/rolex-submariner-starbucks-mk-i\/","title":{"rendered":"Rolex Submariner \u00ab\u00a0Starbucks\u00a0\u00bb Mk. I"},"content":{"rendered":"<ul>\n<li>\n<h3>Green Cerachrom<\/h3>\n<\/li>\n<\/ul>\n<p>This Submariner with green bezel is the pinnacle of the iconic steel diver's watch. A mainstay of the Rolex catalogue from the outset, the Submariner is the perfect blend of sportiness and wearability.<\/p>\n<p>Introduced in 2020 and marking the arrival of the new calibre 3235 with 70 hours of power reserve instead of 45 hours for the previous version, the 126610LV features a green bezel with black dial and a more aesthetic lug profile. The proportions of reference 126610LV are simply superb, and the wide lugs of the 116610 generation are a thing of the past.<\/p>\n<p>A timeless classic that exudes sophistication and style, crafted from the finest materials and designed with precision, the Submariner is a true watchmaking icon. The green bezel adds a touch of exclusivity and sportiness to this legendary model.<\/p>\n<p>This 2021 \"Starbucks\" Submariner is in excellent condition and is accompanied by its \"full set\".<\/p>","protected":false},"excerpt":{"rendered":"<p>Cerachrom Vert Cette Submariner avec lunette verte est l&rsquo;apog\u00e9e de la plongeuse iconique en acier. Pilier du catalogue Rolex depuis toujours, la Submariner est le m\u00e9lange parfait de sportivit\u00e9 et de design. Introduite en 2020 et marquant l&rsquo;arriv\u00e9e du nouveau calibre 3235 avec 70h de r\u00e9serve de marche au lieu de 45h pour la version&#8230;<\/p>","protected":false},"featured_media":11594,"template":"","meta":[],"product_cat":[97],"product_tag":[],"class_list":["post-11076","product","type-product","status-publish","has-post-thumbnail","hentry","product_cat-rolex"],"_links":{"self":[{"href":"https:\/\/www.house-of-time.be\/en\/wp-json\/wp\/v2\/product\/11076","targetHints":{"allow":["GET"]}}],"collection":[{"href":"https:\/\/www.house-of-time.be\/en\/wp-json\/wp\/v2\/product"}],"about":[{"href":"https:\/\/www.house-of-time.be\/en\/wp-json\/wp\/v2\/types\/product"}],"version-history":[{"count":3,"href":"https:\/\/www.house-of-time.be\/en\/wp-json\/wp\/v2\/product\/11076\/revisions"}],"predecessor-version":[{"id":11604,"href":"https:\/\/www.house-of-time.be\/en\/wp-json\/wp\/v2\/product\/11076\/revisions\/11604"}],"wp:featuredmedia":[{"embeddable":true,"href":"https:\/\/www.house-of-time.be\/en\/wp-json\/wp\/v2\/media\/11594"}],"wp:attachment":[{"href":"https:\/\/www.house-of-time.be\/en\/wp-json\/wp\/v2\/media?parent=11076"}],"wp:term":[{"taxonomy":"product_cat","embeddable":true,"href":"https:\/\/www.house-of-time.be\/en\/wp-json\/wp\/v2\/product_cat?post=11076"},{"taxonomy":"product_tag","embeddable":true,"href":"https:\/\/www.house-of-time.be\/en\/wp-json\/wp\/v2\/product_tag?post=11076"}],"curies":[{"name":"wp","href":"https:\/\/api.w.org\/{rel}","templated":true}]}}