{"id":11078,"date":"2025-06-23T17:06:28","date_gmt":"2025-06-23T15:06:28","guid":{"rendered":"https:\/\/www.house-of-time.be\/?post_type=product&#038;p=11078"},"modified":"2025-08-08T18:14:35","modified_gmt":"2025-08-08T16:14:35","slug":"rolex-gmt-master-ii-sprite-6","status":"publish","type":"product","link":"https:\/\/www.house-of-time.be\/en\/product\/rolex-gmt-master-ii-sprite-6\/","title":{"rendered":"Rolex GMT-Master II \u00ab\u00a0Sprite\u00a0\u00bb"},"content":{"rendered":"<ul>\n<li>\n<h3>Destro GMT<\/h3>\n<\/li>\n<\/ul>\n<p>The Rolex GMT-Master II, reference 126720VTNR, affectionately called \"Sprite\", is launched in 2022, to everyone's surprise, Rolex decided to make it a \"Destro\" model with the crown on the left. A unique and absolutely exceptional detail that sets this GMT-Master II apart from the rest of the Rolex catalogue, a real rarity in the brand's universe.<\/p>\n<p>The reference 126720VTNR is also distinguished by its black and green ceramic bezel, made of Cerachrom, the exclusive ceramic material of Rolex, the bezel not only has exceptional scratch resistance, but also introduces a vibrant and dynamic aesthetic in the GMT-Master II line.<\/p>\n<p>The positioning of the crown on the left side of the watch is a revolutionary feature that surprised and delighted amateurs. This gap with the traditional positioning of the crown for right-handers reflects Rolex's commitment to innovate and continue to surprise its customers.<\/p>\n<p>We celebrate the \"Sprite\" for its innovative design, unparallelled manufacturing quality and the unexpected pleasure of a left-handed crown. This 2022 model is in superb condition and accompanied by its \"full set\".<\/p>","protected":false},"excerpt":{"rendered":"<p>Destro GMT La Rolex GMT-Master II, r\u00e9f\u00e9rence 126720VTNR, affectueusement appel\u00e9e \u00ab\u00a0Sprite\u00a0\u00bb, est lanc\u00e9e en 2022, \u00e0 la surprise de tous, Rolex d\u00e9cida d&rsquo;en faire un mod\u00e8le \u00ab\u00a0Destro\u00a0\u00bb avec la couronne \u00e0 gauche. Un d\u00e9tail unique et absolument exceptionnel qui d\u00e9marque cette GMT-Master II du reste du catalogue Rolex, une v\u00e9ritable raret\u00e9 dans l&rsquo;univers de la&#8230;<\/p>","protected":false},"featured_media":11196,"template":"","meta":[],"product_cat":[97],"product_tag":[],"class_list":["post-11078","product","type-product","status-publish","has-post-thumbnail","hentry","product_cat-rolex"],"_links":{"self":[{"href":"https:\/\/www.house-of-time.be\/en\/wp-json\/wp\/v2\/product\/11078","targetHints":{"allow":["GET"]}}],"collection":[{"href":"https:\/\/www.house-of-time.be\/en\/wp-json\/wp\/v2\/product"}],"about":[{"href":"https:\/\/www.house-of-time.be\/en\/wp-json\/wp\/v2\/types\/product"}],"version-history":[{"count":3,"href":"https:\/\/www.house-of-time.be\/en\/wp-json\/wp\/v2\/product\/11078\/revisions"}],"predecessor-version":[{"id":11123,"href":"https:\/\/www.house-of-time.be\/en\/wp-json\/wp\/v2\/product\/11078\/revisions\/11123"}],"wp:featuredmedia":[{"embeddable":true,"href":"https:\/\/www.house-of-time.be\/en\/wp-json\/wp\/v2\/media\/11196"}],"wp:attachment":[{"href":"https:\/\/www.house-of-time.be\/en\/wp-json\/wp\/v2\/media?parent=11078"}],"wp:term":[{"taxonomy":"product_cat","embeddable":true,"href":"https:\/\/www.house-of-time.be\/en\/wp-json\/wp\/v2\/product_cat?post=11078"},{"taxonomy":"product_tag","embeddable":true,"href":"https:\/\/www.house-of-time.be\/en\/wp-json\/wp\/v2\/product_tag?post=11078"}],"curies":[{"name":"wp","href":"https:\/\/api.w.org\/{rel}","templated":true}]}}