{"id":11168,"date":"2025-06-27T13:02:48","date_gmt":"2025-06-27T11:02:48","guid":{"rendered":"https:\/\/www.house-of-time.be\/?post_type=product&#038;p=11168"},"modified":"2025-08-08T18:16:17","modified_gmt":"2025-08-08T16:16:17","slug":"rolex-gmt-master-ii-pepsi-6","status":"publish","type":"product","link":"https:\/\/www.house-of-time.be\/en\/product\/rolex-gmt-master-ii-pepsi-6\/","title":{"rendered":"Rolex GMT-Master II \u00ab\u00a0Pepsi\u00a0\u00bb"},"content":{"rendered":"<ul>\n<li>\n<h3>Universal travel icon<\/h3>\n<\/li>\n<\/ul>\n<p data-start=\"176\" data-end=\"521\">Iconic among icons, the Rolex GMT-Master II reference 126710BLRO embodies the spirit of adventure and technical mastery that have cemented the brand\u2019s legendary status. Nicknamed \u201cPepsi\u201d for its red and blue Cerachrom bezel, the watch pays tribute to the original GMT-Master models of the 1950s while incorporating Rolex\u2019s most advanced technologies.<\/p>\n<p data-start=\"523\" data-end=\"958\">The 40 mm Oyster case in anti-corrosion Oystersteel is topped by a bidirectional 24-hour Cerachrom bezel. Paired with the red GMT hand, it allows simultaneous reading of two time zones, an essential tool for global travellers. The glossy black dial, both understated and striking, features white gold applied hour markers and Chromalight luminescence for perfect legibility in all lighting conditions.<\/p>\n<p data-start=\"960\" data-end=\"1177\">At its heart beats the latest-generation calibre 3285, offering exceptional chronometric precision, a 70-hour power reserve, and enhanced resistance to shocks and magnetic fields.<\/p>\n<p data-start=\"1179\" data-end=\"1322\">Fitted with the elegant five-link Jubilee bracelet in Oystersteel, secured with an Oysterlock clasp and Easylink extension system, the watch ensures superior comfort and a refined sporty look.<\/p>\n<p data-start=\"1324\" data-end=\"1502\">Offered in excellent condition from 2022, and accompanied by its full original set, this GMT-Master II \u201cPepsi\u201d stands as the perfect fusion of legendary heritage and modern performance.<\/p>","protected":false},"excerpt":{"rendered":"<p>Universal travel icon Embl\u00e9matique parmi les embl\u00e9matiques, la Rolex GMT-Master II r\u00e9f\u00e9rence 126710BLRO incarne l\u2019esprit d\u2019aventure et la ma\u00eetrise technique qui ont fait la renomm\u00e9e de la manufacture. Surnomm\u00e9e \u00ab\u00a0Pepsi\u00a0\u00bb pour sa lunette Cerachrom rouge et bleue, elle \u00e9voque les premi\u00e8res GMT-Master des ann\u00e9es 1950 tout en int\u00e9grant les technologies les plus modernes. Le bo\u00eetier&#8230;<\/p>","protected":false},"featured_media":11184,"template":"","meta":[],"product_cat":[97],"product_tag":[],"class_list":["post-11168","product","type-product","status-publish","has-post-thumbnail","hentry","product_cat-rolex"],"_links":{"self":[{"href":"https:\/\/www.house-of-time.be\/en\/wp-json\/wp\/v2\/product\/11168","targetHints":{"allow":["GET"]}}],"collection":[{"href":"https:\/\/www.house-of-time.be\/en\/wp-json\/wp\/v2\/product"}],"about":[{"href":"https:\/\/www.house-of-time.be\/en\/wp-json\/wp\/v2\/types\/product"}],"version-history":[{"count":1,"href":"https:\/\/www.house-of-time.be\/en\/wp-json\/wp\/v2\/product\/11168\/revisions"}],"predecessor-version":[{"id":11169,"href":"https:\/\/www.house-of-time.be\/en\/wp-json\/wp\/v2\/product\/11168\/revisions\/11169"}],"wp:featuredmedia":[{"embeddable":true,"href":"https:\/\/www.house-of-time.be\/en\/wp-json\/wp\/v2\/media\/11184"}],"wp:attachment":[{"href":"https:\/\/www.house-of-time.be\/en\/wp-json\/wp\/v2\/media?parent=11168"}],"wp:term":[{"taxonomy":"product_cat","embeddable":true,"href":"https:\/\/www.house-of-time.be\/en\/wp-json\/wp\/v2\/product_cat?post=11168"},{"taxonomy":"product_tag","embeddable":true,"href":"https:\/\/www.house-of-time.be\/en\/wp-json\/wp\/v2\/product_tag?post=11168"}],"curies":[{"name":"wp","href":"https:\/\/api.w.org\/{rel}","templated":true}]}}