{"id":11843,"date":"2025-08-08T21:23:11","date_gmt":"2025-08-08T19:23:11","guid":{"rendered":"https:\/\/www.house-of-time.be\/?post_type=product&#038;p=11843"},"modified":"2025-08-14T15:36:56","modified_gmt":"2025-08-14T13:36:56","slug":"omega-speedmaster-moonwatch-professional-copy","status":"publish","type":"product","link":"https:\/\/www.house-of-time.be\/en\/product\/omega-speedmaster-moonwatch-professional-copy\/","title":{"rendered":"Omega Speedmaster Moonwatch Professional"},"content":{"rendered":"<ul>\n<li>\n<h3>White Side of the Moon<\/h3>\n<\/li>\n<\/ul>\n<p data-start=\"82\" data-end=\"450\">V\u00e9ritable ic\u00f4ne de l\u2019horlogerie moderne, l\u2019Omega Speedmaster Moonwatch Professional continue de fasciner par sa capacit\u00e9 \u00e0 conjuguer h\u00e9ritage spatial, rigueur technique et intemporalit\u00e9 esth\u00e9tique. Dans cette version 2025 au cadran blanc opalin, rare et tr\u00e8s convoit\u00e9e, la r\u00e9f\u00e9rence 310.30.42.50.04.001 se pr\u00e9sente en \u00e9tat exceptionnel, accompagn\u00e9e de son set complet.<\/p>\n<p data-start=\"452\" data-end=\"912\">On retrouve le l\u00e9gendaire bo\u00eetier asym\u00e9trique de 42 mm en acier satin\u00e9, les poussoirs classiques du chronographe, ainsi que le verre saphir bomb\u00e9 \u00e0 double traitement antireflet. Mais c\u2019est bien ce cadran blanc pur, contrast\u00e9 par des compteurs noirs et des aiguilles anthracite, qui signe l\u2019identit\u00e9 forte de cette d\u00e9clinaison. Surnomm\u00e9e par certains collectionneurs la \u00ab\u00a0Moonwatch Panda\u00a0\u00bb, elle offre une lisibilit\u00e9 optimale et une pr\u00e9sence visuelle saisissante.<\/p>\n<p data-start=\"914\" data-end=\"1236\">Au c\u0153ur de la montre bat le calibre Omega 3861, un mouvement \u00e0 remontage manuel certifi\u00e9 Master Chronometer, garantissant une pr\u00e9cision, une r\u00e9sistance magn\u00e9tique et une fiabilit\u00e9 exceptionnelles. Il perp\u00e9tue l&rsquo;esprit des premi\u00e8res Speedmaster tout en r\u00e9pondant aux standards les plus \u00e9lev\u00e9s de l&rsquo;horlogerie contemporaine.<\/p>\n<p data-start=\"1238\" data-end=\"1543\">Porter cette Moonwatch, c\u2019est faire le lien entre l\u2019aventure spatiale de la NASA \u2013 dont elle reste la seule montre officiellement homologu\u00e9e pour les missions habit\u00e9es \u2013 et une vision contemporaine du style et de la performance. Une pi\u00e8ce qui transcende la fonction de garde-temps pour devenir un symbole.<\/p>\n<p data-start=\"1545\" data-end=\"1814\">Ce mod\u00e8le, propos\u00e9 dans un \u00e9tat proche du neuf, avec bo\u00eete, surbo\u00eete, carte de garantie, pictogrammes et manuel, s\u00e9duira \u00e0 la fois le collectionneur exigeant et l\u2019amateur \u00e9clair\u00e9, en qu\u00eate d\u2019une Speedmaster \u00e0 la fois classique dans son ADN et unique dans son ex\u00e9cution.<\/p>\n<div class=\"ow-collapsible\" data-role=\"collapsible\">\n<div id=\"collapsible-9ee6-f184-690b-b981\" class=\"ow-collapsible__content\" data-role=\"content\"><\/div>\n<\/div>\n<div class=\"ow-collapsible\" data-role=\"collapsible\"><\/div>","protected":false},"excerpt":{"rendered":"<p>White Side of the Moon V\u00e9ritable ic\u00f4ne de l\u2019horlogerie moderne, l\u2019Omega Speedmaster Moonwatch Professional continue de fasciner par sa capacit\u00e9 \u00e0 conjuguer h\u00e9ritage spatial, rigueur technique et intemporalit\u00e9 esth\u00e9tique. Dans cette version 2025 au cadran blanc opalin, rare et tr\u00e8s convoit\u00e9e, la r\u00e9f\u00e9rence 310.30.42.50.04.001 se pr\u00e9sente en \u00e9tat exceptionnel, accompagn\u00e9e de son set complet. On&#8230;<\/p>","protected":false},"featured_media":11792,"template":"","meta":[],"product_cat":[490],"product_tag":[],"class_list":["post-11843","product","type-product","status-publish","has-post-thumbnail","hentry","product_cat-omega"],"_links":{"self":[{"href":"https:\/\/www.house-of-time.be\/en\/wp-json\/wp\/v2\/product\/11843","targetHints":{"allow":["GET"]}}],"collection":[{"href":"https:\/\/www.house-of-time.be\/en\/wp-json\/wp\/v2\/product"}],"about":[{"href":"https:\/\/www.house-of-time.be\/en\/wp-json\/wp\/v2\/types\/product"}],"version-history":[{"count":2,"href":"https:\/\/www.house-of-time.be\/en\/wp-json\/wp\/v2\/product\/11843\/revisions"}],"predecessor-version":[{"id":11846,"href":"https:\/\/www.house-of-time.be\/en\/wp-json\/wp\/v2\/product\/11843\/revisions\/11846"}],"wp:featuredmedia":[{"embeddable":true,"href":"https:\/\/www.house-of-time.be\/en\/wp-json\/wp\/v2\/media\/11792"}],"wp:attachment":[{"href":"https:\/\/www.house-of-time.be\/en\/wp-json\/wp\/v2\/media?parent=11843"}],"wp:term":[{"taxonomy":"product_cat","embeddable":true,"href":"https:\/\/www.house-of-time.be\/en\/wp-json\/wp\/v2\/product_cat?post=11843"},{"taxonomy":"product_tag","embeddable":true,"href":"https:\/\/www.house-of-time.be\/en\/wp-json\/wp\/v2\/product_tag?post=11843"}],"curies":[{"name":"wp","href":"https:\/\/api.w.org\/{rel}","templated":true}]}}