{"id":11848,"date":"2025-08-08T21:33:08","date_gmt":"2025-08-08T19:33:08","guid":{"rendered":"https:\/\/www.house-of-time.be\/?post_type=product&#038;p=11848"},"modified":"2025-08-14T15:36:33","modified_gmt":"2025-08-14T13:36:33","slug":"omega-speedmaster-first-omega-in-space","status":"publish","type":"product","link":"https:\/\/www.house-of-time.be\/en\/product\/omega-speedmaster-first-omega-in-space\/","title":{"rendered":"Omega Speedmaster first Omega in space"},"content":{"rendered":"<ul>\n<li>\n<h3>The Second Generation<\/h3>\n<\/li>\n<\/ul>\n<p>Le 3\u00a0octobre 1962, la Speedmaster CK\u00a02998 est devenue la premi\u00e8re montre OMEGA port\u00e9e dans l&rsquo;espace, lorsque l&rsquo;astronaute Walter Schirra a emport\u00e9 son propre mod\u00e8le lors de la mission Sigma\u00a07 du programme Mercury. Cette version revisit\u00e9e rend hommage \u00e0 la montre pionni\u00e8re et repr\u00e9sente l\u2019interpr\u00e9tation moderne des Speedmaster 2<sup>e<\/sup>\u00a0g\u00e9n\u00e9ration.<\/p>\n<p>Le bo\u00eetier de 39,70\u00a0mm en acier inoxydable poli et satin\u00e9 est mont\u00e9 sur un bracelet \u00ab\u00a0flat links\u00a0\u00bb, dot\u00e9 du syst\u00e8me de r\u00e9glage confort brevet\u00e9 OMEGA. La lunette en aluminium noir est \u00e9quip\u00e9e de la l\u00e9gendaire \u00e9chelle tachym\u00e9trique affichant le c\u00e9l\u00e8bre point au-dessus du chiffre\u00a090.<\/p>\n<p>Sous le tout nouveau verre saphir en forme d&rsquo;h\u00e9salite, le cadran gris-bleu est rev\u00eatu de CVD pour reproduire le ton de certaines montres CK\u00a02998 des ann\u00e9es 1960. Tout comme les index et les aiguilles \u00ab\u00a0Alpha\u00a0\u00bb des heures et des minutes, rev\u00eatues de Super-LumiNova vintage, l&rsquo;aiguille centrale des secondes \u00ab\u00a0b\u00e2ton\u00a0\u00bb est vernie de blanc et assortie aux indications en d\u00e9calque. La montre est dot\u00e9e d&rsquo;un compteur des 30\u00a0minutes \u00e0 3\u00a0heures, d&rsquo;un compteur des 12\u00a0heures \u00e0 6\u00a0heures et d\u2019un compteur de petites secondes \u00e0 9\u00a0heures.<\/p>\n<p>Le cadran est rehauss\u00e9 d&rsquo;un logo OMEGA vintage, ainsi que la couronne, tandis que le fond de bo\u00eete arbore le c\u00e9l\u00e8bre m\u00e9daillon hippocampe et les gravures \u00ab\u00a0THE FIRST OMEGA IN SPACE\u00a0\u00bb et \u00ab\u00a0OCTOBER 3, 1962\u00a0\u00bb.<\/p>\n<p>La montre est anim\u00e9e par le calibre Co-Axial Master Chronometer\u00a03861, la version la plus r\u00e9cente du calibre\u00a0321 qui a accompagn\u00e9 les astronautes dans l&rsquo;espace. Chaque montre est pr\u00e9sent\u00e9e dans un \u00e9crin exclusif avec un d\u00e9pliant \u00ab\u00a0LEGENDARY MOONWATCH\u00a0\u00bb \u00e0 l&rsquo;int\u00e9rieur.<\/p>\n<p data-start=\"1545\" data-end=\"1814\">Ce mod\u00e8le, propos\u00e9 dans un \u00e9tat neuf, avec bo\u00eete, surbo\u00eete, carte de garantie, pictogrammes et manuel, s\u00e9duira \u00e0 la fois le collectionneur exigeant et l\u2019amateur \u00e9clair\u00e9, en qu\u00eate d\u2019une Speedmaster \u00e0 la fois classique dans son ADN et unique dans son ex\u00e9cution.<\/p>\n<div class=\"ow-collapsible\" data-role=\"collapsible\">\n<div id=\"collapsible-9ee6-f184-690b-b981\" class=\"ow-collapsible__content\" data-role=\"content\"><\/div>\n<\/div>\n<div class=\"ow-collapsible\" data-role=\"collapsible\"><\/div>","protected":false},"excerpt":{"rendered":"<p>The Second Generation Le 3\u00a0octobre 1962, la Speedmaster CK\u00a02998 est devenue la premi\u00e8re montre OMEGA port\u00e9e dans l&rsquo;espace, lorsque l&rsquo;astronaute Walter Schirra a emport\u00e9 son propre mod\u00e8le lors de la mission Sigma\u00a07 du programme Mercury. Cette version revisit\u00e9e rend hommage \u00e0 la montre pionni\u00e8re et repr\u00e9sente l\u2019interpr\u00e9tation moderne des Speedmaster 2e\u00a0g\u00e9n\u00e9ration. Le bo\u00eetier de 39,70\u00a0mm&#8230;<\/p>","protected":false},"featured_media":11772,"template":"","meta":[],"product_cat":[490],"product_tag":[],"class_list":["post-11848","product","type-product","status-publish","has-post-thumbnail","hentry","product_cat-omega"],"_links":{"self":[{"href":"https:\/\/www.house-of-time.be\/en\/wp-json\/wp\/v2\/product\/11848","targetHints":{"allow":["GET"]}}],"collection":[{"href":"https:\/\/www.house-of-time.be\/en\/wp-json\/wp\/v2\/product"}],"about":[{"href":"https:\/\/www.house-of-time.be\/en\/wp-json\/wp\/v2\/types\/product"}],"version-history":[{"count":1,"href":"https:\/\/www.house-of-time.be\/en\/wp-json\/wp\/v2\/product\/11848\/revisions"}],"predecessor-version":[{"id":11851,"href":"https:\/\/www.house-of-time.be\/en\/wp-json\/wp\/v2\/product\/11848\/revisions\/11851"}],"wp:featuredmedia":[{"embeddable":true,"href":"https:\/\/www.house-of-time.be\/en\/wp-json\/wp\/v2\/media\/11772"}],"wp:attachment":[{"href":"https:\/\/www.house-of-time.be\/en\/wp-json\/wp\/v2\/media?parent=11848"}],"wp:term":[{"taxonomy":"product_cat","embeddable":true,"href":"https:\/\/www.house-of-time.be\/en\/wp-json\/wp\/v2\/product_cat?post=11848"},{"taxonomy":"product_tag","embeddable":true,"href":"https:\/\/www.house-of-time.be\/en\/wp-json\/wp\/v2\/product_tag?post=11848"}],"curies":[{"name":"wp","href":"https:\/\/api.w.org\/{rel}","templated":true}]}}