{"id":11853,"date":"2025-08-13T17:43:17","date_gmt":"2025-08-13T15:43:17","guid":{"rendered":"https:\/\/www.house-of-time.be\/?post_type=product&#038;p=11853"},"modified":"2025-09-15T18:02:54","modified_gmt":"2025-09-15T16:02:54","slug":"rolex-submariner-date-41-2","status":"publish","type":"product","link":"https:\/\/www.house-of-time.be\/en\/product\/rolex-submariner-date-41-2\/","title":{"rendered":"Rolex Submariner Date 41"},"content":{"rendered":"<ul>\n<li>\n<h3>The Black &amp; Gold Icon<\/h3>\n<\/li>\n<\/ul>\n<p data-start=\"122\" data-end=\"475\">La Rolex Submariner Date r\u00e9f\u00e9rence 126613LN incarne l\u2019\u00e9quilibre parfait entre performance horlog\u00e8re et raffinement intemporel. Pr\u00e9sent\u00e9e en 2020 lors de la mise \u00e0 jour de la gamme Submariner, cette version bicolore associe l\u2019acier Oystersteel \u00e0 l\u2019or jaune 18 ct, dans un contraste sobre et puissant.<\/p>\n<p data-start=\"477\" data-end=\"800\">Son cadran noir laqu\u00e9 profond, ponctu\u00e9 d\u2019index cercl\u00e9s d\u2019or et luminescents Chromalight, assure une lisibilit\u00e9 optimale en toutes circonstances. La lunette tournante unidirectionnelle en c\u00e9ramique Cerachrom noire, grav\u00e9e d\u2019une graduation 60 minutes dor\u00e9e, rappelle l\u2019ADN professionnel de cette montre de plong\u00e9e iconique.<\/p>\n<p data-start=\"802\" data-end=\"1313\">Le bo\u00eetier Oyster de 41 mm, \u00e9tanche jusqu\u2019\u00e0 300 m\u00e8tres, abrite le calibre 3235 \u00e0 remontage automatique, certifi\u00e9 Chronom\u00e8tre Superlatif. Dot\u00e9 d\u2019une r\u00e9serve de marche d\u2019environ 70 heures et d\u2019une fiabilit\u00e9 renforc\u00e9e, il repr\u00e9sente la derni\u00e8re g\u00e9n\u00e9ration de mouvements professionnels Rolex. Le bracelet Oyster, alternant maillons en acier et en or jaune, est \u00e9quip\u00e9 du fermoir de s\u00e9curit\u00e9 Oysterlock et du syst\u00e8me d\u2019extension Glidelock, pour un confort d\u2019ajustement parfait, m\u00eame sur une combinaison de plong\u00e9e.<\/p>\n<p data-start=\"1315\" data-end=\"1496\">Cette Submariner 126613LN est propos\u00e9e avec son set complet d\u2019origine. Un garde-temps \u00e0 l\u2019allure discr\u00e8te mais affirm\u00e9e, pr\u00eat \u00e0 passer de l\u2019oc\u00e9an aux occasions les plus \u00e9l\u00e9gantes.<\/p>","protected":false},"excerpt":{"rendered":"<p>The Black &amp; Gold Icon La Rolex Submariner Date r\u00e9f\u00e9rence 126613LN incarne l\u2019\u00e9quilibre parfait entre performance horlog\u00e8re et raffinement intemporel. Pr\u00e9sent\u00e9e en 2020 lors de la mise \u00e0 jour de la gamme Submariner, cette version bicolore associe l\u2019acier Oystersteel \u00e0 l\u2019or jaune 18 ct, dans un contraste sobre et puissant. Son cadran noir laqu\u00e9 profond,&#8230;<\/p>","protected":false},"featured_media":11854,"template":"","meta":[],"product_cat":[97],"product_tag":[],"class_list":["post-11853","product","type-product","status-publish","has-post-thumbnail","hentry","product_cat-rolex"],"_links":{"self":[{"href":"https:\/\/www.house-of-time.be\/en\/wp-json\/wp\/v2\/product\/11853","targetHints":{"allow":["GET"]}}],"collection":[{"href":"https:\/\/www.house-of-time.be\/en\/wp-json\/wp\/v2\/product"}],"about":[{"href":"https:\/\/www.house-of-time.be\/en\/wp-json\/wp\/v2\/types\/product"}],"version-history":[{"count":1,"href":"https:\/\/www.house-of-time.be\/en\/wp-json\/wp\/v2\/product\/11853\/revisions"}],"predecessor-version":[{"id":11864,"href":"https:\/\/www.house-of-time.be\/en\/wp-json\/wp\/v2\/product\/11853\/revisions\/11864"}],"wp:featuredmedia":[{"embeddable":true,"href":"https:\/\/www.house-of-time.be\/en\/wp-json\/wp\/v2\/media\/11854"}],"wp:attachment":[{"href":"https:\/\/www.house-of-time.be\/en\/wp-json\/wp\/v2\/media?parent=11853"}],"wp:term":[{"taxonomy":"product_cat","embeddable":true,"href":"https:\/\/www.house-of-time.be\/en\/wp-json\/wp\/v2\/product_cat?post=11853"},{"taxonomy":"product_tag","embeddable":true,"href":"https:\/\/www.house-of-time.be\/en\/wp-json\/wp\/v2\/product_tag?post=11853"}],"curies":[{"name":"wp","href":"https:\/\/api.w.org\/{rel}","templated":true}]}}