{"id":11887,"date":"2025-08-14T15:40:43","date_gmt":"2025-08-14T13:40:43","guid":{"rendered":"https:\/\/www.house-of-time.be\/?post_type=product&#038;p=11887"},"modified":"2025-08-19T16:47:34","modified_gmt":"2025-08-19T14:47:34","slug":"rolex-datejust-36-mint","status":"publish","type":"product","link":"https:\/\/www.house-of-time.be\/en\/product\/rolex-datejust-36-mint\/","title":{"rendered":"Rolex Datejust 36 Mint"},"content":{"rendered":"<ul>\n<li>\n<h3>L&rsquo;essence m\u00eame de la Datejust<\/h3>\n<\/li>\n<\/ul>\n<p data-start=\"120\" data-end=\"649\">Cette Datejust 36 mm, r\u00e9f\u00e9rence 126200, incarne l\u2019essence m\u00eame de la marque \u00e0 la couronne. Tout en sobri\u00e9t\u00e9, son bo\u00eetier Oyster en acier s\u2019accompagne de son bracelet assorti et d\u2019une lunette lisse subtilement bomb\u00e9e, en lieu et place de la traditionnelle lunette cannel\u00e9e en or blanc. Cette architecture toute en rondeurs lui conf\u00e8re une \u00e9l\u00e9gance discr\u00e8te mais aussi une remarquable capacit\u00e9 \u00e0 traverser le temps et les usages quotidiens, les courbes offrant une meilleure r\u00e9sistance aux marques de la vie que des ar\u00eates vives.<\/p>\n<p data-start=\"651\" data-end=\"999\">La v\u00e9ritable signature de cet exemplaire r\u00e9side dans son cadran Mint Green, une teinte fra\u00eeche et contemporaine introduite r\u00e9cemment par Rolex, qui apporte une touche de modernit\u00e9 \u00e0 l\u2019iconique Datejust. Cette couleur unique, \u00e0 la fois sobre et lumineuse, souligne l\u2019\u00e9quilibre parfait entre classicisme et innovation qui caract\u00e9rise la collection.<\/p>\n<p data-start=\"1001\" data-end=\"1161\">Datant de 2022, cette pi\u00e8ce se pr\u00e9sente dans un superbe \u00e9tat et est livr\u00e9e avec son full set d\u2019origine, pr\u00eate \u00e0 rejoindre la collection d\u2019un amateur exigeant.<\/p>","protected":false},"excerpt":{"rendered":"<p>L&rsquo;essence m\u00eame de la Datejust Cette Datejust 36 mm, r\u00e9f\u00e9rence 126200, incarne l\u2019essence m\u00eame de la marque \u00e0 la couronne. Tout en sobri\u00e9t\u00e9, son bo\u00eetier Oyster en acier s\u2019accompagne de son bracelet assorti et d\u2019une lunette lisse subtilement bomb\u00e9e, en lieu et place de la traditionnelle lunette cannel\u00e9e en or blanc. Cette architecture toute en&#8230;<\/p>","protected":false},"featured_media":11888,"template":"","meta":[],"product_cat":[97],"product_tag":[],"class_list":["post-11887","product","type-product","status-publish","has-post-thumbnail","hentry","product_cat-rolex"],"_links":{"self":[{"href":"https:\/\/www.house-of-time.be\/en\/wp-json\/wp\/v2\/product\/11887","targetHints":{"allow":["GET"]}}],"collection":[{"href":"https:\/\/www.house-of-time.be\/en\/wp-json\/wp\/v2\/product"}],"about":[{"href":"https:\/\/www.house-of-time.be\/en\/wp-json\/wp\/v2\/types\/product"}],"version-history":[{"count":1,"href":"https:\/\/www.house-of-time.be\/en\/wp-json\/wp\/v2\/product\/11887\/revisions"}],"predecessor-version":[{"id":11897,"href":"https:\/\/www.house-of-time.be\/en\/wp-json\/wp\/v2\/product\/11887\/revisions\/11897"}],"wp:featuredmedia":[{"embeddable":true,"href":"https:\/\/www.house-of-time.be\/en\/wp-json\/wp\/v2\/media\/11888"}],"wp:attachment":[{"href":"https:\/\/www.house-of-time.be\/en\/wp-json\/wp\/v2\/media?parent=11887"}],"wp:term":[{"taxonomy":"product_cat","embeddable":true,"href":"https:\/\/www.house-of-time.be\/en\/wp-json\/wp\/v2\/product_cat?post=11887"},{"taxonomy":"product_tag","embeddable":true,"href":"https:\/\/www.house-of-time.be\/en\/wp-json\/wp\/v2\/product_tag?post=11887"}],"curies":[{"name":"wp","href":"https:\/\/api.w.org\/{rel}","templated":true}]}}