{"id":11898,"date":"2025-08-23T19:19:16","date_gmt":"2025-08-23T17:19:16","guid":{"rendered":"https:\/\/www.house-of-time.be\/?post_type=product&#038;p=11898"},"modified":"2025-09-20T15:43:58","modified_gmt":"2025-09-20T13:43:58","slug":"rolex-gmt-master-ii-bruce-wayne-unworn","status":"publish","type":"product","link":"https:\/\/www.house-of-time.be\/en\/product\/rolex-gmt-master-ii-bruce-wayne-unworn\/","title":{"rendered":"Rolex GMT-Master II \u00ab\u00a0Bruce Wayne\u00a0\u00bb \u00ab\u00a0Unworn\u00a0\u00bb"},"content":{"rendered":"<ul>\n<li>\n<h3>New face<\/h3>\n<\/li>\n<\/ul>\n<p>The Rolex GMT-Master II 126710GRNR, nicknamed \"Bruce Wayne\" in relation to the iconic \"Batman\", embodies the perfect marriage between Rolex's classic elegance and modern innovation. This new colour is intended to replace the old 116710LN which was one of the first GMT-Master II with Cerachrom bezel. The new grey-black insert therefore replaces the all-black, sporting the iconic two-tone characteristic of the GMT-Master bezels. Every detail of this watch is carefully designed to fuse iconic aesthetics, dual time zone functionality and legendary quality.<\/p>\n<p>The stainless steel case is enhanced by the gray and black ceramic bezel, creating a contrast bordering on monochrome. With a diameter of 40 mm, the case of the reference 126710GRNR offers a balanced presence on the wrist, perfectly combining Rolex's iconic design with contemporary dimensions.<\/p>\n<p>The black dial evokes the intense night, harmoniously complementing the two-tone bezel. Luminescent Chromalight indexes and hands ensure perfect readability in all lighting conditions. The bright green GMT hand provides a visual reference for the second time zone.<\/p>\n<p>Inside the case, the Rolex Calibre 3285 automatic movement is the heart that drives the GMT-Master II 126710GRNR. It guarantees remarkable precision and a reliable power reserve, reflecting Rolex's watchmaking expertise in creating high-performance movements.<\/p>\n<p>The Jubilee stainless steel bracelet adds a touch of elegance to this timepiece. The polished and brushed links create a visually appealing play of textures, recalling Rolex's characteristic attention to detail.<\/p>\n<p>As well as displaying local time and the second time zone, the watch is designed to withstand travel and the test of time, thanks to its robustness and 100-metre water resistance.<\/p>\n<p>The Rolex GMT-Master II 126710GRNR \"Bruce Wayne\" on Jubilee bracelet embodies the perfect union between classic style and contemporary performance. It will seduce watch enthusiasts looking for an impeccable fusion of iconic design, travelling functionality and discreet prestige, adding a touch of distinctive character to every moment.<\/p>\n<p>Ce mod\u00e8le de 2025 est dans un \u00e9tat neuf \u00ab\u00a0Jamais port\u00e9\u00a0\u00bb et est accompagn\u00e9 de son \u00ab\u00a0full set\u00a0\u00bb.<\/p>\n<p>&nbsp;<\/p>","protected":false},"excerpt":{"rendered":"<p>Nouveau visage La Rolex GMT-Master II 126710GRNR, surnomm\u00e9e \u00ab\u00a0Bruce Wayne\u00a0\u00bb en rapport \u00e0 l&rsquo;iconique \u00ab\u00a0Batman\u00a0\u00bb, incarne le mariage parfait entre l&rsquo;\u00e9l\u00e9gance classique et l&rsquo;innovation moderne de Rolex. Ce nouveau coloris se veut remplacer l&rsquo;ancienne 116710LN qui \u00e9tait l&rsquo;une des premi\u00e8res GMT-Master II avec lunette Cerachrom. La nouvelle lunette bicolore remplace donc la lunette enti\u00e8rement noire,&#8230;<\/p>","protected":false},"featured_media":11899,"template":"","meta":[],"product_cat":[97],"product_tag":[],"class_list":["post-11898","product","type-product","status-publish","has-post-thumbnail","hentry","product_cat-rolex"],"_links":{"self":[{"href":"https:\/\/www.house-of-time.be\/en\/wp-json\/wp\/v2\/product\/11898","targetHints":{"allow":["GET"]}}],"collection":[{"href":"https:\/\/www.house-of-time.be\/en\/wp-json\/wp\/v2\/product"}],"about":[{"href":"https:\/\/www.house-of-time.be\/en\/wp-json\/wp\/v2\/types\/product"}],"version-history":[{"count":1,"href":"https:\/\/www.house-of-time.be\/en\/wp-json\/wp\/v2\/product\/11898\/revisions"}],"predecessor-version":[{"id":11916,"href":"https:\/\/www.house-of-time.be\/en\/wp-json\/wp\/v2\/product\/11898\/revisions\/11916"}],"wp:featuredmedia":[{"embeddable":true,"href":"https:\/\/www.house-of-time.be\/en\/wp-json\/wp\/v2\/media\/11899"}],"wp:attachment":[{"href":"https:\/\/www.house-of-time.be\/en\/wp-json\/wp\/v2\/media?parent=11898"}],"wp:term":[{"taxonomy":"product_cat","embeddable":true,"href":"https:\/\/www.house-of-time.be\/en\/wp-json\/wp\/v2\/product_cat?post=11898"},{"taxonomy":"product_tag","embeddable":true,"href":"https:\/\/www.house-of-time.be\/en\/wp-json\/wp\/v2\/product_tag?post=11898"}],"curies":[{"name":"wp","href":"https:\/\/api.w.org\/{rel}","templated":true}]}}