{"id":11917,"date":"2025-08-23T19:24:10","date_gmt":"2025-08-23T17:24:10","guid":{"rendered":"https:\/\/www.house-of-time.be\/?post_type=product&#038;p=11917"},"modified":"2025-10-03T11:04:52","modified_gmt":"2025-10-03T09:04:52","slug":"rolex-gmt-master-ii-2","status":"publish","type":"product","link":"https:\/\/www.house-of-time.be\/en\/product\/rolex-gmt-master-ii-2\/","title":{"rendered":"Rolex GMT-Master II"},"content":{"rendered":"<ul>\n<li>\n<h3>Novelty with Vintage Allure<\/h3>\n<\/li>\n<\/ul>\n<p>Presented at Watches &amp; Wonders 2023, this new Rolex GMT-Master II, reference 126713GRNR, introduces a host of new features.<\/p>\n<p>The first, and most striking, is undoubtedly the reintroduction of the Jubilee bracelet in yellow gold and steel to the GMT-Master II range. This combination of materials with this legendary design makes for a set that is just as iconic. Introduced in the 1960s with the first 'Rootbeer' watches, this cult combination has captured the interest of collectors and watch enthusiasts for decades. However, Rolex did not continue to market this bracelet when it switched to Cerachrom models.<\/p>\n<p>Another new feature is the new Cerachrom bezel, which combines black and grey, a colour combination never seen before. These dark colours, combined with the black dial, offer a fabulous contrast to the yellow gold hour-markers and hands, as well as to the other yellow gold elements of the case. A configuration of character that has quickly won over aficionados of the brand with the crown.<\/p>\n<p>Cet exemplaire de septembre 2025 est en superbe \u00e9tat et est accompagn\u00e9 de son \u00ab\u00a0full set\u00a0\u00bb.<\/p>","protected":false},"excerpt":{"rendered":"<p>Nouveaut\u00e9s aux Allures Vintage Pr\u00e9sent\u00e9e \u00e0 Watches &amp; Wonders 2023, cette nouvelle Rolex GMT-Master II r\u00e9f\u00e9rence 126713GRNR, introduit son lot de nouveaut\u00e9s. La premi\u00e8re et la plus marquante, reste sans nul doute la r\u00e9introduction du bracelet Jubilee en or jaune et acier dans la gamme de la GMT-Master II. Cette combinaison de mat\u00e9riaux avec ce&#8230;<\/p>","protected":false},"featured_media":11918,"template":"","meta":[],"product_cat":[97],"product_tag":[],"class_list":["post-11917","product","type-product","status-publish","has-post-thumbnail","hentry","product_cat-rolex"],"_links":{"self":[{"href":"https:\/\/www.house-of-time.be\/en\/wp-json\/wp\/v2\/product\/11917","targetHints":{"allow":["GET"]}}],"collection":[{"href":"https:\/\/www.house-of-time.be\/en\/wp-json\/wp\/v2\/product"}],"about":[{"href":"https:\/\/www.house-of-time.be\/en\/wp-json\/wp\/v2\/types\/product"}],"version-history":[{"count":1,"href":"https:\/\/www.house-of-time.be\/en\/wp-json\/wp\/v2\/product\/11917\/revisions"}],"predecessor-version":[{"id":11938,"href":"https:\/\/www.house-of-time.be\/en\/wp-json\/wp\/v2\/product\/11917\/revisions\/11938"}],"wp:featuredmedia":[{"embeddable":true,"href":"https:\/\/www.house-of-time.be\/en\/wp-json\/wp\/v2\/media\/11918"}],"wp:attachment":[{"href":"https:\/\/www.house-of-time.be\/en\/wp-json\/wp\/v2\/media?parent=11917"}],"wp:term":[{"taxonomy":"product_cat","embeddable":true,"href":"https:\/\/www.house-of-time.be\/en\/wp-json\/wp\/v2\/product_cat?post=11917"},{"taxonomy":"product_tag","embeddable":true,"href":"https:\/\/www.house-of-time.be\/en\/wp-json\/wp\/v2\/product_tag?post=11917"}],"curies":[{"name":"wp","href":"https:\/\/api.w.org\/{rel}","templated":true}]}}