{"id":12060,"date":"2025-09-22T14:05:56","date_gmt":"2025-09-22T12:05:56","guid":{"rendered":"https:\/\/www.house-of-time.be\/?post_type=product&#038;p=12060"},"modified":"2025-10-10T16:07:14","modified_gmt":"2025-10-10T14:07:14","slug":"omega-speedmaster-tintin","status":"publish","type":"product","link":"https:\/\/www.house-of-time.be\/en\/product\/omega-speedmaster-tintin\/","title":{"rendered":"Omega Speedmaster \u00ab\u00a0Tintin\u00a0\u00bb"},"content":{"rendered":"<ul>\n<li>\n<h3>Objectif Lune<\/h3>\n<\/li>\n<\/ul>\n<p data-start=\"382\" data-end=\"785\">Il y a des montres qui deviennent cultes malgr\u00e9 elles. La Speedmaster \u00ab\u00a0Tintin\u00a0\u00bb, r\u00e9f\u00e9rence 311.30.42.30.01.004, en fait partie. Produite entre 2013 et 2016 mais vendue jusqu\u2019en 2018, elle fut initialement con\u00e7ue comme un hommage discret \u00e0 l\u2019univers d\u2019Herg\u00e9, avant de devenir, par un d\u00e9tour du destin et de la communication, l\u2019une des \u00e9ditions les plus intrigantes et recherch\u00e9es de l\u2019univers Speedmaster.<\/p>\n<p data-start=\"787\" data-end=\"1433\">\u00c0 l\u2019origine, Omega envisageait un cadran inspir\u00e9 de la fus\u00e9e lunaire rouge et blanche des <em data-start=\"877\" data-end=\"898\">Aventures de Tintin<\/em>, imagin\u00e9e par Herg\u00e9 dans <em data-start=\"924\" data-end=\"939\">Objectif Lune<\/em> et <em data-start=\"943\" data-end=\"968\">On a march\u00e9 sur la Lune<\/em>. Le projet, jamais officialis\u00e9 par la Fondation Moulinsart, fut abandonn\u00e9 en cours de route mais la production du cadran rouge et blanc avait d\u00e9j\u00e0 \u00e9t\u00e9 lanc\u00e9e. Plut\u00f4t que de d\u00e9truire les exemplaires d\u00e9j\u00e0 fabriqu\u00e9s, Omega d\u00e9cida de les commercialiser discr\u00e8tement, sans mention de Tintin ni storytelling appuy\u00e9. Le r\u00e9sultat : une Speedmaster Professional visuellement unique, au cadran cercl\u00e9 d\u2019un motif rouge et blanc en damier, devenu culte presque par accident.<\/p>\n<p data-start=\"1435\" data-end=\"2029\">Visuellement, cette Speedmaster conserve la configuration classique Moonwatch\u202f: bo\u00eetier asym\u00e9trique de 42 mm en acier, verre h\u00e9salite bomb\u00e9, fond plein grav\u00e9 du c\u00e9l\u00e8bre m\u00e9daillon hippocampe. Mais le cadran noir, encadr\u00e9 par une minuterie rouge vif segment\u00e9e fa\u00e7on drapeau \u00e0 damier, donne une toute autre dimension \u00e0 la montre. L\u2019effet est saisissant, presque racing, sans trahir l\u2019ADN lunaire du mod\u00e8le. Les index appliqu\u00e9s et les aiguilles blanches conservent la rigueur fonctionnelle du chronographe, tandis que le sous-texte \u201cTintin\u201d, jamais mentionn\u00e9, plane comme une \u00e9nigme culturelle.<\/p>\n<p data-start=\"2031\" data-end=\"2344\">\u00c0 l\u2019int\u00e9rieur bat le calibre Omega 1861 \u00e0 remontage manuel, h\u00e9ritier du 861 qui \u00e9quipa les Speedmaster port\u00e9es sur la Lune. Fiable, robuste, fid\u00e8le \u00e0 l\u2019esprit de la NASA, ce mouvement perp\u00e9tue l\u2019histoire de la Speedmaster comme outil d\u2019exploration, m\u00eame lorsqu\u2019elle se pare d\u2019un cadran issu de la bande dessin\u00e9e.<\/p>\n<p data-start=\"2346\" data-end=\"2721\">Propos\u00e9e ici dans un excellent \u00e9tat, dat\u00e9e de 2018, cette \u201cTintin\u201d est accompagn\u00e9e de son set complet d\u2019origine. Peu produite, jamais r\u00e9\u00e9dit\u00e9e, et d\u00e9sormais hors de production, elle est devenue l\u2019une des variantes les plus recherch\u00e9es du catalogue Moonwatch contemporain. Une montre qui intrigue, qui raconte sans expliquer, et qui illustre \u00e0 merveille comment un clin d\u2019\u0153il graphique peut donner naissance \u00e0 une ic\u00f4ne involontaire.<\/p>\n<div class=\"ow-collapsible\" data-role=\"collapsible\">\n<div id=\"collapsible-9ee6-f184-690b-b981\" class=\"ow-collapsible__content\" data-role=\"content\"><\/div>\n<\/div>\n<div class=\"ow-collapsible\" data-role=\"collapsible\"><\/div>","protected":false},"excerpt":{"rendered":"<p>Objectif Lune Il y a des montres qui deviennent cultes malgr\u00e9 elles. La Speedmaster \u00ab\u00a0Tintin\u00a0\u00bb, r\u00e9f\u00e9rence 311.30.42.30.01.004, en fait partie. Produite entre 2013 et 2016 mais vendue jusqu\u2019en 2018, elle fut initialement con\u00e7ue comme un hommage discret \u00e0 l\u2019univers d\u2019Herg\u00e9, avant de devenir, par un d\u00e9tour du destin et de la communication, l\u2019une des \u00e9ditions&#8230;<\/p>","protected":false},"featured_media":12235,"template":"","meta":[],"product_cat":[490],"product_tag":[],"class_list":["post-12060","product","type-product","status-publish","has-post-thumbnail","hentry","product_cat-omega"],"_links":{"self":[{"href":"https:\/\/www.house-of-time.be\/en\/wp-json\/wp\/v2\/product\/12060","targetHints":{"allow":["GET"]}}],"collection":[{"href":"https:\/\/www.house-of-time.be\/en\/wp-json\/wp\/v2\/product"}],"about":[{"href":"https:\/\/www.house-of-time.be\/en\/wp-json\/wp\/v2\/types\/product"}],"version-history":[{"count":2,"href":"https:\/\/www.house-of-time.be\/en\/wp-json\/wp\/v2\/product\/12060\/revisions"}],"predecessor-version":[{"id":12062,"href":"https:\/\/www.house-of-time.be\/en\/wp-json\/wp\/v2\/product\/12060\/revisions\/12062"}],"wp:featuredmedia":[{"embeddable":true,"href":"https:\/\/www.house-of-time.be\/en\/wp-json\/wp\/v2\/media\/12235"}],"wp:attachment":[{"href":"https:\/\/www.house-of-time.be\/en\/wp-json\/wp\/v2\/media?parent=12060"}],"wp:term":[{"taxonomy":"product_cat","embeddable":true,"href":"https:\/\/www.house-of-time.be\/en\/wp-json\/wp\/v2\/product_cat?post=12060"},{"taxonomy":"product_tag","embeddable":true,"href":"https:\/\/www.house-of-time.be\/en\/wp-json\/wp\/v2\/product_tag?post=12060"}],"curies":[{"name":"wp","href":"https:\/\/api.w.org\/{rel}","templated":true}]}}