{"id":12063,"date":"2025-09-22T14:33:39","date_gmt":"2025-09-22T12:33:39","guid":{"rendered":"https:\/\/www.house-of-time.be\/?post_type=product&#038;p=12063"},"modified":"2025-10-10T16:07:20","modified_gmt":"2025-10-10T14:07:20","slug":"tudor-black-bay-68","status":"publish","type":"product","link":"https:\/\/www.house-of-time.be\/en\/product\/tudor-black-bay-68\/","title":{"rendered":"Tudor Black Bay 68"},"content":{"rendered":"<ul>\n<li>\n<h3>Une pr\u00e9sence affirm\u00e9e, un h\u00e9ritage revisit\u00e9<\/h3>\n<\/li>\n<\/ul>\n<p data-start=\"267\" data-end=\"599\">La Black Bay 68 manifeste le d\u00e9sir de Tudor d\u2019\u00e9largir sa gamme tout en restant fid\u00e8le \u00e0 ses racines. Avec cette version acier de 43 mm, calibre manufacture MT5601\u2011U, elle r\u00e9pond \u00e0 une attente : celle de montres plus grandes, plus affirm\u00e9es, sans compromettre la qualit\u00e9 technique et le charme historique.<\/p>\n<p data-start=\"601\" data-end=\"1113\">Le bo\u00eetier acier 43 mm pr\u00e9sente une alternance de surfaces satin\u00e9es et de flancs polis, des cornes massives au style robuste mais ma\u00eetris\u00e9. L\u2019\u00e9paisseur de 13,6 mm se tient bien pour la taille annonc\u00e9e, tandis que le bracelet acier trois maillons avec la boucle \u201cT\u2011fit\u201d combine confort, ajustement rapide et finitions soign\u00e9es. L\u2019\u00e9tanch\u00e9it\u00e9 de 200 m\u00e8tres et la lunette unidirectionnelle avec insert aluminium noir mat rappellent que cette pi\u00e8ce n\u2019est pas seulement esth\u00e9tique, mais pens\u00e9e pour durer et performer.<\/p>\n<p data-start=\"1115\" data-end=\"1513\">Le cadran, d\u00e9clin\u00e9 ici en \u201cTUDOR Blue\u201d soleill\u00e9 et bomb\u00e9, capte la lumi\u00e8re de fa\u00e7on vibrante. Les index appliqu\u00e9s, aiguilles Snowflake emplies de Super\u2011LumiNova offrent une lisibilit\u00e9 imm\u00e9diate, de jour comme de nuit. Le c\u00f4t\u00e9 nostalgique est pr\u00e9serv\u00e9, sans tomber dans la reproduction : pas de faux rivets sur le bracelet, un retour \u00e0 l\u2019essentiel dans l\u2019expression du style.<\/p>\n<p data-start=\"1515\" data-end=\"1865\">Sous le capot, le calibre manufacture MT5601\u2011U impose le respect. Mouvement automatique d\u00e9velopp\u00e9 par Kenissi, certifi\u00e9 COSC et METAS, il offre 70 heures de r\u00e9serve de marche, spiral en silicium, robustesse magn\u00e9tique \u00e9lev\u00e9e. Ce mouvement moderne accompagne la montre avec une fiabilit\u00e9 de haut niveau, correspondant aux standards les plus exigeants.<\/p>\n<p data-start=\"1867\" data-end=\"2099\">En \u00e9tat strictement neuf, ce mod\u00e8le de 2025 est livr\u00e9 avec son set complet d\u2019origine. Cette Black Bay 68 Blue est une proposition rare pour ceux qui souhaitent une montre d\u2019instrument visible, assum\u00e9e, mais finement \u00e9quilibr\u00e9e.<\/p>","protected":false},"excerpt":{"rendered":"<p>Une pr\u00e9sence affirm\u00e9e, un h\u00e9ritage revisit\u00e9 La Black Bay 68 manifeste le d\u00e9sir de Tudor d\u2019\u00e9largir sa gamme tout en restant fid\u00e8le \u00e0 ses racines. Avec cette version acier de 43 mm, calibre manufacture MT5601\u2011U, elle r\u00e9pond \u00e0 une attente : celle de montres plus grandes, plus affirm\u00e9es, sans compromettre la qualit\u00e9 technique et le&#8230;<\/p>","protected":false},"featured_media":12215,"template":"","meta":[],"product_cat":[374],"product_tag":[],"class_list":["post-12063","product","type-product","status-publish","has-post-thumbnail","hentry","product_cat-tudor"],"_links":{"self":[{"href":"https:\/\/www.house-of-time.be\/en\/wp-json\/wp\/v2\/product\/12063","targetHints":{"allow":["GET"]}}],"collection":[{"href":"https:\/\/www.house-of-time.be\/en\/wp-json\/wp\/v2\/product"}],"about":[{"href":"https:\/\/www.house-of-time.be\/en\/wp-json\/wp\/v2\/types\/product"}],"version-history":[{"count":1,"href":"https:\/\/www.house-of-time.be\/en\/wp-json\/wp\/v2\/product\/12063\/revisions"}],"predecessor-version":[{"id":12064,"href":"https:\/\/www.house-of-time.be\/en\/wp-json\/wp\/v2\/product\/12063\/revisions\/12064"}],"wp:featuredmedia":[{"embeddable":true,"href":"https:\/\/www.house-of-time.be\/en\/wp-json\/wp\/v2\/media\/12215"}],"wp:attachment":[{"href":"https:\/\/www.house-of-time.be\/en\/wp-json\/wp\/v2\/media?parent=12063"}],"wp:term":[{"taxonomy":"product_cat","embeddable":true,"href":"https:\/\/www.house-of-time.be\/en\/wp-json\/wp\/v2\/product_cat?post=12063"},{"taxonomy":"product_tag","embeddable":true,"href":"https:\/\/www.house-of-time.be\/en\/wp-json\/wp\/v2\/product_tag?post=12063"}],"curies":[{"name":"wp","href":"https:\/\/api.w.org\/{rel}","templated":true}]}}