{"id":12228,"date":"2025-10-03T15:14:35","date_gmt":"2025-10-03T13:14:35","guid":{"rendered":"https:\/\/www.house-of-time.be\/?post_type=product&#038;p=12228"},"modified":"2025-10-10T16:06:52","modified_gmt":"2025-10-10T14:06:52","slug":"rolex-gmt-master-ii-coke-fat-lady-16760","status":"publish","type":"product","link":"https:\/\/www.house-of-time.be\/en\/product\/rolex-gmt-master-ii-coke-fat-lady-16760\/","title":{"rendered":"Rolex GMT-Master II \u00ab\u00a0Coke\u00a0\u00bb \u00ab\u00a0Fat Lady\u00a0\u00bb 16760"},"content":{"rendered":"<ul>\n<li>\n<h3>La premi\u00e8re GMT-Master II<\/h3>\n<\/li>\n<\/ul>\n<p data-start=\"137\" data-end=\"664\">Certaines montres condensent une transition dans l\u2019histoire horlog\u00e8re, et cette GMT-Master II r\u00e9f\u00e9rence 16760 en est un parfait exemple. Surnomm\u00e9e \u201cCoke\u201d pour sa lunette rouge et noire, \u201cFat Lady\u201d pour son bo\u00eetier plus \u00e9pais, ou encore \u201cSophia Loren\u201d pour sa silhouette sensuelle, elle incarne l\u2019audace technique et stylistique de Rolex dans les ann\u00e9es 1980. Aujourd\u2019hui propos\u00e9e avec bo\u00eete et papiers d\u2019origine, cette pi\u00e8ce est hautement d\u00e9sirable pour les connaisseurs comme pour les amoureux du design professionnel vintage.<\/p>\n<p data-start=\"666\" data-end=\"1100\">Produite uniquement entre 1983 et 1988, la 16760 est la premi\u00e8re Rolex \u00e0 porter l\u2019inscription \u201cGMT-Master II\u201d sur son cadran. Elle introduit une r\u00e9volution fonctionnelle\u202f: un mouvement (le calibre 3085) permettant un r\u00e9glage ind\u00e9pendant de l\u2019aiguille des heures locales, sans interrompre le fonctionnement g\u00e9n\u00e9ral. Cette nouveaut\u00e9 impose un bo\u00eetier plus \u00e9pais et plus large que les g\u00e9n\u00e9rations pr\u00e9c\u00e9dentes, d\u2019o\u00f9 son surnom affectueux.<\/p>\n<p data-start=\"1102\" data-end=\"1613\">Le bo\u00eetier de 40 mm conserve l\u2019esth\u00e9tique embl\u00e9matique des mod\u00e8les professionnels Rolex, avec ses cornes \u00e9paisses, sa couronne prot\u00e9g\u00e9e et une lunette en aluminium bicolore noir et rouge, exclusivement propos\u00e9e sur cette r\u00e9f\u00e9rence \u00e0 l\u2019\u00e9poque. Le verre saphir fait \u00e9galement sa premi\u00e8re apparition dans la collection GMT, de m\u00eame que les index cercl\u00e9s d\u2019or blanc, aujourd\u2019hui devenus la norme. L\u2019ensemble offre une robustesse remarquable pour l\u2019\u00e9poque, mais avec une touche visuelle imm\u00e9diatement reconnaissable.<\/p>\n<p data-start=\"1615\" data-end=\"1956\">Le cadran noir brillant, avec ses inscriptions \u201cOyster Perpetual Date GMT-Master II Superlative Chronometer Officially Certified\u201d, conserve une configuration sobre et lisible, rehauss\u00e9e par les index tritium et l\u2019aiguille 24 heures rouge. Le contraste avec la lunette Coke permet une lecture instantan\u00e9e de l\u2019heure sur deux fuseaux horaires.<\/p>\n<p data-start=\"1958\" data-end=\"2167\">\u00c0 l\u2019int\u00e9rieur, le calibre 3085 \u00e0 remontage automatique offre une r\u00e9serve de marche de 48 heures et une fiabilit\u00e9 \u00e9prouv\u00e9e. Il constitue la base technique de toutes les g\u00e9n\u00e9rations ult\u00e9rieures de GMT-Master II.<\/p>\n<p data-start=\"2169\" data-end=\"2509\">Propos\u00e9e ici dans une configuration rare avec bo\u00eete et papiers d\u2019\u00e9poque, cette 16760 de 1988 repr\u00e9sente bien plus qu\u2019une montre de voyage. Elle marque le point de bascule entre la GMT historique et la vision contemporaine de Rolex. Une pi\u00e8ce de transition devenue culte, \u00e0 la crois\u00e9e des mondes\u202f: entre h\u00e9ritage, modernit\u00e9 et caract\u00e8re bien tremp\u00e9.<\/p>","protected":false},"excerpt":{"rendered":"<p>La premi\u00e8re GMT-Master II Certaines montres condensent une transition dans l\u2019histoire horlog\u00e8re, et cette GMT-Master II r\u00e9f\u00e9rence 16760 en est un parfait exemple. Surnomm\u00e9e \u201cCoke\u201d pour sa lunette rouge et noire, \u201cFat Lady\u201d pour son bo\u00eetier plus \u00e9pais, ou encore \u201cSophia Loren\u201d pour sa silhouette sensuelle, elle incarne l\u2019audace technique et stylistique de Rolex dans&#8230;<\/p>","protected":false},"featured_media":12262,"template":"","meta":[],"product_cat":[97],"product_tag":[],"class_list":["post-12228","product","type-product","status-publish","has-post-thumbnail","hentry","product_cat-rolex"],"_links":{"self":[{"href":"https:\/\/www.house-of-time.be\/en\/wp-json\/wp\/v2\/product\/12228","targetHints":{"allow":["GET"]}}],"collection":[{"href":"https:\/\/www.house-of-time.be\/en\/wp-json\/wp\/v2\/product"}],"about":[{"href":"https:\/\/www.house-of-time.be\/en\/wp-json\/wp\/v2\/types\/product"}],"version-history":[{"count":1,"href":"https:\/\/www.house-of-time.be\/en\/wp-json\/wp\/v2\/product\/12228\/revisions"}],"predecessor-version":[{"id":12249,"href":"https:\/\/www.house-of-time.be\/en\/wp-json\/wp\/v2\/product\/12228\/revisions\/12249"}],"wp:featuredmedia":[{"embeddable":true,"href":"https:\/\/www.house-of-time.be\/en\/wp-json\/wp\/v2\/media\/12262"}],"wp:attachment":[{"href":"https:\/\/www.house-of-time.be\/en\/wp-json\/wp\/v2\/media?parent=12228"}],"wp:term":[{"taxonomy":"product_cat","embeddable":true,"href":"https:\/\/www.house-of-time.be\/en\/wp-json\/wp\/v2\/product_cat?post=12228"},{"taxonomy":"product_tag","embeddable":true,"href":"https:\/\/www.house-of-time.be\/en\/wp-json\/wp\/v2\/product_tag?post=12228"}],"curies":[{"name":"wp","href":"https:\/\/api.w.org\/{rel}","templated":true}]}}