{"id":12229,"date":"2025-10-03T15:15:06","date_gmt":"2025-10-03T13:15:06","guid":{"rendered":"https:\/\/www.house-of-time.be\/?post_type=product&#038;p=12229"},"modified":"2025-10-10T16:06:41","modified_gmt":"2025-10-10T14:06:41","slug":"rolex-submariner-date-126610ln-unworn-2","status":"publish","type":"product","link":"https:\/\/www.house-of-time.be\/en\/product\/rolex-submariner-date-126610ln-unworn-2\/","title":{"rendered":"Rolex Submariner Date 126610LN \u00ab\u00a0Unworn\u00a0\u00bb"},"content":{"rendered":"<ul>\n<li>\n<h3>Retour aux sources<\/h3>\n<\/li>\n<\/ul>\n<p>Cette Submariner avec lunette noir est l&rsquo;apog\u00e9e de la plongeuse iconique en acier. Pilier du catalogue Rolex depuis toujours, la Submariner est le m\u00e9lange parfait de sportivit\u00e9 et de design.<\/p>\n<p>Introduite en 2020 et marquant l&rsquo;arriv\u00e9e du nouveau calibre 3235 avec 70h de r\u00e9serve de marche au lieu de 45h pour la version pr\u00e9c\u00e9dente, la 126610LN arbore une lunette noire avec cadran noir et un profil de cornes plus esth\u00e9tique. Les proportions de la r\u00e9f\u00e9rence 126610LN sont tout simplement superbes, fini les larges cornes de la g\u00e9n\u00e9ration 116610.<\/p>\n<p>A timeless classic that exudes sophistication and style, made from the noblest materials and designed with precision, the Submariner is a true watchmaking icon.<\/p>\n<p>Cette Submariner de 2025 est en \u00e9tat neuf et est accompagn\u00e9e de son \u00ab\u00a0full set\u00a0\u00bb.<\/p>","protected":false},"excerpt":{"rendered":"<p>Retour aux sources Cette Submariner avec lunette noir est l&rsquo;apog\u00e9e de la plongeuse iconique en acier. Pilier du catalogue Rolex depuis toujours, la Submariner est le m\u00e9lange parfait de sportivit\u00e9 et de design. Introduite en 2020 et marquant l&rsquo;arriv\u00e9e du nouveau calibre 3235 avec 70h de r\u00e9serve de marche au lieu de 45h pour la&#8230;<\/p>","protected":false},"featured_media":12199,"template":"","meta":[],"product_cat":[97],"product_tag":[],"class_list":["post-12229","product","type-product","status-publish","has-post-thumbnail","hentry","product_cat-rolex"],"_links":{"self":[{"href":"https:\/\/www.house-of-time.be\/en\/wp-json\/wp\/v2\/product\/12229","targetHints":{"allow":["GET"]}}],"collection":[{"href":"https:\/\/www.house-of-time.be\/en\/wp-json\/wp\/v2\/product"}],"about":[{"href":"https:\/\/www.house-of-time.be\/en\/wp-json\/wp\/v2\/types\/product"}],"version-history":[{"count":1,"href":"https:\/\/www.house-of-time.be\/en\/wp-json\/wp\/v2\/product\/12229\/revisions"}],"predecessor-version":[{"id":12230,"href":"https:\/\/www.house-of-time.be\/en\/wp-json\/wp\/v2\/product\/12229\/revisions\/12230"}],"wp:featuredmedia":[{"embeddable":true,"href":"https:\/\/www.house-of-time.be\/en\/wp-json\/wp\/v2\/media\/12199"}],"wp:attachment":[{"href":"https:\/\/www.house-of-time.be\/en\/wp-json\/wp\/v2\/media?parent=12229"}],"wp:term":[{"taxonomy":"product_cat","embeddable":true,"href":"https:\/\/www.house-of-time.be\/en\/wp-json\/wp\/v2\/product_cat?post=12229"},{"taxonomy":"product_tag","embeddable":true,"href":"https:\/\/www.house-of-time.be\/en\/wp-json\/wp\/v2\/product_tag?post=12229"}],"curies":[{"name":"wp","href":"https:\/\/api.w.org\/{rel}","templated":true}]}}