{"id":12231,"date":"2025-10-03T15:19:00","date_gmt":"2025-10-03T13:19:00","guid":{"rendered":"https:\/\/www.house-of-time.be\/?post_type=product&#038;p=12231"},"modified":"2025-10-15T15:25:27","modified_gmt":"2025-10-15T13:25:27","slug":"cartier-santos-galbee-187901","status":"publish","type":"product","link":"https:\/\/www.house-of-time.be\/en\/product\/cartier-santos-galbee-187901\/","title":{"rendered":"Cartier Santos Galb\u00e9e 187901"},"content":{"rendered":"<ul>\n<li>\n<h3>The last square bezel<\/h3>\n<\/li>\n<\/ul>\n<p data-start=\"133\" data-end=\"507\">La Cartier Santos Galb\u00e9e r\u00e9f\u00e9rence 187901 incarne \u00e0 la perfection l\u2019\u00e9l\u00e9gance classique de la Maison Cartier, tout en conservant l\u2019h\u00e9ritage pionnier de la collection Santos. Inspir\u00e9e du tout premier mod\u00e8le con\u00e7u en 1904 pour l\u2019aviateur br\u00e9silien Alberto Santos-Dumont, cette version illustre la continuit\u00e9 d\u2019un design embl\u00e9matique, subtilement modernis\u00e9 dans les ann\u00e9es 1990.<\/p>\n<p data-start=\"509\" data-end=\"1084\">R\u00e9alis\u00e9e enti\u00e8rement en acier inoxydable, cette Santos Galb\u00e9e arbore un bo\u00eetier harmonieux de 29 mm x 41 mm, au profil galb\u00e9 qui \u00e9pouse naturellement la courbe du poignet. La lunette carr\u00e9e \u00e0 vis apparentes, signature de la ligne Santos, conf\u00e8re \u00e0 l\u2019ensemble une touche sportive et luxueuse. Le cadran argent\u00e9, aux finitions satin\u00e9es soleil, est orn\u00e9 de chiffres romains noirs, d\u2019un chemin de fer minutieusement trac\u00e9 et d\u2019aiguilles bleuies en forme de glaive. La couronne octogonale est sertie d\u2019un spinelle synth\u00e9tique bleu, clin d\u2019\u0153il \u00e0 l\u2019esth\u00e9tique raffin\u00e9e de la maison.<\/p>\n<p data-start=\"1086\" data-end=\"1472\">Cette r\u00e9f\u00e9rence est anim\u00e9e par un mouvement \u00e0 quartz suisse Cartier, r\u00e9put\u00e9 pour sa fiabilit\u00e9 et sa pr\u00e9cision, qui en fait une montre de tous les jours id\u00e9ale, sans compromis sur le style. Le bracelet int\u00e9gr\u00e9 en acier, avec ses maillons vis\u00e9s et sa boucle d\u00e9ployante sign\u00e9e, assure une continuit\u00e9 visuelle parfaite entre la bo\u00eete et le poignet, renfor\u00e7ant l\u2019\u00e9l\u00e9gance fluide de la pi\u00e8ce.<\/p>\n<p data-start=\"1474\" data-end=\"1766\">La r\u00e9f\u00e9rence 187901 est particuli\u00e8rement appr\u00e9ci\u00e9e pour sa fid\u00e9lit\u00e9 au design original de la Santos Galb\u00e9e, avant l\u2019apparition de versions plus modernes aux lignes redessin\u00e9es. Elle incarne l\u2019\u00e9quilibre parfait entre tradition horlog\u00e8re, fonctionnalit\u00e9 contemporaine et intemporalit\u00e9 du style.<\/p>\n<p data-start=\"1768\" data-end=\"2039\">Cet exemplaire est propos\u00e9 en full set, accompagn\u00e9 de sa bo\u00eete Cartier d\u2019origine, de sa carte de garantie, de ses documents complets et de son \u00e9crin de transport.<\/p>","protected":false},"excerpt":{"rendered":"<p>La derni\u00e8re lunette carr\u00e9e La Cartier Santos Galb\u00e9e r\u00e9f\u00e9rence 187901 incarne \u00e0 la perfection l\u2019\u00e9l\u00e9gance classique de la Maison Cartier, tout en conservant l\u2019h\u00e9ritage pionnier de la collection Santos. Inspir\u00e9e du tout premier mod\u00e8le con\u00e7u en 1904 pour l\u2019aviateur br\u00e9silien Alberto Santos-Dumont, cette version illustre la continuit\u00e9 d\u2019un design embl\u00e9matique, subtilement modernis\u00e9 dans les ann\u00e9es&#8230;<\/p>","protected":false},"featured_media":12213,"template":"","meta":[],"product_cat":[276],"product_tag":[],"class_list":["post-12231","product","type-product","status-publish","has-post-thumbnail","hentry","product_cat-cartier"],"_links":{"self":[{"href":"https:\/\/www.house-of-time.be\/en\/wp-json\/wp\/v2\/product\/12231","targetHints":{"allow":["GET"]}}],"collection":[{"href":"https:\/\/www.house-of-time.be\/en\/wp-json\/wp\/v2\/product"}],"about":[{"href":"https:\/\/www.house-of-time.be\/en\/wp-json\/wp\/v2\/types\/product"}],"version-history":[{"count":1,"href":"https:\/\/www.house-of-time.be\/en\/wp-json\/wp\/v2\/product\/12231\/revisions"}],"predecessor-version":[{"id":12232,"href":"https:\/\/www.house-of-time.be\/en\/wp-json\/wp\/v2\/product\/12231\/revisions\/12232"}],"wp:featuredmedia":[{"embeddable":true,"href":"https:\/\/www.house-of-time.be\/en\/wp-json\/wp\/v2\/media\/12213"}],"wp:attachment":[{"href":"https:\/\/www.house-of-time.be\/en\/wp-json\/wp\/v2\/media?parent=12231"}],"wp:term":[{"taxonomy":"product_cat","embeddable":true,"href":"https:\/\/www.house-of-time.be\/en\/wp-json\/wp\/v2\/product_cat?post=12231"},{"taxonomy":"product_tag","embeddable":true,"href":"https:\/\/www.house-of-time.be\/en\/wp-json\/wp\/v2\/product_tag?post=12231"}],"curies":[{"name":"wp","href":"https:\/\/api.w.org\/{rel}","templated":true}]}}