{"id":13101,"date":"2025-12-27T17:53:43","date_gmt":"2025-12-27T16:53:43","guid":{"rendered":"https:\/\/www.house-of-time.be\/?post_type=product&#038;p=13101"},"modified":"2026-02-07T16:34:16","modified_gmt":"2026-02-07T15:34:16","slug":"rolex-datejust-41-wimbledon-unworn","status":"publish","type":"product","link":"https:\/\/www.house-of-time.be\/en\/product\/rolex-datejust-41-wimbledon-unworn\/","title":{"rendered":"Rolex Datejust 41 \u00ab\u00a0Wimbledon\u00a0\u00bb Unworn"},"content":{"rendered":"<ul>\n<li>\n<h3>Une ic\u00f4ne du court<\/h3>\n<\/li>\n<\/ul>\n<p data-start=\"254\" data-end=\"615\">Surnomm\u00e9e \u00ab\u00a0Wimbledon\u00a0\u00bb pour son cadran ardoise rehauss\u00e9 de chiffres romains verts et sa pr\u00e9sence lors du Tournoi de Wimbledon, cette Rolex Datejust 41 r\u00e9f\u00e9rence 126334 incarne une alliance subtile entre tradition horlog\u00e8re et raffinement contemporain. Ce jeu chromatique singulier rend hommage \u00e0 l\u2019un des tournois de tennis les plus prestigieux, tout en conf\u00e9rant \u00e0 la montre une identit\u00e9 visuelle forte.<\/p>\n<p data-start=\"617\" data-end=\"946\">Le bo\u00eetier Oyster de 41 mm en acier Oystersteel est sublim\u00e9 par une lunette cannel\u00e9e en or gris 18 ct, signature intemporelle de la collection Datejust. Le cadran ardoise soleill\u00e9, les chiffres romains noirs et verts et les aiguilles en or blanc avec traitement Chromalight assurent une lisibilit\u00e9 optimale de jour comme de nuit.<\/p>\n<p data-start=\"948\" data-end=\"1148\">Anim\u00e9e par le calibre automatique Rolex 3235, cette montre offre une r\u00e9serve de marche de 70 heures, une pr\u00e9cision chronom\u00e9trique certifi\u00e9e et une r\u00e9sistance renforc\u00e9e aux chocs et champs magn\u00e9tiques.<\/p>\n<p data-start=\"1150\" data-end=\"1298\">Mont\u00e9e sur un bracelet Jubilee \u00e0 cinq mailles avec fermoir Oysterclasp et extension Easylink, elle conjugue confort, souplesse et \u00e9l\u00e9gance discr\u00e8te.<\/p>\n<p data-start=\"1300\" data-end=\"1464\">Propos\u00e9e neuve avec son set complet d\u2019origine, cette Datejust 41 \u00ab\u00a0Wimbledon\u00a0\u00bb de 2025 s\u00e9duira les amateurs de montres iconiques au caract\u00e8re singulier et sport-chic.<\/p>","protected":false},"excerpt":{"rendered":"<p>Une ic\u00f4ne du court Surnomm\u00e9e \u00ab\u00a0Wimbledon\u00a0\u00bb pour son cadran ardoise rehauss\u00e9 de chiffres romains verts et sa pr\u00e9sence lors du Tournoi de Wimbledon, cette Rolex Datejust 41 r\u00e9f\u00e9rence 126334 incarne une alliance subtile entre tradition horlog\u00e8re et raffinement contemporain. Ce jeu chromatique singulier rend hommage \u00e0 l\u2019un des tournois de tennis les plus prestigieux, tout&#8230;<\/p>","protected":false},"featured_media":13092,"template":"","meta":[],"product_cat":[97],"product_tag":[],"class_list":["post-13101","product","type-product","status-publish","has-post-thumbnail","hentry","product_cat-rolex"],"_links":{"self":[{"href":"https:\/\/www.house-of-time.be\/en\/wp-json\/wp\/v2\/product\/13101","targetHints":{"allow":["GET"]}}],"collection":[{"href":"https:\/\/www.house-of-time.be\/en\/wp-json\/wp\/v2\/product"}],"about":[{"href":"https:\/\/www.house-of-time.be\/en\/wp-json\/wp\/v2\/types\/product"}],"version-history":[{"count":3,"href":"https:\/\/www.house-of-time.be\/en\/wp-json\/wp\/v2\/product\/13101\/revisions"}],"predecessor-version":[{"id":13123,"href":"https:\/\/www.house-of-time.be\/en\/wp-json\/wp\/v2\/product\/13101\/revisions\/13123"}],"wp:featuredmedia":[{"embeddable":true,"href":"https:\/\/www.house-of-time.be\/en\/wp-json\/wp\/v2\/media\/13092"}],"wp:attachment":[{"href":"https:\/\/www.house-of-time.be\/en\/wp-json\/wp\/v2\/media?parent=13101"}],"wp:term":[{"taxonomy":"product_cat","embeddable":true,"href":"https:\/\/www.house-of-time.be\/en\/wp-json\/wp\/v2\/product_cat?post=13101"},{"taxonomy":"product_tag","embeddable":true,"href":"https:\/\/www.house-of-time.be\/en\/wp-json\/wp\/v2\/product_tag?post=13101"}],"curies":[{"name":"wp","href":"https:\/\/api.w.org\/{rel}","templated":true}]}}