{"id":13103,"date":"2025-12-27T17:56:14","date_gmt":"2025-12-27T16:56:14","guid":{"rendered":"https:\/\/www.house-of-time.be\/?post_type=product&#038;p=13103"},"modified":"2026-01-02T14:40:46","modified_gmt":"2026-01-02T13:40:46","slug":"omega-speedmaster-moonwatch-professional-3","status":"publish","type":"product","link":"https:\/\/www.house-of-time.be\/en\/product\/omega-speedmaster-moonwatch-professional-3\/","title":{"rendered":"Omega Speedmaster Moonwatch Professional"},"content":{"rendered":"<ul>\n<li>\n<h3>Man on the Moon<\/h3>\n<\/li>\n<\/ul>\n<div class=\"ow-collapsible\" data-role=\"collapsible\">\n<div id=\"collapsible-9ee6-f184-690b-b981\" class=\"ow-collapsible__content\" data-role=\"content\">\n<div class=\"technical-data-value\" data-code=\"description\">\n<p data-start=\"89\" data-end=\"543\">V\u00e9ritable pilier de l\u2019histoire horlog\u00e8re moderne, l\u2019Omega Speedmaster Professional Moonwatch incarne, g\u00e9n\u00e9ration apr\u00e8s g\u00e9n\u00e9ration, une alliance rare entre performance technique, esth\u00e9tique intemporelle et mythe vivant. La r\u00e9f\u00e9rence 310.30.42.50.01.002, ici dans une version 2023 accompagn\u00e9e de son set complet, repr\u00e9sente l\u2019aboutissement d\u2019un savoir-faire respectueux de l\u2019h\u00e9ritage tout en \u00e9tant r\u00e9solument tourn\u00e9 vers l\u2019avenir.<\/p>\n<p data-start=\"545\" data-end=\"1013\">The iconic 42mm asymmetrical stainless steel case is present, paired with a matte black dial featuring luminous hour markers and, most notably, the celebrated \u201csapphire sandwich\u201d crystal that reveals the movement beneath. The hand-wound calibre 3861, certified as a Master Chronometer, marks a major evolution in the Moonwatch lineage. Exceptionally accurate, anti-magnetic and highly reliable, it preserves the essence of manual winding while meeting the most demanding standards of contemporary horology.<\/p>\n<p data-start=\"1015\" data-end=\"1404\">Yet beyond its technical merits, it is the Speedmaster\u2019s historical aura that makes it so distinctive. The only watch officially qualified by NASA for manned space missions, it was worn on the Moon during the Apollo landings. Wearing a Moonwatch is thus to carry a tangible piece of space exploration history, a lasting symbol of courage, precision, and human ingenuity.<\/p>\n<p data-start=\"1406\" data-end=\"1781\">Cet exemplaire de 2023 est dans un tr\u00e8s bon \u00e9tat et est livr\u00e9 avec sa boite et ses papiers d&rsquo;origine. Id\u00e9ale pour un collectionneur averti ou un amateur en qu\u00eate d\u2019un mod\u00e8le embl\u00e9matique \u00e0 la valeur horlog\u00e8re, esth\u00e9tique et patrimoniale incontestable.<\/p>\n<\/div>\n<\/div>\n<\/div>\n<div class=\"ow-collapsible\" data-role=\"collapsible\"><\/div>","protected":false},"excerpt":{"rendered":"<p>Man on the Moon V\u00e9ritable pilier de l\u2019histoire horlog\u00e8re moderne, l\u2019Omega Speedmaster Professional Moonwatch incarne, g\u00e9n\u00e9ration apr\u00e8s g\u00e9n\u00e9ration, une alliance rare entre performance technique, esth\u00e9tique intemporelle et mythe vivant. La r\u00e9f\u00e9rence 310.30.42.50.01.002, ici dans une version 2023 accompagn\u00e9e de son set complet, repr\u00e9sente l\u2019aboutissement d\u2019un savoir-faire respectueux de l\u2019h\u00e9ritage tout en \u00e9tant r\u00e9solument tourn\u00e9 vers&#8230;<\/p>","protected":false},"featured_media":13079,"template":"","meta":[],"product_cat":[490],"product_tag":[],"class_list":["post-13103","product","type-product","status-publish","has-post-thumbnail","hentry","product_cat-omega"],"_links":{"self":[{"href":"https:\/\/www.house-of-time.be\/en\/wp-json\/wp\/v2\/product\/13103","targetHints":{"allow":["GET"]}}],"collection":[{"href":"https:\/\/www.house-of-time.be\/en\/wp-json\/wp\/v2\/product"}],"about":[{"href":"https:\/\/www.house-of-time.be\/en\/wp-json\/wp\/v2\/types\/product"}],"version-history":[{"count":1,"href":"https:\/\/www.house-of-time.be\/en\/wp-json\/wp\/v2\/product\/13103\/revisions"}],"predecessor-version":[{"id":13104,"href":"https:\/\/www.house-of-time.be\/en\/wp-json\/wp\/v2\/product\/13103\/revisions\/13104"}],"wp:featuredmedia":[{"embeddable":true,"href":"https:\/\/www.house-of-time.be\/en\/wp-json\/wp\/v2\/media\/13079"}],"wp:attachment":[{"href":"https:\/\/www.house-of-time.be\/en\/wp-json\/wp\/v2\/media?parent=13103"}],"wp:term":[{"taxonomy":"product_cat","embeddable":true,"href":"https:\/\/www.house-of-time.be\/en\/wp-json\/wp\/v2\/product_cat?post=13103"},{"taxonomy":"product_tag","embeddable":true,"href":"https:\/\/www.house-of-time.be\/en\/wp-json\/wp\/v2\/product_tag?post=13103"}],"curies":[{"name":"wp","href":"https:\/\/api.w.org\/{rel}","templated":true}]}}