{"id":13105,"date":"2025-12-31T16:49:32","date_gmt":"2025-12-31T15:49:32","guid":{"rendered":"https:\/\/www.house-of-time.be\/?post_type=product&#038;p=13105"},"modified":"2026-01-22T12:00:07","modified_gmt":"2026-01-22T11:00:07","slug":"omega-seamaster-diver-300","status":"publish","type":"product","link":"https:\/\/www.house-of-time.be\/en\/product\/omega-seamaster-diver-300\/","title":{"rendered":"Omega Seamaster Diver 300"},"content":{"rendered":"<ul>\n<li>\n<h3>300M<\/h3>\n<\/li>\n<\/ul>\n<div class=\"ow-collapsible\" data-role=\"collapsible\">\n<div id=\"collapsible-3be7-dfb1-e53e-dad5\" class=\"ow-collapsible__content\" data-role=\"content\">\n<div class=\"technical-data-value\" data-code=\"description\">\n<p>La Seamaster Diver 300M est entr\u00e9e dans la l\u00e9gende d\u00e8s son lancement, en 1993. La collection contemporaine met \u00e0 l\u2019honneur son h\u00e9ritage maritime en le conjuguant avec l\u2019innovation et le design d\u2019avant-garde d\u2019OMEGA.<\/p>\n<p>Ce mod\u00e8le de 42\u00a0mm en acier inoxydable est surmont\u00e9 d&rsquo;une lunette en aluminium anodis\u00e9 oxalique noir dot\u00e9e d\u2019une \u00e9chelle de plong\u00e9e en Super-LumiNova blanc.<\/p>\n<p>L&rsquo;aluminium noir est \u00e9galement pr\u00e9sent sur le cadran, d\u00e9cor\u00e9 du motif vagues embl\u00e9matique de la Seamaster Diver grav\u00e9 au laser. Les aiguilles et index squelett\u00e9s sont rhodi\u00e9s et rev\u00eatus de Super-LumiNova blanc, tandis que les autres \u00e9l\u00e9ments, comme le logo OMEGA, sont r\u00e9alis\u00e9s en d\u00e9calque blanc.<\/p>\n<p>La montre est pr\u00e9sent\u00e9e sur un bracelet milanais satin\u00e9 \u00e0 fermoir. Elle est entra\u00een\u00e9e par le calibre OMEGA Co-Axial Master Chronometer\u00a08806, que l\u2019on peut admirer \u00e0 travers le fond en verre saphir.<\/p>\n<\/div>\n<\/div>\n<\/div>","protected":false},"excerpt":{"rendered":"<p>300M La Seamaster Diver 300M est entr\u00e9e dans la l\u00e9gende d\u00e8s son lancement, en 1993. La collection contemporaine met \u00e0 l\u2019honneur son h\u00e9ritage maritime en le conjuguant avec l\u2019innovation et le design d\u2019avant-garde d\u2019OMEGA. Ce mod\u00e8le de 42\u00a0mm en acier inoxydable est surmont\u00e9 d&rsquo;une lunette en aluminium anodis\u00e9 oxalique noir dot\u00e9e d\u2019une \u00e9chelle de plong\u00e9e&#8230;<\/p>","protected":false},"featured_media":13061,"template":"","meta":[],"product_cat":[490],"product_tag":[],"class_list":["post-13105","product","type-product","status-publish","has-post-thumbnail","hentry","product_cat-omega"],"_links":{"self":[{"href":"https:\/\/www.house-of-time.be\/en\/wp-json\/wp\/v2\/product\/13105","targetHints":{"allow":["GET"]}}],"collection":[{"href":"https:\/\/www.house-of-time.be\/en\/wp-json\/wp\/v2\/product"}],"about":[{"href":"https:\/\/www.house-of-time.be\/en\/wp-json\/wp\/v2\/types\/product"}],"version-history":[{"count":1,"href":"https:\/\/www.house-of-time.be\/en\/wp-json\/wp\/v2\/product\/13105\/revisions"}],"predecessor-version":[{"id":13106,"href":"https:\/\/www.house-of-time.be\/en\/wp-json\/wp\/v2\/product\/13105\/revisions\/13106"}],"wp:featuredmedia":[{"embeddable":true,"href":"https:\/\/www.house-of-time.be\/en\/wp-json\/wp\/v2\/media\/13061"}],"wp:attachment":[{"href":"https:\/\/www.house-of-time.be\/en\/wp-json\/wp\/v2\/media?parent=13105"}],"wp:term":[{"taxonomy":"product_cat","embeddable":true,"href":"https:\/\/www.house-of-time.be\/en\/wp-json\/wp\/v2\/product_cat?post=13105"},{"taxonomy":"product_tag","embeddable":true,"href":"https:\/\/www.house-of-time.be\/en\/wp-json\/wp\/v2\/product_tag?post=13105"}],"curies":[{"name":"wp","href":"https:\/\/api.w.org\/{rel}","templated":true}]}}