{"id":13107,"date":"2025-12-31T18:08:35","date_gmt":"2025-12-31T17:08:35","guid":{"rendered":"https:\/\/www.house-of-time.be\/?post_type=product&#038;p=13107"},"modified":"2026-01-22T12:00:58","modified_gmt":"2026-01-22T11:00:58","slug":"rolex-datejust-41-bleu-unworn","status":"publish","type":"product","link":"https:\/\/www.house-of-time.be\/en\/product\/rolex-datejust-41-bleu-unworn\/","title":{"rendered":"Rolex Datejust 41 Bleu \u00ab\u00a0Unworn\u00a0\u00bb"},"content":{"rendered":"<ul>\n<li>\n<h3>Un air de puret\u00e9<\/h3>\n<\/li>\n<\/ul>\n<p>Introduite en 2017 et marquant l&rsquo;arriv\u00e9e du nouveau calibre 3235 avec 70h de r\u00e9serve de marche au lieu de 45h pour la version pr\u00e9c\u00e9dente, la 126300 arbore une lunette plus fine et un profil de cornes plus discret. Les proportions de la r\u00e9f\u00e9rence 126300 sont tout simplement parfaites, nous sommes loin des proportions douteuses de la Datejust II que la 126334 remplace.<\/p>\n<p>Un classique intemporel qui respire la sophistication et le style, fabriqu\u00e9e \u00e0 partir des mat\u00e9riaux les plus nobles et con\u00e7ue avec pr\u00e9cision, la Datejust est une v\u00e9ritable ic\u00f4ne du luxe.<\/p>\n<p>Cette Datejust 41 Bleu bracelet Jubil\u00e9 de 2022 est en \u00e9tat neuf et est accompagn\u00e9e de son \u00ab\u00a0full set\u00a0\u00bb.<\/p>","protected":false},"excerpt":{"rendered":"<p>Un air de puret\u00e9 Introduite en 2017 et marquant l&rsquo;arriv\u00e9e du nouveau calibre 3235 avec 70h de r\u00e9serve de marche au lieu de 45h pour la version pr\u00e9c\u00e9dente, la 126300 arbore une lunette plus fine et un profil de cornes plus discret. Les proportions de la r\u00e9f\u00e9rence 126300 sont tout simplement parfaites, nous sommes loin&#8230;<\/p>","protected":false},"featured_media":13108,"template":"","meta":[],"product_cat":[97],"product_tag":[],"class_list":["post-13107","product","type-product","status-publish","has-post-thumbnail","hentry","product_cat-rolex"],"_links":{"self":[{"href":"https:\/\/www.house-of-time.be\/en\/wp-json\/wp\/v2\/product\/13107","targetHints":{"allow":["GET"]}}],"collection":[{"href":"https:\/\/www.house-of-time.be\/en\/wp-json\/wp\/v2\/product"}],"about":[{"href":"https:\/\/www.house-of-time.be\/en\/wp-json\/wp\/v2\/types\/product"}],"version-history":[{"count":2,"href":"https:\/\/www.house-of-time.be\/en\/wp-json\/wp\/v2\/product\/13107\/revisions"}],"predecessor-version":[{"id":13124,"href":"https:\/\/www.house-of-time.be\/en\/wp-json\/wp\/v2\/product\/13107\/revisions\/13124"}],"wp:featuredmedia":[{"embeddable":true,"href":"https:\/\/www.house-of-time.be\/en\/wp-json\/wp\/v2\/media\/13108"}],"wp:attachment":[{"href":"https:\/\/www.house-of-time.be\/en\/wp-json\/wp\/v2\/media?parent=13107"}],"wp:term":[{"taxonomy":"product_cat","embeddable":true,"href":"https:\/\/www.house-of-time.be\/en\/wp-json\/wp\/v2\/product_cat?post=13107"},{"taxonomy":"product_tag","embeddable":true,"href":"https:\/\/www.house-of-time.be\/en\/wp-json\/wp\/v2\/product_tag?post=13107"}],"curies":[{"name":"wp","href":"https:\/\/api.w.org\/{rel}","templated":true}]}}