{"id":13170,"date":"2026-01-10T18:29:03","date_gmt":"2026-01-10T17:29:03","guid":{"rendered":"https:\/\/www.house-of-time.be\/?post_type=product&#038;p=13170"},"modified":"2026-01-22T11:59:50","modified_gmt":"2026-01-22T10:59:50","slug":"rolex-oyster-perpetual-41-green-unworn","status":"publish","type":"product","link":"https:\/\/www.house-of-time.be\/en\/product\/rolex-oyster-perpetual-41-green-unworn\/","title":{"rendered":"Rolex Oyster Perpetual 41 Green \u00ab\u00a0Unworn\u00a0\u00bb"},"content":{"rendered":"<ul>\n<li>\n<h3>Rolex ramen\u00e9 \u00e0 l&rsquo;essentiel<\/h3>\n<\/li>\n<li class=\"css-1n0jppr ezxx4fu0\">Pour la premi\u00e8re fois r\u00e9alis\u00e9e dans un bo\u00eetier de 41mm de diam\u00e8tre, l\u2019Oyster Perpetual r\u00e9f\u00e9rence 124300 annonce sa sortie en 2020 en offrant un large choix de cadrans. Ce mod\u00e8le ci pr\u00e9sente un cadran vert.<\/li>\n<li class=\"css-1n0jppr ezxx4fu0\">L\u2019une apr\u00e8s l\u2019autre, six couches de laque sont d\u00e9pos\u00e9es sur le disque en laiton, la base du cadran. Puis un verni est appos\u00e9 avant d\u2019\u00eatre poli afin de donner tout son brillant et sa vivacit\u00e9 \u00e0 la couleur. Les diff\u00e9rentes inscriptions sont ensuite tampographi\u00e9es tandis que les index et la couronne sont rivet\u00e9s \u00e0 la main. Miroitant et sans d\u00e9faut, le cadran est alors pr\u00eat \u00e0 \u00eatre mont\u00e9 sur le mouvement lors de l\u2019assemblage de la montre.<br \/>\nCe vert, magnifiquement iconique de la collection Rolex fait de cette Oyster Perpetual 41 une montre sobre mais \u00e0 la fois sportive, qui ram\u00e8ne \u00e0 l&rsquo;essence de la marque, un alliage de simplicit\u00e9, fiabilit\u00e9 et pr\u00e9cision.<\/li>\n<li>Cet exemplaire de 2025 est en \u00e9tat absolument neuf et n\u2019a jamais \u00e9t\u00e9 port\u00e9.<\/li>\n<\/ul>\n<p>&nbsp;<\/p>","protected":false},"excerpt":{"rendered":"<p>Rolex ramen\u00e9 \u00e0 l&rsquo;essentiel Pour la premi\u00e8re fois r\u00e9alis\u00e9e dans un bo\u00eetier de 41mm de diam\u00e8tre, l\u2019Oyster Perpetual r\u00e9f\u00e9rence 124300 annonce sa sortie en 2020 en offrant un large choix de cadrans. Ce mod\u00e8le ci pr\u00e9sente un cadran vert. L\u2019une apr\u00e8s l\u2019autre, six couches de laque sont d\u00e9pos\u00e9es sur le disque en laiton, la base&#8230;<\/p>","protected":false},"featured_media":13195,"template":"","meta":[],"product_cat":[97],"product_tag":[],"class_list":["post-13170","product","type-product","status-publish","has-post-thumbnail","hentry","product_cat-rolex"],"_links":{"self":[{"href":"https:\/\/www.house-of-time.be\/en\/wp-json\/wp\/v2\/product\/13170","targetHints":{"allow":["GET"]}}],"collection":[{"href":"https:\/\/www.house-of-time.be\/en\/wp-json\/wp\/v2\/product"}],"about":[{"href":"https:\/\/www.house-of-time.be\/en\/wp-json\/wp\/v2\/types\/product"}],"version-history":[{"count":1,"href":"https:\/\/www.house-of-time.be\/en\/wp-json\/wp\/v2\/product\/13170\/revisions"}],"predecessor-version":[{"id":13188,"href":"https:\/\/www.house-of-time.be\/en\/wp-json\/wp\/v2\/product\/13170\/revisions\/13188"}],"wp:featuredmedia":[{"embeddable":true,"href":"https:\/\/www.house-of-time.be\/en\/wp-json\/wp\/v2\/media\/13195"}],"wp:attachment":[{"href":"https:\/\/www.house-of-time.be\/en\/wp-json\/wp\/v2\/media?parent=13170"}],"wp:term":[{"taxonomy":"product_cat","embeddable":true,"href":"https:\/\/www.house-of-time.be\/en\/wp-json\/wp\/v2\/product_cat?post=13170"},{"taxonomy":"product_tag","embeddable":true,"href":"https:\/\/www.house-of-time.be\/en\/wp-json\/wp\/v2\/product_tag?post=13170"}],"curies":[{"name":"wp","href":"https:\/\/api.w.org\/{rel}","templated":true}]}}