{"id":13250,"date":"2026-01-15T17:21:26","date_gmt":"2026-01-15T16:21:26","guid":{"rendered":"https:\/\/www.house-of-time.be\/?post_type=product&#038;p=13250"},"modified":"2026-02-07T16:33:55","modified_gmt":"2026-02-07T15:33:55","slug":"rolex-datejust-41-mint-unworn-3","status":"publish","type":"product","link":"https:\/\/www.house-of-time.be\/en\/product\/rolex-datejust-41-mint-unworn-3\/","title":{"rendered":"Rolex Datejust 41 Vert Menthe \u00ab\u00a0Unworn\u00a0\u00bb"},"content":{"rendered":"<ul>\n<li>\n<h3>Fra\u00eecheur menthol\u00e9e<\/h3>\n<\/li>\n<\/ul>\n<p>This 41mm Datejust with fluted bezel, Jubilee and mint green dial is the pinnacle of the modern Datejust. A mainstay of the Rolex catalogue, the Datejust is the perfect blend of elegance and sportiness. This new colour, introduced in March 2022, brings the brand's emblematic colour up to date with a fresh mint hue.<\/p>\n<p>Introduced in 2017 and marking the arrival of the new calibre 3235 with 70h of power reserve instead of 45h for the previous version, the 126334 sports a slimmer bezel and a more discreet lug profile. The proportions of reference 126334 are simply perfect, a far cry from the dubious proportions of the Datejust II that the 126334 replaces.<\/p>\n<p>A timeless classic that exudes sophistication and style, crafted from the finest materials and designed with precision, the Datejust is a true icon of luxury. The mint dial adds a touch of elegance and refinement, while the iconic Jubilee bracelet ensures a comfortable fit.<\/p>\n<p>Cette Datejust 41 vert menthe de 2025 est dans un \u00e9tat neuf est accompagn\u00e9e de son \u00ab\u00a0full set\u00a0\u00bb.<\/p>","protected":false},"excerpt":{"rendered":"<p>Fra\u00eecheur menthol\u00e9e Cette Datejust 41mm, lunette cannel\u00e9e &amp; Jubilee avec cadran vert menthe est l&rsquo;apog\u00e9e de la Datejust moderne. Pilier du catalogue Rolex depuis toujours, la Datejust est le m\u00e9lange parfait de l&rsquo;\u00e9l\u00e9gance et de la sportivit\u00e9. Cette nouvelle couleur introduite en Mars 2022 met la couleur embl\u00e9matique de la marque au gout du jour&#8230;<\/p>","protected":false},"featured_media":13247,"template":"","meta":[],"product_cat":[97],"product_tag":[],"class_list":["post-13250","product","type-product","status-publish","has-post-thumbnail","hentry","product_cat-rolex"],"_links":{"self":[{"href":"https:\/\/www.house-of-time.be\/en\/wp-json\/wp\/v2\/product\/13250","targetHints":{"allow":["GET"]}}],"collection":[{"href":"https:\/\/www.house-of-time.be\/en\/wp-json\/wp\/v2\/product"}],"about":[{"href":"https:\/\/www.house-of-time.be\/en\/wp-json\/wp\/v2\/types\/product"}],"version-history":[{"count":3,"href":"https:\/\/www.house-of-time.be\/en\/wp-json\/wp\/v2\/product\/13250\/revisions"}],"predecessor-version":[{"id":13342,"href":"https:\/\/www.house-of-time.be\/en\/wp-json\/wp\/v2\/product\/13250\/revisions\/13342"}],"wp:featuredmedia":[{"embeddable":true,"href":"https:\/\/www.house-of-time.be\/en\/wp-json\/wp\/v2\/media\/13247"}],"wp:attachment":[{"href":"https:\/\/www.house-of-time.be\/en\/wp-json\/wp\/v2\/media?parent=13250"}],"wp:term":[{"taxonomy":"product_cat","embeddable":true,"href":"https:\/\/www.house-of-time.be\/en\/wp-json\/wp\/v2\/product_cat?post=13250"},{"taxonomy":"product_tag","embeddable":true,"href":"https:\/\/www.house-of-time.be\/en\/wp-json\/wp\/v2\/product_tag?post=13250"}],"curies":[{"name":"wp","href":"https:\/\/api.w.org\/{rel}","templated":true}]}}