{"id":13291,"date":"2026-01-17T13:45:34","date_gmt":"2026-01-17T12:45:34","guid":{"rendered":"https:\/\/www.house-of-time.be\/?post_type=product&#038;p=13291"},"modified":"2026-01-17T13:49:56","modified_gmt":"2026-01-17T12:49:56","slug":"rolex-air-king-2","status":"publish","type":"product","link":"https:\/\/www.house-of-time.be\/en\/product\/rolex-air-king-2\/","title":{"rendered":"Rolex Air-King"},"content":{"rendered":"<ul>\n<li>\n<h3>Bloodhound<\/h3>\n<\/li>\n<\/ul>\n<p>La Rolex Air-King 116900, introduite en 2016, a revitalis\u00e9 la ligne historique Air-King apparue pour la premi\u00e8re fois en 1945. Faisant initialement partie de la s\u00e9rie \u00ab\u00a0Air\u00a0\u00bb en l&rsquo;honneur des pilotes britanniques de la RAF, elle est devenue une collection autonome en 1958. Bien qu&rsquo;abandonn\u00e9e en 2014, l&rsquo;Air-King est revenue avec un nouveau design et des caract\u00e9ristiques avanc\u00e9es.<\/p>\n<p>L&rsquo;Air-King, l&rsquo;un des plus anciens mod\u00e8les de Rolex, a toujours eu une grande importance. Lanc\u00e9e initialement en hommage aux pilotes de la RAF pendant la Seconde Guerre mondiale, elle est ensuite devenue le garde-temps d&rsquo;entr\u00e9e de gamme de Rolex et a acquis une client\u00e8le d\u00e9vou\u00e9e. Sa renaissance en 2016 \u00e0 Baselworld l&rsquo;a r\u00e9introduite en tant que montre abordable inspir\u00e9e de l&rsquo;aviation, se distinguant au sein de la gamme Rolex.<\/p>\n<p>Le mod\u00e8le 116900 est dot\u00e9 d&rsquo;un bo\u00eetier Oyster en acier inoxydable de 40 mm, ce qui repr\u00e9sente une augmentation significative par rapport au bo\u00eetier original de 34 mm, et lui conf\u00e8re une allure sportive et moderne. Ce bo\u00eetier comprend une couronne viss\u00e9e Twinlock, offrant une \u00e9tanch\u00e9it\u00e9 jusqu&rsquo;\u00e0 100 m\u00e8tres, et un bracelet Oyster avec le syst\u00e8me d&rsquo;extension Easylink de 5 mm pour un meilleur confort. Le design du cadran de la nouvelle Air-King, inspir\u00e9 des instruments de la Bloodhound SSC, contraste avec les designs ant\u00e9rieurs, plus simples. Il pr\u00e9sente un fond noir, des chiffres 3-6-9 en or blanc, un triangle lumineux \u00e0 12 heures, des rep\u00e8res blancs pour les minutes et une aiguille verte pour les secondes, ainsi qu&rsquo;un logo Rolex vert et jaune.<\/p>\n<p>En termes de technologie, la 116900 comprend un bouclier interne provenant de la Milgauss, prot\u00e9geant son mouvement des champs magn\u00e9tiques. Elle est anim\u00e9e par le calibre 3131 avec un spiral Parachrom bleu, offrant une r\u00e9serve de marche de 48 heures et une pr\u00e9cision certifi\u00e9e COSC de +2\/-2 secondes par jour.<\/p>\n<p>Cette it\u00e9ration moderne de l&rsquo;Air-King associe la riche histoire de Rolex \u00e0 un design contemporain et \u00e0 une technologie de pointe, ce qui en fait une pi\u00e8ce unique et importante de la collection.<\/p>\n<p>Ce model de 2018 est en tr\u00e8s bon \u00e9tat et est accompagn\u00e9 de son \u00ab\u00a0Full set\u00a0\u00bb.<\/p>","protected":false},"excerpt":{"rendered":"<p>Bloodhound La Rolex Air-King 116900, introduite en 2016, a revitalis\u00e9 la ligne historique Air-King apparue pour la premi\u00e8re fois en 1945. Faisant initialement partie de la s\u00e9rie \u00ab\u00a0Air\u00a0\u00bb en l&rsquo;honneur des pilotes britanniques de la RAF, elle est devenue une collection autonome en 1958. Bien qu&rsquo;abandonn\u00e9e en 2014, l&rsquo;Air-King est revenue avec un nouveau design&#8230;<\/p>","protected":false},"featured_media":7789,"template":"","meta":[],"product_cat":[97],"product_tag":[],"class_list":["post-13291","product","type-product","status-publish","has-post-thumbnail","hentry","product_cat-rolex"],"_links":{"self":[{"href":"https:\/\/www.house-of-time.be\/en\/wp-json\/wp\/v2\/product\/13291","targetHints":{"allow":["GET"]}}],"collection":[{"href":"https:\/\/www.house-of-time.be\/en\/wp-json\/wp\/v2\/product"}],"about":[{"href":"https:\/\/www.house-of-time.be\/en\/wp-json\/wp\/v2\/types\/product"}],"version-history":[{"count":1,"href":"https:\/\/www.house-of-time.be\/en\/wp-json\/wp\/v2\/product\/13291\/revisions"}],"predecessor-version":[{"id":13298,"href":"https:\/\/www.house-of-time.be\/en\/wp-json\/wp\/v2\/product\/13291\/revisions\/13298"}],"wp:featuredmedia":[{"embeddable":true,"href":"https:\/\/www.house-of-time.be\/en\/wp-json\/wp\/v2\/media\/7789"}],"wp:attachment":[{"href":"https:\/\/www.house-of-time.be\/en\/wp-json\/wp\/v2\/media?parent=13291"}],"wp:term":[{"taxonomy":"product_cat","embeddable":true,"href":"https:\/\/www.house-of-time.be\/en\/wp-json\/wp\/v2\/product_cat?post=13291"},{"taxonomy":"product_tag","embeddable":true,"href":"https:\/\/www.house-of-time.be\/en\/wp-json\/wp\/v2\/product_tag?post=13291"}],"curies":[{"name":"wp","href":"https:\/\/api.w.org\/{rel}","templated":true}]}}