{"id":13353,"date":"2026-01-23T10:37:01","date_gmt":"2026-01-23T09:37:01","guid":{"rendered":"https:\/\/www.house-of-time.be\/?post_type=product&#038;p=13353"},"modified":"2026-02-21T12:32:43","modified_gmt":"2026-02-21T11:32:43","slug":"breitling-chronomat-automatic-36-green","status":"publish","type":"product","link":"https:\/\/www.house-of-time.be\/en\/product\/breitling-chronomat-automatic-36-green\/","title":{"rendered":"Breitling Chronomat Automatic 36 Green"},"content":{"rendered":"<ul>\n<li>\n<h3>Retour aux sources<\/h3>\n<\/li>\n<\/ul>\n<p data-start=\"42\" data-end=\"425\">Initialement con\u00e7ue comme une montre technique et instrumentale, la Chronomat a su \u00e9voluer au fil des d\u00e9cennies pour devenir une pi\u00e8ce polyvalente, conjuguant caract\u00e8re sportif et \u00e9l\u00e9gance contemporaine. La Chronomat Automatic 36 en est une interpr\u00e9tation particuli\u00e8rement \u00e9quilibr\u00e9e et actuelle.<\/p>\n<p data-start=\"427\" data-end=\"779\">La r\u00e9f\u00e9rence A10380101L1A1 se distingue par son bo\u00eetier en acier de 36 mm, aux proportions harmonieuses et parfaitement adapt\u00e9es \u00e0 un large \u00e9ventail de poignets. La lunette caract\u00e9ristique, signature historique de la Chronomat, apporte une identit\u00e9 forte \u00e0 la montre tout en conservant une lisibilit\u00e9 et une coh\u00e9rence visuelle remarquables.<\/p>\n<p data-start=\"781\" data-end=\"1184\">Le cadran vert offre une profondeur et une intensit\u00e9 tr\u00e8s actuelles, jouant avec la lumi\u00e8re selon les angles. Les index appliqu\u00e9s et les aiguilles luminescentes assurent une lecture claire, tandis que l\u2019ensemble conserve une esth\u00e9tique \u00e9quilibr\u00e9e, ni trop sportive ni excessivement habill\u00e9e. Cette teinte verte conf\u00e8re \u00e0 la montre une personnalit\u00e9 affirm\u00e9e, tout en restant facile \u00e0 porter au quotidien.<\/p>\n<p data-start=\"1186\" data-end=\"1465\">La montre est anim\u00e9e par le calibre Breitling 10, mouvement automatique certifi\u00e9 chronom\u00e8tre, reconnu pour sa fiabilit\u00e9 et sa pr\u00e9cision. Il offre une r\u00e9serve de marche d\u2019environ 42 heures et s\u2019inscrit parfaitement dans la philosophie de robustesse et de performance de la maison.<\/p>\n<p data-start=\"1467\" data-end=\"1725\">Elle est mont\u00e9e sur le bracelet embl\u00e9matique Rouleaux en acier, \u00e9l\u00e9ment indissociable de la Chronomat depuis les ann\u00e9es 1980. Confortable, fluide et visuellement distinctif, il participe pleinement \u00e0 l\u2019identit\u00e9 du mod\u00e8le et \u00e0 son excellente tenue au poignet.<\/p>\n<p data-start=\"1727\" data-end=\"1947\">Cet exemplaire date de 2021 et est livr\u00e9 en set complet, avec bo\u00eete, surbo\u00eete, papiers et accessoires d\u2019origine. Il se pr\u00e9sente dans un excellent \u00e9tat de conservation, sans d\u00e9faut notable, t\u00e9moignant d\u2019un usage soigneux.<\/p>\n<p data-start=\"1949\" data-end=\"2236\" data-is-last-node=\"\" data-is-only-node=\"\">Au poignet, cette Chronomat Automatic 36 s\u00e9duit par son \u00e9quilibre entre sportivit\u00e9 et \u00e9l\u00e9gance, ainsi que par son confort remarquable. Une Breitling moderne et polyvalente, id\u00e9ale pour un amateur recherchant une montre de caract\u00e8re, fiable et parfaitement ancr\u00e9e dans l\u2019ADN de la marque.<\/p>","protected":false},"excerpt":{"rendered":"<p>Retour aux sources Initialement con\u00e7ue comme une montre technique et instrumentale, la Chronomat a su \u00e9voluer au fil des d\u00e9cennies pour devenir une pi\u00e8ce polyvalente, conjuguant caract\u00e8re sportif et \u00e9l\u00e9gance contemporaine. La Chronomat Automatic 36 en est une interpr\u00e9tation particuli\u00e8rement \u00e9quilibr\u00e9e et actuelle. La r\u00e9f\u00e9rence A10380101L1A1 se distingue par son bo\u00eetier en acier de 36&#8230;<\/p>","protected":false},"featured_media":13644,"template":"","meta":[],"product_cat":[767],"product_tag":[],"class_list":["post-13353","product","type-product","status-publish","has-post-thumbnail","hentry","product_cat-breitling"],"_links":{"self":[{"href":"https:\/\/www.house-of-time.be\/en\/wp-json\/wp\/v2\/product\/13353","targetHints":{"allow":["GET"]}}],"collection":[{"href":"https:\/\/www.house-of-time.be\/en\/wp-json\/wp\/v2\/product"}],"about":[{"href":"https:\/\/www.house-of-time.be\/en\/wp-json\/wp\/v2\/types\/product"}],"version-history":[{"count":2,"href":"https:\/\/www.house-of-time.be\/en\/wp-json\/wp\/v2\/product\/13353\/revisions"}],"predecessor-version":[{"id":13355,"href":"https:\/\/www.house-of-time.be\/en\/wp-json\/wp\/v2\/product\/13353\/revisions\/13355"}],"wp:featuredmedia":[{"embeddable":true,"href":"https:\/\/www.house-of-time.be\/en\/wp-json\/wp\/v2\/media\/13644"}],"wp:attachment":[{"href":"https:\/\/www.house-of-time.be\/en\/wp-json\/wp\/v2\/media?parent=13353"}],"wp:term":[{"taxonomy":"product_cat","embeddable":true,"href":"https:\/\/www.house-of-time.be\/en\/wp-json\/wp\/v2\/product_cat?post=13353"},{"taxonomy":"product_tag","embeddable":true,"href":"https:\/\/www.house-of-time.be\/en\/wp-json\/wp\/v2\/product_tag?post=13353"}],"curies":[{"name":"wp","href":"https:\/\/api.w.org\/{rel}","templated":true}]}}