{"id":13426,"date":"2026-02-18T19:04:08","date_gmt":"2026-02-18T18:04:08","guid":{"rendered":"https:\/\/www.house-of-time.be\/?post_type=product&#038;p=13426"},"modified":"2026-03-05T17:43:44","modified_gmt":"2026-03-05T16:43:44","slug":"rolex-daytona-126500ln-panda-2","status":"publish","type":"product","link":"https:\/\/www.house-of-time.be\/en\/product\/rolex-daytona-126500ln-panda-2\/","title":{"rendered":"Rolex Daytona 126500LN \u00ab\u00a0Panda\u00a0\u00bb"},"content":{"rendered":"<ul>\n<li>\n<h3>Le mod\u00e8le le plus convoit\u00e9 du catalogue<\/h3>\n<\/li>\n<\/ul>\n<p>La Rolex Cosmograph Daytona ne n\u00e9cessite plus aucune introduction, c&rsquo;est fort probablement la montre la plus connue et la plus recherch\u00e9e au monde. Cette r\u00e9f\u00e9rence 126500LN-0001 est cependant encore tr\u00e8s fra\u00eeche sur le march\u00e9, \u00e9tant apparue en 2023.<\/p>\n<p>Following the 116500LN released in 2016, the success of this reference is no coincidence, the Daytona had already risen to the top with the 116520 series. The appearance of the black ceramic bezel has stratospherically propelled the Daytona to make it the most exceptional icon in the modern world of watchmaking. This new 126500LN version brings a more vintage note to the modernism of its predecessor. The most obvious change is the addition of a steel bezel to the contour of the ceramic insert. This modification is directly inspired by the four-digit Daytona. This harmonises perfectly with the return to finer indexes, counters and hands of the Zenith Daytona. An elegant and refined combination that is sure to make an effect.<\/p>\n<p>Ses attributs forment un m\u00e9lange harmonieux qui font d&rsquo;elle le chronographe de sport le plus utilisable et agr\u00e9able a porter. Avec son bo\u00eetier de 40mm qui affiche une \u00e9paisseur contenue de 12,5 mm (extr\u00eamement bien camoufl\u00e9 par le design du bo\u00eetier Oyster) ainsi que son bracelet Oyster avec une nouvelle boucle bien plus performante et ergonomique, la Daytona offre un comfort in\u00e9gal\u00e9 dans sa cat\u00e9gorie.<\/p>\n<p>Le cadran blanc type \u00ab\u00a0Panda\u00a0\u00bb, joliment verni affiche les iconiques compteurs contrast\u00e9s, l&rsquo;association parfaite \u00e0 la lunette Cerachrom en c\u00e9ramique noire faisant de cette Daytona un mod\u00e8le sportif et instantan\u00e9ment reconnaissable.<\/p>\n<p>Ce mod\u00e8le de 2025 est dans un \u00e9tat proche du neuf et est bien s\u00fbr accompagn\u00e9 de son \u00ab\u00a0full set\u00a0\u00bb.<\/p>","protected":false},"excerpt":{"rendered":"<p>Le mod\u00e8le le plus convoit\u00e9 du catalogue La Rolex Cosmograph Daytona ne n\u00e9cessite plus aucune introduction, c&rsquo;est fort probablement la montre la plus connue et la plus recherch\u00e9e au monde. Cette r\u00e9f\u00e9rence 126500LN-0001 est cependant encore tr\u00e8s fra\u00eeche sur le march\u00e9, \u00e9tant apparue en 2023. Succ\u00e9dant \u00e0 la 116500LN sortie en 2016, le succ\u00e8s de&#8230;<\/p>","protected":false},"featured_media":13537,"template":"","meta":[],"product_cat":[97],"product_tag":[],"class_list":["post-13426","product","type-product","status-publish","has-post-thumbnail","hentry","product_cat-rolex"],"_links":{"self":[{"href":"https:\/\/www.house-of-time.be\/en\/wp-json\/wp\/v2\/product\/13426","targetHints":{"allow":["GET"]}}],"collection":[{"href":"https:\/\/www.house-of-time.be\/en\/wp-json\/wp\/v2\/product"}],"about":[{"href":"https:\/\/www.house-of-time.be\/en\/wp-json\/wp\/v2\/types\/product"}],"version-history":[{"count":3,"href":"https:\/\/www.house-of-time.be\/en\/wp-json\/wp\/v2\/product\/13426\/revisions"}],"predecessor-version":[{"id":13531,"href":"https:\/\/www.house-of-time.be\/en\/wp-json\/wp\/v2\/product\/13426\/revisions\/13531"}],"wp:featuredmedia":[{"embeddable":true,"href":"https:\/\/www.house-of-time.be\/en\/wp-json\/wp\/v2\/media\/13537"}],"wp:attachment":[{"href":"https:\/\/www.house-of-time.be\/en\/wp-json\/wp\/v2\/media?parent=13426"}],"wp:term":[{"taxonomy":"product_cat","embeddable":true,"href":"https:\/\/www.house-of-time.be\/en\/wp-json\/wp\/v2\/product_cat?post=13426"},{"taxonomy":"product_tag","embeddable":true,"href":"https:\/\/www.house-of-time.be\/en\/wp-json\/wp\/v2\/product_tag?post=13426"}],"curies":[{"name":"wp","href":"https:\/\/api.w.org\/{rel}","templated":true}]}}