{"id":13560,"date":"2026-02-20T16:14:08","date_gmt":"2026-02-20T15:14:08","guid":{"rendered":"https:\/\/www.house-of-time.be\/?post_type=product&#038;p=13560"},"modified":"2026-03-05T17:46:43","modified_gmt":"2026-03-05T16:46:43","slug":"rolex-land-dweller-40","status":"publish","type":"product","link":"https:\/\/www.house-of-time.be\/en\/product\/rolex-land-dweller-40\/","title":{"rendered":"Rolex Land-Dweller 40"},"content":{"rendered":"<ul>\n<li>\n<h3>Retour vers le futur<\/h3>\n<\/li>\n<\/ul>\n<p data-start=\"42\" data-end=\"405\">Avec la Land-Dweller, <span class=\"hover:entity-accent entity-underline inline cursor-pointer align-baseline\"><span class=\"whitespace-normal\">Rolex<\/span><\/span> ouvre un nouveau chapitre de son histoire contemporaine. Pr\u00e9sent\u00e9e comme une ligne \u00e0 part enti\u00e8re, elle marque une \u00e9volution technique et esth\u00e9tique significative, tout en restant fid\u00e8le aux fondamentaux de la maison genevoise. La r\u00e9f\u00e9rence 127334-0001 en 40 mm en est l\u2019expression la plus embl\u00e9matique.<\/p>\n<p data-start=\"407\" data-end=\"854\">Le bo\u00eetier de 40 mm associe l\u2019Oystersteel \u00e0 une lunette cannel\u00e9e en or gris 18 ct, cr\u00e9ant un \u00e9quilibre subtil entre sportivit\u00e9 et raffinement. Les lignes sont plus anguleuses, plus architectur\u00e9es que sur une Datejust classique, avec une int\u00e9gration particuli\u00e8rement soign\u00e9e du bracelet Flat Jubilee. Ce bracelet redessin\u00e9, \u00e0 maillons plats et larges, conf\u00e8re \u00e0 la montre une identit\u00e9 forte et contemporaine tout en assurant un confort remarquable.<\/p>\n<p data-start=\"856\" data-end=\"1242\">Le cadran pr\u00e9sente une construction travaill\u00e9e, pens\u00e9e pour jouer avec la lumi\u00e8re et souligner le caract\u00e8re technique du mod\u00e8le. Les index appliqu\u00e9s et les aiguilles b\u00e9n\u00e9ficient d\u2019un traitement luminescent assurant une lisibilit\u00e9 optimale. L\u2019ensemble offre une lecture claire, structur\u00e9e et moderne, coh\u00e9rente avec le positionnement in\u00e9dit de la Land-Dweller au sein du catalogue Rolex.<\/p>\n<p data-start=\"1244\" data-end=\"1724\">La 127334-0001 est anim\u00e9e par le calibre Rolex 7135, mouvement automatique de nouvelle g\u00e9n\u00e9ration. Ce calibre introduit l\u2019\u00e9chappement Dynapulse en silicium, con\u00e7u pour am\u00e9liorer l\u2019efficacit\u00e9 \u00e9nerg\u00e9tique et la stabilit\u00e9 chronom\u00e9trique. Battant \u00e0 5 Hz, soit 36 000 alternances par heure, il offre une r\u00e9serve de marche d\u2019environ 66 heures et b\u00e9n\u00e9ficie de la certification Superlative Chronometer, garantissant des performances de haut niveau en mati\u00e8re de pr\u00e9cision et de fiabilit\u00e9.<\/p>\n<p data-start=\"1726\" data-end=\"1923\">Cet exemplaire de 2026 est propos\u00e9 en set complet, avec bo\u00eete, surbo\u00eete, papiers et accessoires d\u2019origine. La montre est strictement neuve, jamais port\u00e9e, et se pr\u00e9sente dans un \u00e9tat irr\u00e9prochable.<\/p>\n<p data-start=\"1925\" data-end=\"2205\" data-is-last-node=\"\" data-is-only-node=\"\">Au poignet, la Land-Dweller 40 affirme une personnalit\u00e9 distincte dans l\u2019univers Rolex. Plus technique, plus contemporaine, elle s\u2019adresse \u00e0 un collectionneur attentif aux \u00e9volutions majeures de la marque et d\u00e9sireux d\u2019acqu\u00e9rir l\u2019une des r\u00e9f\u00e9rences fondatrices d\u2019une nouvelle \u00e8re.<\/p>","protected":false},"excerpt":{"rendered":"<p>Retour vers le futur Avec la Land-Dweller, Rolex ouvre un nouveau chapitre de son histoire contemporaine. Pr\u00e9sent\u00e9e comme une ligne \u00e0 part enti\u00e8re, elle marque une \u00e9volution technique et esth\u00e9tique significative, tout en restant fid\u00e8le aux fondamentaux de la maison genevoise. La r\u00e9f\u00e9rence 127334-0001 en 40 mm en est l\u2019expression la plus embl\u00e9matique. Le bo\u00eetier&#8230;<\/p>","protected":false},"featured_media":13608,"template":"","meta":[],"product_cat":[97],"product_tag":[],"class_list":["post-13560","product","type-product","status-publish","has-post-thumbnail","hentry","product_cat-rolex"],"_links":{"self":[{"href":"https:\/\/www.house-of-time.be\/en\/wp-json\/wp\/v2\/product\/13560","targetHints":{"allow":["GET"]}}],"collection":[{"href":"https:\/\/www.house-of-time.be\/en\/wp-json\/wp\/v2\/product"}],"about":[{"href":"https:\/\/www.house-of-time.be\/en\/wp-json\/wp\/v2\/types\/product"}],"version-history":[{"count":1,"href":"https:\/\/www.house-of-time.be\/en\/wp-json\/wp\/v2\/product\/13560\/revisions"}],"predecessor-version":[{"id":13561,"href":"https:\/\/www.house-of-time.be\/en\/wp-json\/wp\/v2\/product\/13560\/revisions\/13561"}],"wp:featuredmedia":[{"embeddable":true,"href":"https:\/\/www.house-of-time.be\/en\/wp-json\/wp\/v2\/media\/13608"}],"wp:attachment":[{"href":"https:\/\/www.house-of-time.be\/en\/wp-json\/wp\/v2\/media?parent=13560"}],"wp:term":[{"taxonomy":"product_cat","embeddable":true,"href":"https:\/\/www.house-of-time.be\/en\/wp-json\/wp\/v2\/product_cat?post=13560"},{"taxonomy":"product_tag","embeddable":true,"href":"https:\/\/www.house-of-time.be\/en\/wp-json\/wp\/v2\/product_tag?post=13560"}],"curies":[{"name":"wp","href":"https:\/\/api.w.org\/{rel}","templated":true}]}}