{"id":13564,"date":"2026-02-20T16:28:57","date_gmt":"2026-02-20T15:28:57","guid":{"rendered":"https:\/\/www.house-of-time.be\/?post_type=product&#038;p=13564"},"modified":"2026-03-17T16:36:41","modified_gmt":"2026-03-17T15:36:41","slug":"cartier-tank-francaise","status":"publish","type":"product","link":"https:\/\/www.house-of-time.be\/en\/product\/cartier-tank-francaise\/","title":{"rendered":"Cartier Tank Fran\u00e7aise"},"content":{"rendered":"<ul>\n<li>\n<h3>Le chic parisien<\/h3>\n<\/li>\n<\/ul>\n<div>\n<p data-start=\"42\" data-end=\"420\">Introduite dans les ann\u00e9es 1990, la Tank Fran\u00e7aise marque une \u00e9tape importante dans l\u2019\u00e9volution stylistique de <span class=\"hover:entity-accent entity-underline inline cursor-pointer align-baseline\"><span class=\"whitespace-normal\">Cartier, <\/span><\/span>elle modernise la silhouette historique de la Tank en int\u00e9grant le bracelet au bo\u00eetier, cr\u00e9ant une continuit\u00e9 visuelle fluide et architectur\u00e9e. La r\u00e9f\u00e9rence 2465 en acier et or en est l\u2019une des d\u00e9clinaisons les plus \u00e9quilibr\u00e9es.<\/p>\n<p data-start=\"422\" data-end=\"811\">Le bo\u00eetier rectangulaire conserve les codes essentiels de la Tank, avec ses brancards parall\u00e8les et ses lignes nettes, tout en adoptant une construction plus contemporaine. L\u2019association de l\u2019acier et de l\u2019or jaune apporte contraste et chaleur, soulignant les volumes sans alourdir la silhouette. Les finitions alternent surfaces satin\u00e9es et polis d\u00e9licats, fid\u00e8les \u00e0 l\u2019esth\u00e9tique Cartier.<\/p>\n<p data-start=\"813\" data-end=\"1153\">Le cadran couleur ivoire pr\u00e9sente les chiffres romains noirs embl\u00e9matiques de la maison, associ\u00e9s \u00e0 des aiguilles glaive bleuies. La couronne en or sertie d\u2019un cabochon bleu compl\u00e8te l\u2019ensemble avec discr\u00e9tion et coh\u00e9rence. L\u2019\u00e9quilibre graphique est imm\u00e9diatement reconnaissable, \u00e0 la fois classique et intemporel.<\/p>\n<p data-start=\"1155\" data-end=\"1444\">La montre est anim\u00e9e par un mouvement quartz, solution privil\u00e9gi\u00e9e par Cartier pour ce mod\u00e8le afin de pr\u00e9server finesse, fiabilit\u00e9 et simplicit\u00e9 d\u2019usage au quotidien. Ce choix correspond parfaitement \u00e0 la philosophie de la Tank Fran\u00e7aise, pens\u00e9e comme une montre \u00e9l\u00e9gante et fonctionnelle.<\/p>\n<p data-start=\"1446\" data-end=\"1696\">Le bracelet int\u00e9gr\u00e9 en acier et or participe pleinement \u00e0 l\u2019identit\u00e9 du mod\u00e8le. Ses maillons parfaitement ajust\u00e9s assurent un confort remarquable et renforcent la coh\u00e9rence esth\u00e9tique de l\u2019ensemble, donnant \u00e0 la montre une pr\u00e9sence fluide au poignet.<\/p>\n<p data-start=\"1698\" data-end=\"1917\">Cet exemplaire se pr\u00e9sente en excellent \u00e9tat de conservation, avec des lignes nettes et un ensemble homog\u00e8ne. Il est propos\u00e9 montre seule, sans bo\u00eete ni papiers d\u2019origine, configuration fr\u00e9quente pour ce type de mod\u00e8le.<\/p>\n<p data-start=\"1919\" data-end=\"2175\" data-is-last-node=\"\" data-is-only-node=\"\">Au poignet, la Tank Fran\u00e7aise 2465 incarne une \u00e9l\u00e9gance discr\u00e8te et parfaitement ma\u00eetris\u00e9e. Une montre iconique, \u00e0 la fois intemporelle et moderne, qui s\u2019adresse \u00e0 un amateur sensible \u00e0 l\u2019histoire du design horloger et \u00e0 la signature inimitable de Cartier.<\/p>\n<\/div>","protected":false},"excerpt":{"rendered":"<p>Le chic parisien Introduite dans les ann\u00e9es 1990, la Tank Fran\u00e7aise marque une \u00e9tape importante dans l\u2019\u00e9volution stylistique de Cartier, elle modernise la silhouette historique de la Tank en int\u00e9grant le bracelet au bo\u00eetier, cr\u00e9ant une continuit\u00e9 visuelle fluide et architectur\u00e9e. La r\u00e9f\u00e9rence 2465 en acier et or en est l\u2019une des d\u00e9clinaisons les plus&#8230;<\/p>","protected":false},"featured_media":13655,"template":"","meta":[],"product_cat":[276],"product_tag":[],"class_list":["post-13564","product","type-product","status-publish","has-post-thumbnail","hentry","product_cat-cartier"],"_links":{"self":[{"href":"https:\/\/www.house-of-time.be\/en\/wp-json\/wp\/v2\/product\/13564","targetHints":{"allow":["GET"]}}],"collection":[{"href":"https:\/\/www.house-of-time.be\/en\/wp-json\/wp\/v2\/product"}],"about":[{"href":"https:\/\/www.house-of-time.be\/en\/wp-json\/wp\/v2\/types\/product"}],"version-history":[{"count":1,"href":"https:\/\/www.house-of-time.be\/en\/wp-json\/wp\/v2\/product\/13564\/revisions"}],"predecessor-version":[{"id":13565,"href":"https:\/\/www.house-of-time.be\/en\/wp-json\/wp\/v2\/product\/13564\/revisions\/13565"}],"wp:featuredmedia":[{"embeddable":true,"href":"https:\/\/www.house-of-time.be\/en\/wp-json\/wp\/v2\/media\/13655"}],"wp:attachment":[{"href":"https:\/\/www.house-of-time.be\/en\/wp-json\/wp\/v2\/media?parent=13564"}],"wp:term":[{"taxonomy":"product_cat","embeddable":true,"href":"https:\/\/www.house-of-time.be\/en\/wp-json\/wp\/v2\/product_cat?post=13564"},{"taxonomy":"product_tag","embeddable":true,"href":"https:\/\/www.house-of-time.be\/en\/wp-json\/wp\/v2\/product_tag?post=13564"}],"curies":[{"name":"wp","href":"https:\/\/api.w.org\/{rel}","templated":true}]}}