{"id":13583,"date":"2026-02-20T17:12:13","date_gmt":"2026-02-20T16:12:13","guid":{"rendered":"https:\/\/www.house-of-time.be\/?post_type=product&#038;p=13583"},"modified":"2026-03-05T17:47:14","modified_gmt":"2026-03-05T16:47:14","slug":"rolex-datejust-36-motif-cannele","status":"publish","type":"product","link":"https:\/\/www.house-of-time.be\/en\/product\/rolex-datejust-36-motif-cannele\/","title":{"rendered":"Rolex Datejust 36 Motif Cannel\u00e9"},"content":{"rendered":"<ul>\n<li>\n<h3>Cannelure signature<\/h3>\n<\/li>\n<\/ul>\n<p data-start=\"42\" data-end=\"403\">Intemporelle par nature, la Datejust 36 demeure l\u2019expression la plus \u00e9quilibr\u00e9e de l\u2019horlogerie selon <span class=\"hover:entity-accent entity-underline inline cursor-pointer align-baseline\"><span class=\"whitespace-normal\">Rolex, elle<\/span><\/span> \u00e9volue par touches subtiles, int\u00e9grant des variations de mati\u00e8res et de cadrans qui renouvellent le mod\u00e8le sans jamais trahir son identit\u00e9. La r\u00e9f\u00e9rence 126231-0034 en est une illustration particuli\u00e8rement raffin\u00e9e.<\/p>\n<p data-start=\"405\" data-end=\"777\">Cette version associe l\u2019Oystersteel \u00e0 l\u2019or Everose 18 ct, alliage exclusif d\u00e9velopp\u00e9 par Rolex pour pr\u00e9server l\u2019intensit\u00e9 et la stabilit\u00e9 de sa teinte ros\u00e9e dans le temps. La lunette cannel\u00e9e en or Everose capte la lumi\u00e8re avec finesse et dialogue harmonieusement avec les maillons centraux du bracelet Oyster bicolore, conf\u00e9rant \u00e0 la montre une chaleur subtile et contemporaine.<\/p>\n<p data-start=\"779\" data-end=\"1223\">Le cadran argent au motif cannel\u00e9 constitue l\u2019\u00e9l\u00e9ment distinctif de cette configuration. Inspir\u00e9 de la lunette embl\u00e9matique de la Datejust, ce d\u00e9cor en relief cr\u00e9e un jeu de lumi\u00e8re sophistiqu\u00e9, apportant profondeur et texture \u00e0 l\u2019ensemble. Les index appliqu\u00e9s et les aiguilles en or Everose assurent une lisibilit\u00e9 claire et \u00e9quilibr\u00e9e, tandis que la date \u00e0 3 heures, accompagn\u00e9e de la loupe Cyclope, rappelle la fonction fondatrice du mod\u00e8le.<\/p>\n<p data-start=\"1225\" data-end=\"1552\">Au c\u0153ur de la montre bat le calibre Rolex 3235, mouvement automatique de derni\u00e8re g\u00e9n\u00e9ration int\u00e9grant l\u2019\u00e9chappement Chronergy et un spiral Parachrom bleu. Il offre une r\u00e9serve de marche d\u2019environ 70 heures et b\u00e9n\u00e9ficie de la certification Superlative Chronometer, garantissant pr\u00e9cision, fiabilit\u00e9 et performance \u00e0 long terme.<\/p>\n<p data-start=\"1554\" data-end=\"1752\">Le bracelet, parfaitement int\u00e9gr\u00e9 au bo\u00eetier, conjugue confort et \u00e9l\u00e9gance. L\u2019alternance acier et or Everose renforce la coh\u00e9rence esth\u00e9tique de la montre et assure une pr\u00e9sence raffin\u00e9e au poignet.<\/p>\n<p data-start=\"1754\" data-end=\"1970\">Cet exemplaire de 2023 est propos\u00e9 en set complet, avec bo\u00eete, surbo\u00eete, papiers et accessoires d\u2019origine. Il se pr\u00e9sente dans un excellent \u00e9tat de conservation, avec des finitions pr\u00e9serv\u00e9es et un ensemble homog\u00e8ne.<\/p>\n<p data-start=\"1972\" data-end=\"2197\" data-is-last-node=\"\" data-is-only-node=\"\">Au poignet, cette Datejust 36 126231-0034 incarne une forme d\u2019\u00e9l\u00e9gance moderne, subtilement lumineuse. Une Rolex contemporaine, parfaitement \u00e9quilibr\u00e9e, qui conjugue tradition, innovation technique et raffinement des d\u00e9tails.<\/p>","protected":false},"excerpt":{"rendered":"<p>Cannelure signature Intemporelle par nature, la Datejust 36 demeure l\u2019expression la plus \u00e9quilibr\u00e9e de l\u2019horlogerie selon Rolex, elle \u00e9volue par touches subtiles, int\u00e9grant des variations de mati\u00e8res et de cadrans qui renouvellent le mod\u00e8le sans jamais trahir son identit\u00e9. La r\u00e9f\u00e9rence 126231-0034 en est une illustration particuli\u00e8rement raffin\u00e9e. Cette version associe l\u2019Oystersteel \u00e0 l\u2019or Everose&#8230;<\/p>","protected":false},"featured_media":13696,"template":"","meta":[],"product_cat":[97],"product_tag":[],"class_list":["post-13583","product","type-product","status-publish","has-post-thumbnail","hentry","product_cat-rolex"],"_links":{"self":[{"href":"https:\/\/www.house-of-time.be\/en\/wp-json\/wp\/v2\/product\/13583","targetHints":{"allow":["GET"]}}],"collection":[{"href":"https:\/\/www.house-of-time.be\/en\/wp-json\/wp\/v2\/product"}],"about":[{"href":"https:\/\/www.house-of-time.be\/en\/wp-json\/wp\/v2\/types\/product"}],"version-history":[{"count":3,"href":"https:\/\/www.house-of-time.be\/en\/wp-json\/wp\/v2\/product\/13583\/revisions"}],"predecessor-version":[{"id":13660,"href":"https:\/\/www.house-of-time.be\/en\/wp-json\/wp\/v2\/product\/13583\/revisions\/13660"}],"wp:featuredmedia":[{"embeddable":true,"href":"https:\/\/www.house-of-time.be\/en\/wp-json\/wp\/v2\/media\/13696"}],"wp:attachment":[{"href":"https:\/\/www.house-of-time.be\/en\/wp-json\/wp\/v2\/media?parent=13583"}],"wp:term":[{"taxonomy":"product_cat","embeddable":true,"href":"https:\/\/www.house-of-time.be\/en\/wp-json\/wp\/v2\/product_cat?post=13583"},{"taxonomy":"product_tag","embeddable":true,"href":"https:\/\/www.house-of-time.be\/en\/wp-json\/wp\/v2\/product_tag?post=13583"}],"curies":[{"name":"wp","href":"https:\/\/api.w.org\/{rel}","templated":true}]}}