{"id":13901,"date":"2026-03-14T19:44:20","date_gmt":"2026-03-14T18:44:20","guid":{"rendered":"https:\/\/www.house-of-time.be\/?post_type=product&#038;p=13901"},"modified":"2026-04-08T16:22:31","modified_gmt":"2026-04-08T14:22:31","slug":"panerai-luminor-marina-quaranta-pam-1372","status":"publish","type":"product","link":"https:\/\/www.house-of-time.be\/en\/product\/panerai-luminor-marina-quaranta-pam-1372\/","title":{"rendered":"Panerai Luminor Marina Quaranta PAM 1372"},"content":{"rendered":"<ul>\n<li>\n<h3>L\u2019ADN Panerai dans un format maitris\u00e9<\/h3>\n<\/li>\n<\/ul>\n<p data-start=\"0\" data-end=\"396\">Au sein de la collection Panerai, la Luminor Marina incarne l\u2019essence m\u00eame de l\u2019identit\u00e9 de la maison florentine. H\u00e9riti\u00e8re directe des instruments d\u00e9velopp\u00e9s pour la marine italienne au milieu du XXe si\u00e8cle, elle se distingue par son bo\u00eetier coussin embl\u00e9matique et son prot\u00e8ge-couronne \u00e0 levier brevet\u00e9, devenu l\u2019un des \u00e9l\u00e9ments de design les plus reconnaissables de l\u2019horlogerie contemporaine.<\/p>\n<p data-start=\"398\" data-end=\"682\">La Luminor Marina Quaranta, introduite en 2021, marque une \u00e9volution importante de la ligne en proposant un format plus polyvalent. Avec un diam\u00e8tre de 40 mm, elle conserve toute la pr\u00e9sence visuelle et l\u2019ADN Panerai tout en offrant un port\u00e9 plus \u00e9quilibr\u00e9 et accessible au quotidien.<\/p>\n<p data-start=\"684\" data-end=\"1031\">La r\u00e9f\u00e9rence PAM01372 pr\u00e9sente un cadran noir caract\u00e9ristique de la collection, avec grands index et chiffres arabes luminescents garantissant une lisibilit\u00e9 imm\u00e9diate. La petite seconde positionn\u00e9e \u00e0 9 heures, signature historique de la Luminor Marina, apporte \u00e0 l\u2019ensemble son \u00e9quilibre visuel et rappelle la vocation instrumentale de la montre.<\/p>\n<p data-start=\"1033\" data-end=\"1255\">Le bo\u00eetier en acier inoxydable de 40 mm est \u00e9tanche \u00e0 100 m\u00e8tres et conserve le c\u00e9l\u00e8bre prot\u00e8ge-couronne Panerai qui assure la protection et l\u2019\u00e9tanch\u00e9it\u00e9 de la couronne tout en contribuant fortement \u00e0 l\u2019identit\u00e9 du mod\u00e8le.<\/p>\n<p data-start=\"1257\" data-end=\"1551\">La montre est anim\u00e9e par le calibre manufacture Panerai P.900, mouvement automatique offrant une r\u00e9serve de marche d\u2019environ 3 jours. Con\u00e7u pour allier fiabilit\u00e9 et finesse, il permet \u00e0 la montre de conserver des proportions particuli\u00e8rement \u00e9quilibr\u00e9es pour un mod\u00e8le de la collection Luminor.<\/p>\n<p data-start=\"1553\" data-end=\"1698\">Cet exemplaire date de 2025 et se pr\u00e9sente en excellent \u00e9tat. Il est livr\u00e9 en set complet avec bo\u00eete, surbo\u00eete, papiers et accessoires d\u2019origine.<\/p>\n<p data-start=\"1700\" data-end=\"2049\">La montre est mont\u00e9e sur son bracelet alligator noir d\u2019origine avec boucle ardillon Luminor en acier. Elle est \u00e9galement accompagn\u00e9e de deux bracelets Panerai suppl\u00e9mentaires : un bracelet en caoutchouc bleu, un caoutchouc noir et un bracelet textile vert militaire, offrant plusieurs possibilit\u00e9s de port\u00e9 et renfor\u00e7ant la polyvalence de cette Luminor Marina Quaranta.<\/p>\n<p data-start=\"2051\" data-end=\"2295\" data-is-last-node=\"\" data-is-only-node=\"\">Avec son format de 40 mm, son design embl\u00e9matique et ses diff\u00e9rentes options de bracelets, cette PAM01372 propose une interpr\u00e9tation contemporaine et particuli\u00e8rement adaptable de la Luminor, fid\u00e8le \u00e0 l\u2019esprit fonctionnel et sportif de Panerai.<\/p>","protected":false},"excerpt":{"rendered":"<p>L\u2019ADN Panerai dans un format maitris\u00e9 Au sein de la collection Panerai, la Luminor Marina incarne l\u2019essence m\u00eame de l\u2019identit\u00e9 de la maison florentine. H\u00e9riti\u00e8re directe des instruments d\u00e9velopp\u00e9s pour la marine italienne au milieu du XXe si\u00e8cle, elle se distingue par son bo\u00eetier coussin embl\u00e9matique et son prot\u00e8ge-couronne \u00e0 levier brevet\u00e9, devenu l\u2019un des&#8230;<\/p>","protected":false},"featured_media":14358,"template":"","meta":[],"product_cat":[1042],"product_tag":[],"class_list":["post-13901","product","type-product","status-publish","has-post-thumbnail","hentry","product_cat-panerai"],"_links":{"self":[{"href":"https:\/\/www.house-of-time.be\/en\/wp-json\/wp\/v2\/product\/13901","targetHints":{"allow":["GET"]}}],"collection":[{"href":"https:\/\/www.house-of-time.be\/en\/wp-json\/wp\/v2\/product"}],"about":[{"href":"https:\/\/www.house-of-time.be\/en\/wp-json\/wp\/v2\/types\/product"}],"version-history":[{"count":1,"href":"https:\/\/www.house-of-time.be\/en\/wp-json\/wp\/v2\/product\/13901\/revisions"}],"predecessor-version":[{"id":13902,"href":"https:\/\/www.house-of-time.be\/en\/wp-json\/wp\/v2\/product\/13901\/revisions\/13902"}],"wp:featuredmedia":[{"embeddable":true,"href":"https:\/\/www.house-of-time.be\/en\/wp-json\/wp\/v2\/media\/14358"}],"wp:attachment":[{"href":"https:\/\/www.house-of-time.be\/en\/wp-json\/wp\/v2\/media?parent=13901"}],"wp:term":[{"taxonomy":"product_cat","embeddable":true,"href":"https:\/\/www.house-of-time.be\/en\/wp-json\/wp\/v2\/product_cat?post=13901"},{"taxonomy":"product_tag","embeddable":true,"href":"https:\/\/www.house-of-time.be\/en\/wp-json\/wp\/v2\/product_tag?post=13901"}],"curies":[{"name":"wp","href":"https:\/\/api.w.org\/{rel}","templated":true}]}}