{"id":14245,"date":"2026-04-03T18:21:51","date_gmt":"2026-04-03T16:21:51","guid":{"rendered":"https:\/\/www.house-of-time.be\/?post_type=product&#038;p=14245"},"modified":"2026-04-04T11:08:38","modified_gmt":"2026-04-04T09:08:38","slug":"audemars-piguet-royal-oak-chronographe-bleu-2","status":"publish","type":"product","link":"https:\/\/www.house-of-time.be\/en\/product\/audemars-piguet-royal-oak-chronographe-bleu-2\/","title":{"rendered":"Audemars Piguet Royal Oak Chronograph Blue"},"content":{"rendered":"<ul>\n<li>\n<h3>First In-House Chronographe<\/h3>\n<\/li>\n<\/ul>\n<div class=\"group w-full text-gray-800 dark:text-gray-100 border-b border-black\/10 dark:border-gray-900\/50 bg-gray-50 dark:bg-[#444654]\">\n<div class=\"text-base gap-4 md:gap-6 md:max-w-2xl lg:max-w-xl xl:max-w-3xl p-4 md:py-6 flex lg:px-0 m-auto\">\n<div class=\"relative flex w-[calc(100%-50px)] flex-col gap-1 md:gap-3 lg:w-[calc(100%-115px)]\">\n<div class=\"flex flex-grow flex-col gap-3\">\n<div class=\"min-h-[20px] flex flex-col items-start gap-4 whitespace-pre-wrap\">\n<div class=\"markdown prose w-full break-words dark:prose-invert light\">\n<p data-start=\"202\" data-end=\"626\">A modern expression of a watchmaking classic, the Royal Oak Chronograph 41 mm reference 26240ST.OO.1320ST.05 embodies the full aesthetic and technical expertise of Audemars Piguet. Introduced in 2022 following the Royal Oak\u2019s 50th anniversary, this version offers a refined yet contemporary take, featuring a deep blue \u201cGrande Tapisserie\u201d dial.<\/p>\n<p data-start=\"628\" data-end=\"993\">The 41 mm stainless steel case preserves the iconic proportions of the collection while introducing improved ergonomics, most notably in the integrated bracelet, which now offers a more fluid and comfortable fit. The signature finishing is exemplary, alternating between satin-brushed surfaces and polished bevels that define the Royal Oak's unmistakable character.<\/p>\n<p data-start=\"995\" data-end=\"1481\">At its heart ticks the calibre 4401, an in-house automatic flyback chronograph movement entirely developed and manufactured by Audemars Piguet. It delivers outstanding precision, a 70-hour power reserve, and the convenience of a flyback function, allowing the chronograph to be reset and restarted instantly without stopping. Through the sapphire caseback, the movement reveals a modern architecture with a column wheel and a beautifully finished 22-carat pink gold oscillating weight.<\/p>\n<p data-start=\"1483\" data-end=\"1775\">Offered in very good condition and accompanied by its full original set, this 2024 Royal Oak Chronograph is a highly coveted piece that bridges tradition and innovation, crafted for discerning collectors of contemporary fine watchmaking.<\/p>\n<\/div>\n<\/div>\n<\/div>\n<\/div>\n<\/div>\n<\/div>","protected":false},"excerpt":{"rendered":"<p><strong>La Premi\u00e8re Royal Oak Interm\u00e9diaire<\/strong><\/p>\n<p>Royal Oak 4100SA, mesurant 35,5 mm de diam\u00e8tre, ce mod\u00e8le de taille interm\u00e9diaire conserve toutes les qualit\u00e9s de l&rsquo;iconique Jumbo, mais dans un format plus petit et surtout plus adapt\u00e9 \u00e0 son \u00e9poque. Cet exemplaire fabriqu\u00e9 d&rsquo;or jaune et d&rsquo;acier, une combinaison qui s&rsquo;harmonise parfaitement avec le design de la Royal Oak de mani\u00e8re \u00e0 accentuer la construction du bo\u00eetier et du bracelet. Les parties en or mettent en valeur les composants cl\u00e9s tels que la lunette et les entre mailles du bracelet tout en apportant des tons chauds et des contrastes int\u00e9ressants au cadran gris Micro Tapisserie. Bien que ses dimensions de 35,5 mm sugg\u00e8rent quelque chose de plut\u00f4t modeste, la conception de la Royal Oak et sa construction de bracelet int\u00e9gr\u00e9 lui conf\u00e8rent une pr\u00e9sence beaucoup plus marqu\u00e9e au poignet. Se rapprochant au port\u00e9 d&rsquo;un diam\u00e8tre de 36,5 \u00e0 37 mm.<\/p>\n<p>Launched in 1977, the Royal Oak 4100 is also known as the Royal Oak III in the AP archives as it is the third model in this family, after the legendary 5402 and 8638 (29 mm).<\/p>\n<p>&nbsp;<\/p>\n<table class=\"woocommerce-product-attributes shop_attributes\">\n<tbody>\n<tr class=\"woocommerce-product-attributes-item woocommerce-product-attributes-item--attribute_pa_reference\">\n<th class=\"woocommerce-product-attributes-item__label\">Reference<\/th>\n<td class=\"woocommerce-product-attributes-item__value\">4100SA<\/td>\n<\/tr>\n<tr class=\"woocommerce-product-attributes-item woocommerce-product-attributes-item--attribute_pa_annee\">\n<th class=\"woocommerce-product-attributes-item__label\">Year<\/th>\n<td class=\"woocommerce-product-attributes-item__value\">Circa 1980<\/td>\n<\/tr>\n<tr class=\"woocommerce-product-attributes-item woocommerce-product-attributes-item--attribute_pa_boitier\">\n<th class=\"woocommerce-product-attributes-item__label\">Case<\/th>\n<td class=\"woocommerce-product-attributes-item__value\">Steel &amp; yellow gold 35,5mm<\/td>\n<\/tr>\n<tr class=\"woocommerce-product-attributes-item woocommerce-product-attributes-item--attribute_pa_cadran\">\n<th class=\"woocommerce-product-attributes-item__label\">Dial<\/th>\n<td class=\"woocommerce-product-attributes-item__value\">Micro Tapisserie grise \u00ab\u00a0small font\u00a0\u00bb<\/td>\n<\/tr>\n<tr class=\"woocommerce-product-attributes-item woocommerce-product-attributes-item--attribute_pa_bracelet\">\n<th class=\"woocommerce-product-attributes-item__label\">Bracelet<\/th>\n<td class=\"woocommerce-product-attributes-item__value\">Steel &amp; yellow gold with deployant clasp<\/td>\n<\/tr>\n<tr class=\"woocommerce-product-attributes-item woocommerce-product-attributes-item--attribute_pa_authenticite\">\n<th class=\"woocommerce-product-attributes-item__label\">Accessories<\/th>\n<td class=\"woocommerce-product-attributes-item__value\">AP service box<\/td>\n<\/tr>\n<\/tbody>\n<\/table>\n<p>&nbsp;<\/p>","protected":false},"featured_media":14296,"template":"","meta":[],"product_cat":[98],"product_tag":[],"class_list":["post-14245","product","type-product","status-publish","has-post-thumbnail","hentry","product_cat-audemars-piguet"],"_links":{"self":[{"href":"https:\/\/www.house-of-time.be\/en\/wp-json\/wp\/v2\/product\/14245","targetHints":{"allow":["GET"]}}],"collection":[{"href":"https:\/\/www.house-of-time.be\/en\/wp-json\/wp\/v2\/product"}],"about":[{"href":"https:\/\/www.house-of-time.be\/en\/wp-json\/wp\/v2\/types\/product"}],"version-history":[{"count":1,"href":"https:\/\/www.house-of-time.be\/en\/wp-json\/wp\/v2\/product\/14245\/revisions"}],"predecessor-version":[{"id":14246,"href":"https:\/\/www.house-of-time.be\/en\/wp-json\/wp\/v2\/product\/14245\/revisions\/14246"}],"wp:featuredmedia":[{"embeddable":true,"href":"https:\/\/www.house-of-time.be\/en\/wp-json\/wp\/v2\/media\/14296"}],"wp:attachment":[{"href":"https:\/\/www.house-of-time.be\/en\/wp-json\/wp\/v2\/media?parent=14245"}],"wp:term":[{"taxonomy":"product_cat","embeddable":true,"href":"https:\/\/www.house-of-time.be\/en\/wp-json\/wp\/v2\/product_cat?post=14245"},{"taxonomy":"product_tag","embeddable":true,"href":"https:\/\/www.house-of-time.be\/en\/wp-json\/wp\/v2\/product_tag?post=14245"}],"curies":[{"name":"wp","href":"https:\/\/api.w.org\/{rel}","templated":true}]}}