{"id":14276,"date":"2026-04-03T18:43:33","date_gmt":"2026-04-03T16:43:33","guid":{"rendered":"https:\/\/www.house-of-time.be\/?post_type=product&#038;p=14276"},"modified":"2026-04-03T18:54:01","modified_gmt":"2026-04-03T16:54:01","slug":"rolex-day-date-40-ombree-unworn","status":"publish","type":"product","link":"https:\/\/www.house-of-time.be\/en\/product\/rolex-day-date-40-ombree-unworn\/","title":{"rendered":"Rolex Day-Date 40 Ombr\u00e9e \u00ab\u00a0Unworn\u00a0\u00bb"},"content":{"rendered":"<ul>\n<li>\n<h3><u>Ombr\u00e9e<\/u><\/h3>\n<\/li>\n<li>\n<p data-start=\"226\" data-end=\"656\">V\u00e9ritable sommet de l\u2019\u00e9l\u00e9gance horlog\u00e8re, la Rolex Day-Date 40 r\u00e9f. 225235-0055 s\u2019impose comme l\u2019expression la plus aboutie du prestige selon Rolex. R\u00e9alis\u00e9e int\u00e9gralement en or Everose 18 ct, alliage exclusif d\u00e9velopp\u00e9 par la manufacture, elle se distingue par son bo\u00eetier de 40 mm aux proportions parfaitement ma\u00eetris\u00e9es, sublim\u00e9 par la lunette cannel\u00e9e embl\u00e9matique et le bracelet President, signature absolue de la collection.<\/p>\n<p data-start=\"658\" data-end=\"1179\">Le cadran ombr\u00e9 conf\u00e8re \u00e0 cette pi\u00e8ce une pr\u00e9sence singuli\u00e8re et r\u00e9solument contemporaine. Sa teinte, plus claire en son centre et progressivement assombrie vers l\u2019ext\u00e9rieur, cr\u00e9e un effet de profondeur subtil et captivant. Ce d\u00e9grad\u00e9 ma\u00eetris\u00e9 met en valeur les index appliqu\u00e9s ainsi que les aiguilles, tout en apportant une lecture nuanc\u00e9e et vivante selon la lumi\u00e8re. L\u2019affichage du jour \u00e0 midi et de la date \u00e0 3 heures, agrandie par la loupe Cyclope, conserve toute la lisibilit\u00e9 et l\u2019identit\u00e9 iconique de la Day-Date.<\/p>\n<p data-start=\"1181\" data-end=\"1550\">La montre est anim\u00e9e par le calibre automatique 3255, l\u2019un des mouvements les plus aboutis de Rolex. Il offre une r\u00e9serve de marche d\u2019environ 70 heures, une pr\u00e9cision chronom\u00e9trique de haut niveau certifi\u00e9e Superlative Chronometer, ainsi qu\u2019une robustesse remarquable gr\u00e2ce aux innovations propres \u00e0 la marque. L\u2019ensemble garantit une fiabilit\u00e9 exemplaire au quotidien.<\/p>\n<p data-start=\"1552\" data-end=\"1815\">Pr\u00e9sent\u00e9 ici dans un \u00e9tat neuf, cet exemplaire est propos\u00e9 en set complet avec bo\u00eete, papiers et accessoires d\u2019origine. Cette Day-Date 40 dans sa configuration ombr\u00e9e incarne une \u00e9volution esth\u00e9tique forte, alliant tradition et modernit\u00e9 avec une grande justesse.<\/p>\n<p data-start=\"1817\" data-end=\"2086\" data-is-last-node=\"\" data-is-only-node=\"\">Au poignet, elle se distingue par son \u00e9quilibre rare entre puissance visuelle et sophistication. Une pi\u00e8ce de caract\u00e8re, destin\u00e9e \u00e0 un amateur averti recherchant une Day-Date \u00e0 la fois iconique et r\u00e9solument diff\u00e9rente, port\u00e9e par une ex\u00e9cution horlog\u00e8re irr\u00e9prochable.<\/p>\n<\/li>\n<\/ul>\n<p>&nbsp;<\/p>","protected":false},"excerpt":{"rendered":"<p><strong>Baguettes &amp; Chocolate<\/strong><\/p>\n<ul>\n<li>Representing the pinnacle of the Rolex range, the Day-Date has been an icon of the brand since its introduction in 1956. This 40mm diameter version in \"Everose\" rose gold is the ideal modern incarnation of this iconic model. This example features a chocolate sunburst dial set with ten baguette-cut diamonds, the ultimate in elegance and style when it comes to gem setting on a Rolex.<\/li>\n<li>This example from 2023 is in absolutely new condition and has never been worn.<\/li>\n<\/ul>\n<p>&nbsp;<\/p>\n<table class=\"woocommerce-product-attributes shop_attributes\">\n<tbody>\n<tr class=\"woocommerce-product-attributes-item woocommerce-product-attributes-item--attribute_pa_reference\">\n<th class=\"woocommerce-product-attributes-item__label\">Reference<\/th>\n<td class=\"woocommerce-product-attributes-item__value\">228235<\/td>\n<\/tr>\n<tr class=\"woocommerce-product-attributes-item woocommerce-product-attributes-item--attribute_pa_annee\">\n<th class=\"woocommerce-product-attributes-item__label\">Year<\/th>\n<td class=\"woocommerce-product-attributes-item__value\">2023<\/td>\n<\/tr>\n<tr class=\"woocommerce-product-attributes-item woocommerce-product-attributes-item--attribute_pa_boitier\">\n<th class=\"woocommerce-product-attributes-item__label\">Case<\/th>\n<td class=\"woocommerce-product-attributes-item__value\">Acier 41mm, Or rose \u00ab\u00a0Everose\u00a0\u00bb 40mm<\/td>\n<\/tr>\n<tr class=\"woocommerce-product-attributes-item woocommerce-product-attributes-item--attribute_pa_cadran\">\n<th class=\"woocommerce-product-attributes-item__label\">Dial<\/th>\n<td class=\"woocommerce-product-attributes-item__value\">Chocolate with baguette cut diamonds<\/td>\n<\/tr>\n<tr class=\"woocommerce-product-attributes-item woocommerce-product-attributes-item--attribute_pa_mouvement\">\n<th class=\"woocommerce-product-attributes-item__label\">Movement<\/th>\n<td class=\"woocommerce-product-attributes-item__value\">Calibre 3255<\/td>\n<\/tr>\n<tr class=\"woocommerce-product-attributes-item woocommerce-product-attributes-item--attribute_pa_bracelet\">\n<th class=\"woocommerce-product-attributes-item__label\">Bracelet<\/th>\n<td class=\"woocommerce-product-attributes-item__value\">President Everose<\/td>\n<\/tr>\n<tr class=\"woocommerce-product-attributes-item woocommerce-product-attributes-item--attribute_pa_authenticite\">\n<th class=\"woocommerce-product-attributes-item__label\">Accessories<\/th>\n<td class=\"woocommerce-product-attributes-item__value\">Carte de garantie d&rsquo;origine, livrets, tag, bo\u00eete et contre bo\u00eete<\/td>\n<\/tr>\n<\/tbody>\n<\/table>","protected":false},"featured_media":14287,"template":"","meta":[],"product_cat":[97],"product_tag":[],"class_list":["post-14276","product","type-product","status-publish","has-post-thumbnail","hentry","product_cat-rolex"],"_links":{"self":[{"href":"https:\/\/www.house-of-time.be\/en\/wp-json\/wp\/v2\/product\/14276","targetHints":{"allow":["GET"]}}],"collection":[{"href":"https:\/\/www.house-of-time.be\/en\/wp-json\/wp\/v2\/product"}],"about":[{"href":"https:\/\/www.house-of-time.be\/en\/wp-json\/wp\/v2\/types\/product"}],"version-history":[{"count":1,"href":"https:\/\/www.house-of-time.be\/en\/wp-json\/wp\/v2\/product\/14276\/revisions"}],"predecessor-version":[{"id":14295,"href":"https:\/\/www.house-of-time.be\/en\/wp-json\/wp\/v2\/product\/14276\/revisions\/14295"}],"wp:featuredmedia":[{"embeddable":true,"href":"https:\/\/www.house-of-time.be\/en\/wp-json\/wp\/v2\/media\/14287"}],"wp:attachment":[{"href":"https:\/\/www.house-of-time.be\/en\/wp-json\/wp\/v2\/media?parent=14276"}],"wp:term":[{"taxonomy":"product_cat","embeddable":true,"href":"https:\/\/www.house-of-time.be\/en\/wp-json\/wp\/v2\/product_cat?post=14276"},{"taxonomy":"product_tag","embeddable":true,"href":"https:\/\/www.house-of-time.be\/en\/wp-json\/wp\/v2\/product_tag?post=14276"}],"curies":[{"name":"wp","href":"https:\/\/api.w.org\/{rel}","templated":true}]}}