{"id":14300,"date":"2026-04-04T15:56:27","date_gmt":"2026-04-04T13:56:27","guid":{"rendered":"https:\/\/www.house-of-time.be\/?post_type=product&#038;p=14300"},"modified":"2026-04-04T16:00:22","modified_gmt":"2026-04-04T14:00:22","slug":"rolex-gmt-master-ii-pepsi-8","status":"publish","type":"product","link":"https:\/\/www.house-of-time.be\/en\/product\/rolex-gmt-master-ii-pepsi-8\/","title":{"rendered":"Rolex GMT-Master II \u00ab\u00a0Pepsi\u00a0\u00bb"},"content":{"rendered":"<ul>\n<li>\n<h3>The modern Pan-Am icon<\/h3>\n<\/li>\n<\/ul>\n<p>The Rolex GMT-Master II, reference 126710BLRO, affectionately known as \"Pepsi\", is an exceptional timepiece with a rich history that embodies the spirit of adventure and exploration.<\/p>\n<p>The GMT-Master range was first introduced in 1954 in collaboration with Pan American Airways. Designed for professional pilots, the GMT-Master enabled them to follow two time zones simultaneously, an essential feature when navigating through several international destinations. The original model, reference 6542, featured a red and blue bakelite bezel, laying the foundations for the iconic Pepsi colour palette.<\/p>\n<p>Our reference 126710BLRO, demonstrates Rolex's commitment to innovation and timeless design. Released in 2018, this model features a 904L steel Oyster case and bracelet (from 2021), paired with the iconic red and blue ceramic Pepsi bezel. The red and blue ceramic insert is not only a nod to the GMT-Master's aeronautical roots, but also illustrates Rolex's mastery of materials engineering, offering exceptional durability and colour retention.<\/p>\n<p>The watch is equipped with the Rolex calibre 3285, a movement that has set the industry standard for precision and reliability. The GMT function allows the wearer to track two time zones simultaneously, making it an essential tool for travellers and professionals alike.<\/p>\n<p>Embarquez pour un voyage avec ce tr\u00e9sor horloger qui transcende les fuseaux horaires et incarne l&rsquo;essence du savoir-faire in\u00e9gal\u00e9 de Rolex. Cet exemplaire de 2024 est en tr\u00e8s bon \u00e9tat et est accompagn\u00e9 de son \u00ab\u00a0full set\u00a0\u00bb.<\/p>","protected":false},"excerpt":{"rendered":"<p>L&rsquo;ic\u00f4ne Pan-Am moderne La Rolex GMT-Master II, r\u00e9f\u00e9rence 126710BLRO, affectueusement connue sous le nom de \u00a0\u00bb Pepsi \u00ab\u00a0, est un garde-temps exceptionnel qui porte en lui une histoire riche qui incarne l&rsquo;esprit d&rsquo;aventure et d&rsquo;exploration. La gamme GMT-Master a \u00e9t\u00e9 initialement introduite en 1954 en collaboration avec Pan American Airways. Con\u00e7ue pour les pilotes professionnels,&#8230;<\/p>","protected":false},"featured_media":14320,"template":"","meta":[],"product_cat":[97],"product_tag":[],"class_list":["post-14300","product","type-product","status-publish","has-post-thumbnail","hentry","product_cat-rolex"],"_links":{"self":[{"href":"https:\/\/www.house-of-time.be\/en\/wp-json\/wp\/v2\/product\/14300","targetHints":{"allow":["GET"]}}],"collection":[{"href":"https:\/\/www.house-of-time.be\/en\/wp-json\/wp\/v2\/product"}],"about":[{"href":"https:\/\/www.house-of-time.be\/en\/wp-json\/wp\/v2\/types\/product"}],"version-history":[{"count":1,"href":"https:\/\/www.house-of-time.be\/en\/wp-json\/wp\/v2\/product\/14300\/revisions"}],"predecessor-version":[{"id":14321,"href":"https:\/\/www.house-of-time.be\/en\/wp-json\/wp\/v2\/product\/14300\/revisions\/14321"}],"wp:featuredmedia":[{"embeddable":true,"href":"https:\/\/www.house-of-time.be\/en\/wp-json\/wp\/v2\/media\/14320"}],"wp:attachment":[{"href":"https:\/\/www.house-of-time.be\/en\/wp-json\/wp\/v2\/media?parent=14300"}],"wp:term":[{"taxonomy":"product_cat","embeddable":true,"href":"https:\/\/www.house-of-time.be\/en\/wp-json\/wp\/v2\/product_cat?post=14300"},{"taxonomy":"product_tag","embeddable":true,"href":"https:\/\/www.house-of-time.be\/en\/wp-json\/wp\/v2\/product_tag?post=14300"}],"curies":[{"name":"wp","href":"https:\/\/api.w.org\/{rel}","templated":true}]}}