{"id":14361,"date":"2026-04-08T16:43:14","date_gmt":"2026-04-08T14:43:14","guid":{"rendered":"https:\/\/www.house-of-time.be\/?post_type=product&#038;p=14361"},"modified":"2026-04-08T17:04:28","modified_gmt":"2026-04-08T15:04:28","slug":"panerai-luminor-chrono-pam01110","status":"publish","type":"product","link":"https:\/\/www.house-of-time.be\/en\/product\/panerai-luminor-chrono-pam01110\/","title":{"rendered":"Panerai Luminor Chrono PAM01110"},"content":{"rendered":"<ul>\n<li>\n<h3>L\u2019essence de Panerai<\/h3>\n<\/li>\n<\/ul>\n<p data-start=\"0\" data-end=\"318\">La PAM01110 incarne une vision contemporaine de la Luminor, fid\u00e8le aux codes historiques de la maison tout en affirmant une personnalit\u00e9 plus moderne, notamment \u00e0 travers son cadran bleu profond et sa configuration sur bracelet acier. Une pi\u00e8ce pens\u00e9e pour conjuguer esth\u00e9tique, robustesse et polyvalence au quotidien.<\/p>\n<p data-start=\"320\" data-end=\"671\">Le bo\u00eetier Luminor en acier conserve les lignes embl\u00e9matiques de la collection, avec sa carrure coussin et son prot\u00e8ge-couronne brevet\u00e9, v\u00e9ritable signature Panerai. Ses proportions assurent une pr\u00e9sence affirm\u00e9e au poignet, tandis que la finition alterne subtilement surfaces polies et satin\u00e9es, renfor\u00e7ant son caract\u00e8re \u00e0 la fois sportif et \u00e9l\u00e9gant.<\/p>\n<p data-start=\"673\" data-end=\"1030\">Le cadran bleu apporte une dimension plus contemporaine et raffin\u00e9e \u00e0 l\u2019ensemble. Il reprend les codes de lisibilit\u00e9 propres \u00e0 Panerai avec ses larges index et chiffres arabes luminescents, garantissant une lecture imm\u00e9diate dans toutes les conditions. La profondeur de sa teinte varie selon la lumi\u00e8re, offrant un jeu de nuances particuli\u00e8rement s\u00e9duisant.<\/p>\n<p data-start=\"1032\" data-end=\"1224\">La montre est anim\u00e9e par un calibre automatique Panerai, reconnu pour sa fiabilit\u00e9 et sa robustesse, parfaitement en ad\u00e9quation avec l\u2019ADN utilitaire de la marque et une utilisation r\u00e9guli\u00e8re.<\/p>\n<p data-start=\"1226\" data-end=\"1667\">Cet exemplaire est propos\u00e9 en set complet, avec bo\u00eete, surbo\u00eete, papiers et accessoires d\u2019origine. Elle est mont\u00e9e sur son bracelet acier, renfor\u00e7ant son aspect polyvalent et contemporain, et est accompagn\u00e9 de deux bracelets suppl\u00e9mentaires : un bracelet en caoutchouc noir pour une approche plus sportive, ainsi qu\u2019un bracelet textile bleu avec boucle ardillon Panerai, permettant d\u2019adapter facilement la montre \u00e0 diff\u00e9rents contextes de port.<\/p>\n<p data-start=\"1669\" data-end=\"1807\" data-is-last-node=\"\" data-is-only-node=\"\">Une Luminor moderne, coh\u00e9rente et parfaitement \u00e9quilibr\u00e9e, qui allie pr\u00e9sence, lisibilit\u00e9 et versatilit\u00e9, dans le plus pur esprit Panerai.<\/p>","protected":false},"excerpt":{"rendered":"<p>L\u2019essence de Panerai La PAM01110 incarne une vision contemporaine de la Luminor, fid\u00e8le aux codes historiques de la maison tout en affirmant une personnalit\u00e9 plus moderne, notamment \u00e0 travers son cadran bleu profond et sa configuration sur bracelet acier. Une pi\u00e8ce pens\u00e9e pour conjuguer esth\u00e9tique, robustesse et polyvalence au quotidien. Le bo\u00eetier Luminor en acier&#8230;<\/p>","protected":false},"featured_media":14379,"template":"","meta":[],"product_cat":[1042],"product_tag":[],"class_list":["post-14361","product","type-product","status-publish","has-post-thumbnail","hentry","product_cat-panerai"],"_links":{"self":[{"href":"https:\/\/www.house-of-time.be\/en\/wp-json\/wp\/v2\/product\/14361","targetHints":{"allow":["GET"]}}],"collection":[{"href":"https:\/\/www.house-of-time.be\/en\/wp-json\/wp\/v2\/product"}],"about":[{"href":"https:\/\/www.house-of-time.be\/en\/wp-json\/wp\/v2\/types\/product"}],"version-history":[{"count":1,"href":"https:\/\/www.house-of-time.be\/en\/wp-json\/wp\/v2\/product\/14361\/revisions"}],"predecessor-version":[{"id":14384,"href":"https:\/\/www.house-of-time.be\/en\/wp-json\/wp\/v2\/product\/14361\/revisions\/14384"}],"wp:featuredmedia":[{"embeddable":true,"href":"https:\/\/www.house-of-time.be\/en\/wp-json\/wp\/v2\/media\/14379"}],"wp:attachment":[{"href":"https:\/\/www.house-of-time.be\/en\/wp-json\/wp\/v2\/media?parent=14361"}],"wp:term":[{"taxonomy":"product_cat","embeddable":true,"href":"https:\/\/www.house-of-time.be\/en\/wp-json\/wp\/v2\/product_cat?post=14361"},{"taxonomy":"product_tag","embeddable":true,"href":"https:\/\/www.house-of-time.be\/en\/wp-json\/wp\/v2\/product_tag?post=14361"}],"curies":[{"name":"wp","href":"https:\/\/api.w.org\/{rel}","templated":true}]}}