{"id":4392,"date":"2023-08-18T16:56:45","date_gmt":"2023-08-18T14:56:45","guid":{"rendered":"https:\/\/www.house-of-time.be\/?post_type=product&#038;p=4392"},"modified":"2025-05-24T10:22:09","modified_gmt":"2025-05-24T08:22:09","slug":"royal-oak-4332sa","status":"publish","type":"product","link":"https:\/\/www.house-of-time.be\/en\/product\/royal-oak-4332sa\/","title":{"rendered":"Royal Oak 4332SA"},"content":{"rendered":"<ul>\n<li>\n<h3>The True Mini Jumbo<\/h3>\n<\/li>\n<\/ul>\n<p>The Royal Oak 4332SA in yellow gold and steel embodies a fusion of elegance between noble materials and the emblematic design of the Royal Oak collection. Every detail of this watch is meticulously crafted to unite classic grandeur, cutting-edge horological engineering and timeless allure. The 4332 has only been produced in very small numbers and is unknown to the majority of watch enthusiasts, however, this is a model that arouses the interest of collectors in search of the rare pearl.<\/p>\n<p>To add to the rarity of this watch, it comes with its original box and, above all, its certificate of origin - a true rarity!<\/p>\n<p>Le bo\u00eetier allie l&rsquo;or jaune pr\u00e9cieux et l&rsquo;acier inoxydable, cr\u00e9ant un \u00e9quilibre visuel harmonieux. La silhouette octogonale embl\u00e9matique de la Royal Oak est mise en valeur par cet assemblage de mat\u00e9riaux. Avec un diam\u00e8tre de 36 mm, ce mod\u00e8le est fort probablement la r\u00e9f\u00e9rence interm\u00e9diaire vintage la plus belle au poignet.<\/p>\n<p>The automatic 2125 caliber enables this watch to maintain an extra-flat profile, offering unrivalled comfort when worn.<\/p>\n<p>The stainless steel and yellow gold bracelet embodies the perfect union of luxury and comfort. The links are finely polished and brushed to create an attractive visual balance, while ensuring a comfortable fit on the wrist.<\/p>\n<p>This reference is one of the rare mid-size Royal Oak models equipped with a screw-down crown.<\/p>\n<p>The Audemars Piguet Royal Oak 4332SA embodies timeless elegance and exceptional watchmaking expertise. It will appeal to watch lovers looking for a rare reference.<\/p>","protected":false},"excerpt":{"rendered":"<p>La v\u00e9ritable \u00ab\u00a0Mini Jumbo\u00a0\u00bb La Royal Oak 4332SA en or jaune et acier, incarne une \u00e9l\u00e9gance fusionnelle entre mat\u00e9riaux nobles et design embl\u00e9matique de la collection Royal Oak. Chaque d\u00e9tail de cette montre est minutieusement con\u00e7u pour unir la grandeur classique, l&rsquo;ing\u00e9nierie horlog\u00e8re de pointe et une allure intemporelle. La 4332 n&rsquo;a \u00e9t\u00e9 produite qu&rsquo;en&#8230;<\/p>","protected":false},"featured_media":9247,"template":"","meta":[],"product_cat":[98],"product_tag":[],"class_list":["post-4392","product","type-product","status-publish","has-post-thumbnail","hentry","product_cat-audemars-piguet"],"_links":{"self":[{"href":"https:\/\/www.house-of-time.be\/en\/wp-json\/wp\/v2\/product\/4392","targetHints":{"allow":["GET"]}}],"collection":[{"href":"https:\/\/www.house-of-time.be\/en\/wp-json\/wp\/v2\/product"}],"about":[{"href":"https:\/\/www.house-of-time.be\/en\/wp-json\/wp\/v2\/types\/product"}],"version-history":[{"count":2,"href":"https:\/\/www.house-of-time.be\/en\/wp-json\/wp\/v2\/product\/4392\/revisions"}],"predecessor-version":[{"id":5664,"href":"https:\/\/www.house-of-time.be\/en\/wp-json\/wp\/v2\/product\/4392\/revisions\/5664"}],"wp:featuredmedia":[{"embeddable":true,"href":"https:\/\/www.house-of-time.be\/en\/wp-json\/wp\/v2\/media\/9247"}],"wp:attachment":[{"href":"https:\/\/www.house-of-time.be\/en\/wp-json\/wp\/v2\/media?parent=4392"}],"wp:term":[{"taxonomy":"product_cat","embeddable":true,"href":"https:\/\/www.house-of-time.be\/en\/wp-json\/wp\/v2\/product_cat?post=4392"},{"taxonomy":"product_tag","embeddable":true,"href":"https:\/\/www.house-of-time.be\/en\/wp-json\/wp\/v2\/product_tag?post=4392"}],"curies":[{"name":"wp","href":"https:\/\/api.w.org\/{rel}","templated":true}]}}