{"id":4397,"date":"2023-08-18T17:16:06","date_gmt":"2023-08-18T15:16:06","guid":{"rendered":"https:\/\/www.house-of-time.be\/?post_type=product&#038;p=4397"},"modified":"2023-09-25T18:54:10","modified_gmt":"2023-09-25T16:54:10","slug":"rolex-datejust-126233","status":"publish","type":"product","link":"https:\/\/www.house-of-time.be\/en\/product\/rolex-datejust-126233\/","title":{"rendered":"Rolex Datejust 126233"},"content":{"rendered":"<ul>\n<li>\n<h3>L&rsquo;innovation au service de l&rsquo;\u00e9l\u00e9gance<\/h3>\n<\/li>\n<\/ul>\n<p>La Datejust 126233 incarne l&rsquo;alliance parfaite entre l&rsquo;\u00e9l\u00e9gance classique et l&rsquo;ing\u00e9nierie horlog\u00e8re de renom de la marque Rolex. Chaque d\u00e9tail de cette montre est soigneusement con\u00e7u pour marier l&rsquo;esth\u00e9tique intemporelle, la pr\u00e9cision du mouvement et le raffinement moderne.<\/p>\n<p>Le bo\u00eetier en acier inoxydable et or jaune 18 carats conf\u00e8re \u00e0 la montre une allure luxueuse et \u00e9l\u00e9gante. Le diam\u00e8tre de 36 mm offre une pr\u00e9sence \u00e9quilibr\u00e9e au poignet, combinant subtilement l&rsquo;\u00e9l\u00e9gance traditionnelle de la Datejust avec des proportions contemporaines.<\/p>\n<p>Le cadran blanc est \u00e0 la fois sobre et sophistiqu\u00e9 et arbore un effet de finition semblable au cadran \u00e9mail. Les index et les aiguilles luminescents assurent une lisibilit\u00e9 optimale en toutes circonstances, rappelant le souci de Rolex pour la fonctionnalit\u00e9. Une fen\u00eatre \u00e0 3 heures d\u00e9voile la date avec la pr\u00e9cision caract\u00e9ristique de la Datejust ainsi que son l\u00e9gendaire \u00ab\u00a0Cyclops\u00a0\u00bb.<\/p>\n<p>Le mouvement automatique calibre 3235, est au c\u0153ur de cette montre, offrant une pr\u00e9cision exceptionnelle et une r\u00e9serve de marche fiable. Il incarne la ma\u00eetrise horlog\u00e8re de Rolex et garantit un fonctionnement pr\u00e9cis jour apr\u00e8s jour.<\/p>\n<p>Le bracelet en acier inoxydable et or jaune conf\u00e8re une harmonie visuelle parfaite avec le bo\u00eetier. Les maillons finement polis et bross\u00e9s garantissent non seulement un port confortable, mais refl\u00e8tent \u00e9galement l&rsquo;attention aux d\u00e9tails caract\u00e9ristique de Rolex.<\/p>\n<p>En plus de l&rsquo;affichage de l&rsquo;heure et de la date, la montre est con\u00e7ue pour r\u00e9sister \u00e0 l&rsquo;\u00e9preuve du temps gr\u00e2ce \u00e0 la qualit\u00e9 de fabrication de Rolex et \u00e0 sa r\u00e9sistance \u00e0 l&rsquo;eau de 100 m\u00e8tres.<\/p>\n<p>La Rolex Datejust 126233 incarne le style intemporel et l&rsquo;excellence horlog\u00e8re de Rolex. Elle s\u00e9duira les passionn\u00e9s de montres en qu\u00eate d&rsquo;une combinaison parfaite entre raffinement classique, performance fiable et prestige discret, ajoutant une touche d&rsquo;\u00e9l\u00e9gance authentique \u00e0 chaque instant.<\/p>","protected":false},"excerpt":{"rendered":"<p>L&rsquo;innovation au service de l&rsquo;\u00e9l\u00e9gance La Datejust 126233 incarne l&rsquo;alliance parfaite entre l&rsquo;\u00e9l\u00e9gance classique et l&rsquo;ing\u00e9nierie horlog\u00e8re de renom de la marque Rolex. Chaque d\u00e9tail de cette montre est soigneusement con\u00e7u pour marier l&rsquo;esth\u00e9tique intemporelle, la pr\u00e9cision du mouvement et le raffinement moderne. Le bo\u00eetier en acier inoxydable et or jaune 18 carats conf\u00e8re \u00e0&#8230;<\/p>","protected":false},"featured_media":4400,"template":"","meta":[],"product_cat":[97],"product_tag":[],"class_list":["post-4397","product","type-product","status-publish","has-post-thumbnail","hentry","product_cat-rolex"],"_links":{"self":[{"href":"https:\/\/www.house-of-time.be\/en\/wp-json\/wp\/v2\/product\/4397","targetHints":{"allow":["GET"]}}],"collection":[{"href":"https:\/\/www.house-of-time.be\/en\/wp-json\/wp\/v2\/product"}],"about":[{"href":"https:\/\/www.house-of-time.be\/en\/wp-json\/wp\/v2\/types\/product"}],"version-history":[{"count":1,"href":"https:\/\/www.house-of-time.be\/en\/wp-json\/wp\/v2\/product\/4397\/revisions"}],"predecessor-version":[{"id":4403,"href":"https:\/\/www.house-of-time.be\/en\/wp-json\/wp\/v2\/product\/4397\/revisions\/4403"}],"wp:featuredmedia":[{"embeddable":true,"href":"https:\/\/www.house-of-time.be\/en\/wp-json\/wp\/v2\/media\/4400"}],"wp:attachment":[{"href":"https:\/\/www.house-of-time.be\/en\/wp-json\/wp\/v2\/media?parent=4397"}],"wp:term":[{"taxonomy":"product_cat","embeddable":true,"href":"https:\/\/www.house-of-time.be\/en\/wp-json\/wp\/v2\/product_cat?post=4397"},{"taxonomy":"product_tag","embeddable":true,"href":"https:\/\/www.house-of-time.be\/en\/wp-json\/wp\/v2\/product_tag?post=4397"}],"curies":[{"name":"wp","href":"https:\/\/api.w.org\/{rel}","templated":true}]}}