{"id":4727,"date":"2023-09-14T12:19:41","date_gmt":"2023-09-14T10:19:41","guid":{"rendered":"https:\/\/www.house-of-time.be\/?post_type=product&#038;p=4727"},"modified":"2023-10-07T14:01:34","modified_gmt":"2023-10-07T12:01:34","slug":"cartier-panthere","status":"publish","type":"product","link":"https:\/\/www.house-of-time.be\/en\/product\/cartier-panthere\/","title":{"rendered":"Cartier Panth\u00e8re"},"content":{"rendered":"<ul>\n<li>\n<h3>L&rsquo;ic\u00f4ne F\u00e9lin<\/h3>\n<\/li>\n<\/ul>\n<div class=\"group w-full text-gray-800 dark:text-gray-100 border-b border-black\/10 dark:border-gray-900\/50 bg-gray-50 dark:bg-[#444654]\">\n<div class=\"text-base gap-4 md:gap-6 md:max-w-2xl lg:max-w-xl xl:max-w-3xl p-4 md:py-6 flex lg:px-0 m-auto\">\n<div class=\"relative flex w-[calc(100%-50px)] flex-col gap-1 md:gap-3 lg:w-[calc(100%-115px)]\">\n<div class=\"flex flex-grow flex-col gap-3\">\n<div class=\"min-h-[20px] flex flex-col items-start gap-4 whitespace-pre-wrap\">\n<div class=\"markdown prose w-full break-words dark:prose-invert light\">\n<p>Panth\u00e8re de Cartier, petit mod\u00e8le, mouvement \u00e0 quartz. Bo\u00eete en or jaune 750\/1000 et acier, dimensions : 23 mm x 30 mm, \u00e9paisseur : 6 mm, couronne orn\u00e9e d&rsquo;un spinelle de synth\u00e8se bleu, cadran argent\u00e9, aiguilles en forme de glaive en acier bleui, bracelet en or jaune 750\/1000 et acier, \u00e9tanche jusqu&rsquo;\u00e0 3 bar (environ 30 m\u00e8tres).<\/p>\n<\/div>\n<\/div>\n<\/div>\n<div class=\"flex justify-between lg:block\">\n<div class=\"text-gray-400 flex self-end lg:self-center justify-center mt-2 gap-2 md:gap-3 lg:gap-1 lg:absolute lg:top-0 lg:translate-x-full lg:right-0 lg:mt-0 lg:pl-2 visible\"><\/div>\n<\/div>\n<\/div>\n<\/div>\n<\/div>","protected":false},"excerpt":{"rendered":"<p>L&rsquo;ic\u00f4ne F\u00e9lin Panth\u00e8re de Cartier, petit mod\u00e8le, mouvement \u00e0 quartz. Bo\u00eete en or jaune 750\/1000 et acier, dimensions : 23 mm x 30 mm, \u00e9paisseur : 6 mm, couronne orn\u00e9e d&rsquo;un spinelle de synth\u00e8se bleu, cadran argent\u00e9, aiguilles en forme de glaive en acier bleui, bracelet en or jaune 750\/1000 et acier, \u00e9tanche jusqu&rsquo;\u00e0 3&#8230;<\/p>","protected":false},"featured_media":4753,"template":"","meta":[],"product_cat":[276],"product_tag":[],"class_list":["post-4727","product","type-product","status-publish","has-post-thumbnail","hentry","product_cat-cartier"],"_links":{"self":[{"href":"https:\/\/www.house-of-time.be\/en\/wp-json\/wp\/v2\/product\/4727","targetHints":{"allow":["GET"]}}],"collection":[{"href":"https:\/\/www.house-of-time.be\/en\/wp-json\/wp\/v2\/product"}],"about":[{"href":"https:\/\/www.house-of-time.be\/en\/wp-json\/wp\/v2\/types\/product"}],"version-history":[{"count":1,"href":"https:\/\/www.house-of-time.be\/en\/wp-json\/wp\/v2\/product\/4727\/revisions"}],"predecessor-version":[{"id":4754,"href":"https:\/\/www.house-of-time.be\/en\/wp-json\/wp\/v2\/product\/4727\/revisions\/4754"}],"wp:featuredmedia":[{"embeddable":true,"href":"https:\/\/www.house-of-time.be\/en\/wp-json\/wp\/v2\/media\/4753"}],"wp:attachment":[{"href":"https:\/\/www.house-of-time.be\/en\/wp-json\/wp\/v2\/media?parent=4727"}],"wp:term":[{"taxonomy":"product_cat","embeddable":true,"href":"https:\/\/www.house-of-time.be\/en\/wp-json\/wp\/v2\/product_cat?post=4727"},{"taxonomy":"product_tag","embeddable":true,"href":"https:\/\/www.house-of-time.be\/en\/wp-json\/wp\/v2\/product_tag?post=4727"}],"curies":[{"name":"wp","href":"https:\/\/api.w.org\/{rel}","templated":true}]}}