{"id":4756,"date":"2023-09-15T11:17:44","date_gmt":"2023-09-15T09:17:44","guid":{"rendered":"https:\/\/www.house-of-time.be\/?post_type=product&#038;p=4756"},"modified":"2023-10-07T14:01:28","modified_gmt":"2023-10-07T12:01:28","slug":"patek-philippe-nautilus-3800","status":"publish","type":"product","link":"https:\/\/www.house-of-time.be\/en\/product\/patek-philippe-nautilus-3800\/","title":{"rendered":"Patek Philippe Nautilus 3800"},"content":{"rendered":"<ul>\n<li>\n<h3>Blanc de Blanc<\/h3>\n<\/li>\n<\/ul>\n<div class=\"group w-full text-gray-800 dark:text-gray-100 border-b border-black\/10 dark:border-gray-900\/50 bg-gray-50 dark:bg-[#444654]\">\n<div class=\"text-base gap-4 md:gap-6 md:max-w-2xl lg:max-w-xl xl:max-w-3xl p-4 md:py-6 flex lg:px-0 m-auto\">\n<div class=\"relative flex w-[calc(100%-50px)] flex-col gap-1 md:gap-3 lg:w-[calc(100%-115px)]\">\n<div class=\"flex flex-grow flex-col gap-3\">\n<div class=\"min-h-[20px] flex flex-col items-start gap-4 whitespace-pre-wrap\">\n<div class=\"markdown prose w-full break-words dark:prose-invert light\">\n<p>Pour f\u00eater les 20 ans de l\u2019Aquanaut, lanc\u00e9e en 1997, Patek Philippe propose le mod\u00e8le hommes dans une nouvelle taille \u00ab Jumbo \u00bb de 42,2 mm de diam\u00e8tre, avec un cadran au d\u00e9cor frapp\u00e9 pr\u00e9sentant un subtil d\u00e9grad\u00e9 de noir \u00e0 bleu nuit. Un visage r\u00e9solument masculin pour cette incarnation du sport chic contemporain dot\u00e9e d\u2019une lunette avec finitions satin\u00e9es. Le bo\u00eetier en or gris \u00e9tanche \u00e0 120 m abrite le calibre 26\u2011330 S C \u00e0 remontage automatique.<\/p>\n<\/div>\n<\/div>\n<\/div>\n<div class=\"flex justify-between lg:block\">\n<div class=\"text-gray-400 flex self-end lg:self-center justify-center mt-2 gap-2 md:gap-3 lg:gap-1 lg:absolute lg:top-0 lg:translate-x-full lg:right-0 lg:mt-0 lg:pl-2 visible\"><\/div>\n<\/div>\n<\/div>\n<\/div>\n<\/div>","protected":false},"excerpt":{"rendered":"<p>Blanc de Blanc Pour f\u00eater les 20 ans de l\u2019Aquanaut, lanc\u00e9e en 1997, Patek Philippe propose le mod\u00e8le hommes dans une nouvelle taille \u00ab Jumbo \u00bb de 42,2 mm de diam\u00e8tre, avec un cadran au d\u00e9cor frapp\u00e9 pr\u00e9sentant un subtil d\u00e9grad\u00e9 de noir \u00e0 bleu nuit. Un visage r\u00e9solument masculin pour cette incarnation du sport&#8230;<\/p>","protected":false},"featured_media":4760,"template":"","meta":[],"product_cat":[270],"product_tag":[],"class_list":["post-4756","product","type-product","status-publish","has-post-thumbnail","hentry","product_cat-patek-philippe"],"_links":{"self":[{"href":"https:\/\/www.house-of-time.be\/en\/wp-json\/wp\/v2\/product\/4756","targetHints":{"allow":["GET"]}}],"collection":[{"href":"https:\/\/www.house-of-time.be\/en\/wp-json\/wp\/v2\/product"}],"about":[{"href":"https:\/\/www.house-of-time.be\/en\/wp-json\/wp\/v2\/types\/product"}],"version-history":[{"count":1,"href":"https:\/\/www.house-of-time.be\/en\/wp-json\/wp\/v2\/product\/4756\/revisions"}],"predecessor-version":[{"id":4761,"href":"https:\/\/www.house-of-time.be\/en\/wp-json\/wp\/v2\/product\/4756\/revisions\/4761"}],"wp:featuredmedia":[{"embeddable":true,"href":"https:\/\/www.house-of-time.be\/en\/wp-json\/wp\/v2\/media\/4760"}],"wp:attachment":[{"href":"https:\/\/www.house-of-time.be\/en\/wp-json\/wp\/v2\/media?parent=4756"}],"wp:term":[{"taxonomy":"product_cat","embeddable":true,"href":"https:\/\/www.house-of-time.be\/en\/wp-json\/wp\/v2\/product_cat?post=4756"},{"taxonomy":"product_tag","embeddable":true,"href":"https:\/\/www.house-of-time.be\/en\/wp-json\/wp\/v2\/product_tag?post=4756"}],"curies":[{"name":"wp","href":"https:\/\/api.w.org\/{rel}","templated":true}]}}