{"id":5053,"date":"2023-10-18T18:06:06","date_gmt":"2023-10-18T16:06:06","guid":{"rendered":"https:\/\/www.house-of-time.be\/?post_type=product&#038;p=5053"},"modified":"2023-12-23T16:48:50","modified_gmt":"2023-12-23T15:48:50","slug":"cartier-santos-or-jaune","status":"publish","type":"product","link":"https:\/\/www.house-of-time.be\/en\/product\/cartier-santos-or-jaune\/","title":{"rendered":"Cartier Santos Galb\u00e9e 18k"},"content":{"rendered":"<ul>\n<li>\n<h3>\u00c9l\u00e9gance Intemporelle : La Cartier Santos<\/h3>\n<\/li>\n<\/ul>\n<div class=\"group w-full text-gray-800 dark:text-gray-100 border-b border-black\/10 dark:border-gray-900\/50 bg-gray-50 dark:bg-[#444654]\">\n<div class=\"text-base gap-4 md:gap-6 md:max-w-2xl lg:max-w-xl xl:max-w-3xl p-4 md:py-6 flex lg:px-0 m-auto\">\n<div class=\"relative flex w-[calc(100%-50px)] flex-col gap-1 md:gap-3 lg:w-[calc(100%-115px)]\">\n<div class=\"flex flex-grow flex-col gap-3\">\n<div class=\"min-h-[20px] flex flex-col items-start gap-4 whitespace-pre-wrap\">\n<div class=\"markdown prose w-full break-words dark:prose-invert light\">\n<p>La Cartier Santos 87901 en or jaune est un chef-d&rsquo;\u0153uvre d&rsquo;horlogerie qui allie \u00e9l\u00e9gance intemporelle et ing\u00e9nierie de pointe. Son bo\u00eetier en or jaune 18 carats brille d&rsquo;un \u00e9clat chaleureux. Le cadran est \u00e9pur\u00e9, dot\u00e9 de chiffres romains \u00e9l\u00e9gants et d&rsquo;aiguilles bleuies.<\/p>\n<p>Au c\u0153ur de cette montre r\u00e9side un mouvement quartz pr\u00e9cis, garantissant une performance sans faille.<\/p>\n<p>La Santos 87901 en or jaune incarne le raffinement absolu, alliant l&rsquo;h\u00e9ritage de Cartier \u00e0 un design contemporain. Une montre qui transcende le temps.<\/p>\n<\/div>\n<\/div>\n<\/div>\n<div class=\"flex justify-between lg:block\">\n<div class=\"text-gray-400 flex self-end lg:self-center justify-center mt-2 gap-2 md:gap-3 lg:gap-1 lg:absolute lg:top-0 lg:translate-x-full lg:right-0 lg:mt-0 lg:pl-2 visible\"><\/div>\n<\/div>\n<\/div>\n<\/div>\n<\/div>","protected":false},"excerpt":{"rendered":"<p>\u00c9l\u00e9gance Intemporelle : La Cartier Santos La Cartier Santos 87901 en or jaune est un chef-d&rsquo;\u0153uvre d&rsquo;horlogerie qui allie \u00e9l\u00e9gance intemporelle et ing\u00e9nierie de pointe. Son bo\u00eetier en or jaune 18 carats brille d&rsquo;un \u00e9clat chaleureux. Le cadran est \u00e9pur\u00e9, dot\u00e9 de chiffres romains \u00e9l\u00e9gants et d&rsquo;aiguilles bleuies. Au c\u0153ur de cette montre r\u00e9side un&#8230;<\/p>","protected":false},"featured_media":5474,"template":"","meta":[],"product_cat":[276],"product_tag":[],"class_list":["post-5053","product","type-product","status-publish","has-post-thumbnail","hentry","product_cat-cartier"],"_links":{"self":[{"href":"https:\/\/www.house-of-time.be\/en\/wp-json\/wp\/v2\/product\/5053","targetHints":{"allow":["GET"]}}],"collection":[{"href":"https:\/\/www.house-of-time.be\/en\/wp-json\/wp\/v2\/product"}],"about":[{"href":"https:\/\/www.house-of-time.be\/en\/wp-json\/wp\/v2\/types\/product"}],"version-history":[{"count":2,"href":"https:\/\/www.house-of-time.be\/en\/wp-json\/wp\/v2\/product\/5053\/revisions"}],"predecessor-version":[{"id":5122,"href":"https:\/\/www.house-of-time.be\/en\/wp-json\/wp\/v2\/product\/5053\/revisions\/5122"}],"wp:featuredmedia":[{"embeddable":true,"href":"https:\/\/www.house-of-time.be\/en\/wp-json\/wp\/v2\/media\/5474"}],"wp:attachment":[{"href":"https:\/\/www.house-of-time.be\/en\/wp-json\/wp\/v2\/media?parent=5053"}],"wp:term":[{"taxonomy":"product_cat","embeddable":true,"href":"https:\/\/www.house-of-time.be\/en\/wp-json\/wp\/v2\/product_cat?post=5053"},{"taxonomy":"product_tag","embeddable":true,"href":"https:\/\/www.house-of-time.be\/en\/wp-json\/wp\/v2\/product_tag?post=5053"}],"curies":[{"name":"wp","href":"https:\/\/api.w.org\/{rel}","templated":true}]}}