{"id":6381,"date":"2024-04-10T15:39:39","date_gmt":"2024-04-10T13:39:39","guid":{"rendered":"https:\/\/www.house-of-time.be\/?post_type=product&#038;p=6381"},"modified":"2024-04-24T18:12:34","modified_gmt":"2024-04-24T16:12:34","slug":"rolex-sky-dweller","status":"publish","type":"product","link":"https:\/\/www.house-of-time.be\/en\/product\/rolex-sky-dweller\/","title":{"rendered":"Rolex Sky-Dweller"},"content":{"rendered":"<ul>\n<li>\n<h3>A True Revolution<\/h3>\n<\/li>\n<\/ul>\n<p>Pr\u00e9cision, style et prouesses technologiques, lanc\u00e9e par Rolex en 2012, l&rsquo;Oyster Perpetual Sky-Dweller est un garde-temps con\u00e7u pour les voyageurs du monde entier, et non pour les pilotes comme la GMT-Master. Sophistiqu\u00e9e et cosmopolite, Rolex a eu la rare opportunit\u00e9 de concevoir la Sky-Dweller sans contexte historique ni lien avec un design patrimonial, cr\u00e9ant ainsi quelque chose de totalement nouveau et d&rsquo;unique pour la marque.<\/p>\n<p>Le r\u00e9sultat est une montre au look et \u00e0 l&rsquo;attrait in\u00e9dits, dot\u00e9e d&rsquo;incroyables nouvelles fonctionnalit\u00e9s et d&rsquo;une grande pr\u00e9sence, puisqu&rsquo;elle mesure 42 mm. \u00c0 l&rsquo;\u00e9poque, le monde a \u00e9galement \u00e9t\u00e9 choqu\u00e9 par la complexit\u00e9 inhabituelle du cadran de la Sky-Dweller, bien que le double fuseau horaire soit aussi intuitif que facile \u00e0 utiliser.<\/p>\n<p>Il est important de comprendre les principes fondamentaux qui rendent cette montre unique, et cela commence par le calibre 9001 qui a \u00e9t\u00e9 cr\u00e9\u00e9 sp\u00e9cifiquement pour cette montre.<\/p>\n<p>Mouvement automatique certifi\u00e9 COSC, le calibre 9001 affiche 28 800 battements par heure et une r\u00e9serve de marche de 72 heures. Un spiral Parachrom bleu assure la plus grande pr\u00e9cision possible, tout en r\u00e9sistant aux champs magn\u00e9tiques et aux variations de temp\u00e9rature. Le cal. 9001 est \u00e9galement \u00e9quip\u00e9 d&rsquo;amortisseurs Paraflex qui garantissent une marche r\u00e9guli\u00e8re de l&rsquo;\u00e9chappement. Mais le plus impressionnant est la fa\u00e7on dont le calibre Rolex 9001 fonctionne en coordination avec la lunette, son impressionnant calendrier annuel et sa fonctionnalit\u00e9 GMT essentielle.<\/p>\n<p><strong>La lunette aide le porteur \u00e0 r\u00e9gler la montre.<\/strong> La lunette cannel\u00e9e de la Sky-Dweller, \u00e9galement connue sous le nom de lunette \u00ab\u00a0Ring Command\u00a0\u00bb, n&rsquo;est pas seulement un bel \u00e9l\u00e9ment d\u00e9coratif en or, elle permet au porteur de s\u00e9lectionner la fonction \u00e0 r\u00e9gler. Selon la position de la lunette, le porteur peut r\u00e9gler le mois et la date, l&rsquo;heure de r\u00e9f\u00e9rence et l&rsquo;heure locale en tournant simplement la couronne de remontoir. Il est \u00e9galement important de noter que la lunette est toujours forg\u00e9e en or 18 carats, m\u00eame sur les mod\u00e8les en acier inoxydable.<\/p>\n<p><strong>La Sky-Dweller est dot\u00e9e d&rsquo;un calendrier annuel.<\/strong> Les calendriers annuels sont les deuxi\u00e8mes fonctions de calendrier les plus avanc\u00e9es que l&rsquo;on puisse trouver dans une montre. Bien qu&rsquo;ils ne reconnaissent pas les ann\u00e9es bissextiles, ils peuvent m\u00e9caniquement corriger les mois de 30 et 31 jours. De ce fait, les calendriers annuels ne doivent \u00eatre ajust\u00e9s manuellement qu&rsquo;une fois par an, \u00e0 la fin du mois de f\u00e9vrier.<\/p>\n<p>La Sky-Dweller affiche la date pour le porteur \u00e0 3 heures sous une lentille cyclope, typique de la marque. Mais, fait unique, le mois est indiqu\u00e9 par l&rsquo;affichage d&rsquo;une couleur dans une petite ouverture au-dessus de chaque index des heures pour le mois correspondant &#8211; janvier est \u00e0 1 heure, f\u00e9vrier \u00e0 2 heures, et ainsi de suite.<\/p>\n<p><strong>La Sky-Dweller est une montre GMT.<\/strong> Ce qui rend cette montre si parfaite pour les grands voyageurs, c&rsquo;est son impressionnante fonction GMT, qui permet au porteur de suivre deux fuseaux horaires diff\u00e9rents en m\u00eame temps.De plus, cette complication est si sophistiqu\u00e9e qu&rsquo;elle ne n\u00e9cessite aucun poussoir suppl\u00e9mentaire pour y acc\u00e9der, mais seulement la belle et \u00e9l\u00e9gante lunette Ring Command qui est directement reli\u00e9e au mouvement de calibre 9001.<\/p>\n<p>Apr\u00e8s cinq ann\u00e9es de croissance et d&rsquo;adoption relativement lentes, Rolex a d\u00e9cid\u00e9 de rendre la Sky-Dweller un peu plus accessible aux clients, en introduisant finalement une en acier inoxydable, un changement important dans la gamme Sky-Dweller jusqu&rsquo;\u00e0 l\u00e0 uniquement disponible en m\u00e9taux pr\u00e9cieux.<\/p>\n<p>Mais ce n&rsquo;est pas le seul changement majeur apport\u00e9 en 2017. Pour la toute premi\u00e8re fois, Rolex a introduit des index b\u00e2tons, donnant au cadran un aspect beaucoup plus simple, plus propre et plus contemporain. Ces nouveaux index ont \u00e9t\u00e9 applaudis par les collectionneurs et ont contribu\u00e9 \u00e0 renforcer la popularit\u00e9 de la Sky-Dweller.<\/p>\n<p>Cet exemplaire de 2019 est en superbe \u00e9tat et est accompagn\u00e9 de son \u00ab\u00a0full set\u00a0\u00bb.<\/p>","protected":false},"excerpt":{"rendered":"<p>Une v\u00e9ritable r\u00e9volution Pr\u00e9cision, style et prouesses technologiques, lanc\u00e9e par Rolex en 2012, l&rsquo;Oyster Perpetual Sky-Dweller est un garde-temps con\u00e7u pour les voyageurs du monde entier, et non pour les pilotes comme la GMT-Master. Sophistiqu\u00e9e et cosmopolite, Rolex a eu la rare opportunit\u00e9 de concevoir la Sky-Dweller sans contexte historique ni lien avec un design&#8230;<\/p>","protected":false},"featured_media":6507,"template":"","meta":[],"product_cat":[97],"product_tag":[],"class_list":["post-6381","product","type-product","status-publish","has-post-thumbnail","hentry","product_cat-rolex"],"_links":{"self":[{"href":"https:\/\/www.house-of-time.be\/en\/wp-json\/wp\/v2\/product\/6381","targetHints":{"allow":["GET"]}}],"collection":[{"href":"https:\/\/www.house-of-time.be\/en\/wp-json\/wp\/v2\/product"}],"about":[{"href":"https:\/\/www.house-of-time.be\/en\/wp-json\/wp\/v2\/types\/product"}],"version-history":[{"count":1,"href":"https:\/\/www.house-of-time.be\/en\/wp-json\/wp\/v2\/product\/6381\/revisions"}],"predecessor-version":[{"id":6382,"href":"https:\/\/www.house-of-time.be\/en\/wp-json\/wp\/v2\/product\/6381\/revisions\/6382"}],"wp:featuredmedia":[{"embeddable":true,"href":"https:\/\/www.house-of-time.be\/en\/wp-json\/wp\/v2\/media\/6507"}],"wp:attachment":[{"href":"https:\/\/www.house-of-time.be\/en\/wp-json\/wp\/v2\/media?parent=6381"}],"wp:term":[{"taxonomy":"product_cat","embeddable":true,"href":"https:\/\/www.house-of-time.be\/en\/wp-json\/wp\/v2\/product_cat?post=6381"},{"taxonomy":"product_tag","embeddable":true,"href":"https:\/\/www.house-of-time.be\/en\/wp-json\/wp\/v2\/product_tag?post=6381"}],"curies":[{"name":"wp","href":"https:\/\/api.w.org\/{rel}","templated":true}]}}