{"id":7512,"date":"2024-07-13T18:49:42","date_gmt":"2024-07-13T16:49:42","guid":{"rendered":"https:\/\/www.house-of-time.be\/?post_type=product&#038;p=7512"},"modified":"2024-08-20T17:25:33","modified_gmt":"2024-08-20T15:25:33","slug":"rolex-sea-dweller-4000-ceramique","status":"publish","type":"product","link":"https:\/\/www.house-of-time.be\/en\/product\/rolex-sea-dweller-4000-ceramique\/","title":{"rendered":"Rolex Sea-Dweller 4000 c\u00e9ramique"},"content":{"rendered":"<ul>\n<li>\n<h3>C\u00e9ramique in\u00e9dite<\/h3>\n<\/li>\n<\/ul>\n<p>En 2008, Rolex arr\u00eate la production du mod\u00e8le Sea-Dweller au profit d&rsquo;une nouvelle montre Deepsea Sea-Dweller (DSSD), beaucoup plus grande. N\u00e9anmoins, apr\u00e8s six ans, le g\u00e9ant horloger suisse r\u00e9introduira \u00e0 Baselworld 2014 &#8211; pour le plus grand plaisir des fans de Rolex du monde entier &#8211; la Sea-Dweller 4000 ref. 116600. Tous les \u00e9l\u00e9ments de conception caract\u00e9ristiques de la pr\u00e9c\u00e9dente Rolex Sea-Dweller sont pr\u00e9sents, tout en arborant les derni\u00e8res \u00e9volutions de la marque.<\/p>\n<p>Cependant, vous avez peut-\u00eatre manqu\u00e9 la r\u00e9f\u00e9rence 116600 car Rolex mettra une fois de plus fin \u00e0 ce mod\u00e8le au profit de la Sea-Dweller ref. 126600, qui a fait ses d\u00e9buts en 2017 avec un bo\u00eetier plus grand de 43 mm.<\/p>\n<p>\u00c0 tous \u00e9gards, la r\u00e9f\u00e9rence 116600 est la derni\u00e8re it\u00e9ration du design classique, \u00e9prouv\u00e9 et authentique de la Sea-Dweller. Anim\u00e9e par le v\u00e9n\u00e9rable calibre 3135 de Rolex, la r\u00e9f\u00e9rence 116600 s&rsquo;en tient \u00e0 un diam\u00e8tre de bo\u00eetier tr\u00e8s polyvalent de 40 mm, tandis qu&rsquo;un verre extra-\u00e9pais, sans cyclope, prot\u00e8ge un cadran monochrome. Cependant, avec ses mat\u00e9riaux modernes et ses proportions actualis\u00e9es, il s&rsquo;agit indubitablement d&rsquo;une montre de plong\u00e9e moderne.<\/p>\n<p>Au d\u00e9but de l&rsquo;histoire de Rolex, il \u00e9tait assez courant que les r\u00e9f\u00e9rences ne restent en production que quelques ann\u00e9es. Il n&rsquo;est pas rare qu&rsquo;une r\u00e9f\u00e9rence fasse partie du catalogue de la marque pendant dix, voire vingt ans, avant d&rsquo;\u00eatre remplac\u00e9e. Bien qu&rsquo;il s&rsquo;agisse d&rsquo;une montre relativement moderne, la r\u00e9f\u00e9rence 116600 Sea-Dweller n&rsquo;a fait partie du catalogue de Rolex que pendant trois petites ann\u00e9es. \u00c0 titre de r\u00e9f\u00e9rence, la Submariner 16610 est rest\u00e9e en production pendant plus de deux d\u00e9cennies et l&rsquo;actuelle Sea-Dweller de 43 mm existe d\u00e9j\u00e0 depuis plus longtemps que la r\u00e9f. 116600.<\/p>\n<p>Pour ceux qui appr\u00e9cient l&rsquo;aspect et la sensation de la Sea-Dweller classique de 40 mm, la r\u00e9f\u00e9rence 116600 est le parfait compromis contemporain qui incorpore toutes les derni\u00e8res technologies et les mat\u00e9riaux exclusifs de Rolex dans un ensemble \u00e9prouv\u00e9 et familier. Elle semble nouvelle et sensiblement diff\u00e9rente de ses pr\u00e9d\u00e9cesseurs, tout en conservant les m\u00eames caract\u00e9ristiques qui ont \u00e9t\u00e9 \u00e9limin\u00e9es progressivement sur la g\u00e9n\u00e9ration suivante.<\/p>\n<p>En r\u00e9sum\u00e9, produite de 2014 \u00e0 2017, la Rolex 116600 a marqu\u00e9 la r\u00e9introduction de la Sea-Dweller traditionnelle apr\u00e8s une br\u00e8ve interruption. Dot\u00e9e d&rsquo;une lunette Cerachrom, d&rsquo;un affichage Chromalight et du mouvement calibre Rolex 3135. Cette r\u00e9f\u00e9rence conservait la taille de bo\u00eetier classique de 40 mm et n&rsquo;incluait pas de lentille cyclope, pr\u00e9servant ainsi l&rsquo;esth\u00e9tique \u00e9pur\u00e9e privil\u00e9gi\u00e9e par de nombreux puristes de la Sea-Dweller.<\/p>\n<p>Cette Sea-Dweller 4000 c\u00e9ramique de 2014 est dans un superbe \u00e9tat et est accompagn\u00e9e de son \u00ab\u00a0full set\u00a0\u00bb.<\/p>","protected":false},"excerpt":{"rendered":"<p>C\u00e9ramique in\u00e9dite En 2008, Rolex arr\u00eate la production du mod\u00e8le Sea-Dweller au profit d&rsquo;une nouvelle montre Deepsea Sea-Dweller (DSSD), beaucoup plus grande. N\u00e9anmoins, apr\u00e8s six ans, le g\u00e9ant horloger suisse r\u00e9introduira \u00e0 Baselworld 2014 &#8211; pour le plus grand plaisir des fans de Rolex du monde entier &#8211; la Sea-Dweller 4000 ref. 116600. Tous les&#8230;<\/p>","protected":false},"featured_media":7634,"template":"","meta":[],"product_cat":[97],"product_tag":[],"class_list":["post-7512","product","type-product","status-publish","has-post-thumbnail","hentry","product_cat-rolex"],"_links":{"self":[{"href":"https:\/\/www.house-of-time.be\/en\/wp-json\/wp\/v2\/product\/7512","targetHints":{"allow":["GET"]}}],"collection":[{"href":"https:\/\/www.house-of-time.be\/en\/wp-json\/wp\/v2\/product"}],"about":[{"href":"https:\/\/www.house-of-time.be\/en\/wp-json\/wp\/v2\/types\/product"}],"version-history":[{"count":2,"href":"https:\/\/www.house-of-time.be\/en\/wp-json\/wp\/v2\/product\/7512\/revisions"}],"predecessor-version":[{"id":7597,"href":"https:\/\/www.house-of-time.be\/en\/wp-json\/wp\/v2\/product\/7512\/revisions\/7597"}],"wp:featuredmedia":[{"embeddable":true,"href":"https:\/\/www.house-of-time.be\/en\/wp-json\/wp\/v2\/media\/7634"}],"wp:attachment":[{"href":"https:\/\/www.house-of-time.be\/en\/wp-json\/wp\/v2\/media?parent=7512"}],"wp:term":[{"taxonomy":"product_cat","embeddable":true,"href":"https:\/\/www.house-of-time.be\/en\/wp-json\/wp\/v2\/product_cat?post=7512"},{"taxonomy":"product_tag","embeddable":true,"href":"https:\/\/www.house-of-time.be\/en\/wp-json\/wp\/v2\/product_tag?post=7512"}],"curies":[{"name":"wp","href":"https:\/\/api.w.org\/{rel}","templated":true}]}}