{"id":7925,"date":"2024-08-30T16:57:23","date_gmt":"2024-08-30T14:57:23","guid":{"rendered":"https:\/\/www.house-of-time.be\/?post_type=product&#038;p=7925"},"modified":"2024-09-04T16:40:38","modified_gmt":"2024-09-04T14:40:38","slug":"tudor-black-bay-58-bleu","status":"publish","type":"product","link":"https:\/\/www.house-of-time.be\/en\/product\/tudor-black-bay-58-bleu\/","title":{"rendered":"Tudor Black Bay 58 Bleu"},"content":{"rendered":"<ul>\n<li>\n<h3>Vintage spirit, modern era<\/h3>\n<\/li>\n<\/ul>\n<p>La Tudor Black Bay 58 rend hommage \u00e0 la riche histoire de Tudor en s&rsquo;inspirant de l&#8217;embl\u00e9matique Tudor Submariner r\u00e9f\u00e9rence 7924 \u00ab\u00a0Big Crown\u00a0\u00bb des ann\u00e9es 1950. Ce design d&rsquo;inspiration vintage est un clin d&rsquo;\u0153il \u00e0 l&rsquo;\u00e2ge d&rsquo;or des montres de plong\u00e9e, capturant l&rsquo;essence de l&rsquo;exploration et de l&rsquo;aventure. En tant que marque s\u0153ur de Rolex, Tudor partage l&rsquo;h\u00e9ritage de pr\u00e9cision et de savoir-faire associ\u00e9 \u00e0 sa maison m\u00e8re. La Tudor Black Bay 58 h\u00e9rite de l&rsquo;attention m\u00e9ticuleuse port\u00e9e aux d\u00e9tails qui a fait de Rolex un synonyme de luxe et de fiabilit\u00e9. Si Tudor se veut une alternative plus accessible, elle ne transige pas sur la qualit\u00e9 et l&rsquo;innovation attendues d&rsquo;une marque du groupe Rolex.<\/p>\n<p>Le bo\u00eetier de 39 mm de la Black Bay 58 et les aiguilles \u00ab\u00a0Snowflake\u00a0\u00bb rendent hommage aux montres de plong\u00e9e historiques de Tudor, d\u00e9gageant un charme vintage qui capture l&rsquo;esprit des garde-temps classiques. Avec une \u00e9paisseur de seulement 11,9 mm, la Black Bay 58 affiche un profil \u00e9l\u00e9gant et contemporain, garantissant une tenue confortable au poignet pour un usage quotidien.Le bracelet \u00e0 rivets, qui rappelle les montres de plong\u00e9e du milieu du 20e si\u00e8cle, ajoute une touche distinctive qui rehausse l&rsquo;attrait r\u00e9tro de l&rsquo;ensemble. C\u00f4t\u00e9 mouvement, la Black Bay 58 est anim\u00e9e par un mouvement maison de Tudor, le calibre MT5402, dot\u00e9 d&rsquo;une r\u00e9serve de marche de 70 heures et certifi\u00e9 COSC pour sa pr\u00e9cision et sa fiabilit\u00e9.<\/p>\n<p>Pour le collectionneur \u00e0 la recherche d&rsquo;un m\u00e9lange de charme vintage et de fiabilit\u00e9 contemporaine, la Tudor Black Bay 58 t\u00e9moigne de l&rsquo;engagement de Tudor en faveur de l&rsquo;excellence horlog\u00e8re.<br \/>\nCette Tudor Black Bay 58, r\u00e9f\u00e9rence M79030B-0001, est tr\u00e8s bon \u00e9tat, accompagn\u00e9e de son \u00ab\u00a0full set\u00a0\u00bb.<\/p>","protected":false},"excerpt":{"rendered":"<p>Esprit vintage, \u00e8re moderne La Tudor Black Bay 58 rend hommage \u00e0 la riche histoire de Tudor en s&rsquo;inspirant de l&#8217;embl\u00e9matique Tudor Submariner r\u00e9f\u00e9rence 7924 \u00ab\u00a0Big Crown\u00a0\u00bb des ann\u00e9es 1950. Ce design d&rsquo;inspiration vintage est un clin d&rsquo;\u0153il \u00e0 l&rsquo;\u00e2ge d&rsquo;or des montres de plong\u00e9e, capturant l&rsquo;essence de l&rsquo;exploration et de l&rsquo;aventure. En tant que&#8230;<\/p>","protected":false},"featured_media":7926,"template":"","meta":[],"product_cat":[374],"product_tag":[],"class_list":["post-7925","product","type-product","status-publish","has-post-thumbnail","hentry","product_cat-tudor"],"_links":{"self":[{"href":"https:\/\/www.house-of-time.be\/en\/wp-json\/wp\/v2\/product\/7925","targetHints":{"allow":["GET"]}}],"collection":[{"href":"https:\/\/www.house-of-time.be\/en\/wp-json\/wp\/v2\/product"}],"about":[{"href":"https:\/\/www.house-of-time.be\/en\/wp-json\/wp\/v2\/types\/product"}],"version-history":[{"count":1,"href":"https:\/\/www.house-of-time.be\/en\/wp-json\/wp\/v2\/product\/7925\/revisions"}],"predecessor-version":[{"id":7939,"href":"https:\/\/www.house-of-time.be\/en\/wp-json\/wp\/v2\/product\/7925\/revisions\/7939"}],"wp:featuredmedia":[{"embeddable":true,"href":"https:\/\/www.house-of-time.be\/en\/wp-json\/wp\/v2\/media\/7926"}],"wp:attachment":[{"href":"https:\/\/www.house-of-time.be\/en\/wp-json\/wp\/v2\/media?parent=7925"}],"wp:term":[{"taxonomy":"product_cat","embeddable":true,"href":"https:\/\/www.house-of-time.be\/en\/wp-json\/wp\/v2\/product_cat?post=7925"},{"taxonomy":"product_tag","embeddable":true,"href":"https:\/\/www.house-of-time.be\/en\/wp-json\/wp\/v2\/product_tag?post=7925"}],"curies":[{"name":"wp","href":"https:\/\/api.w.org\/{rel}","templated":true}]}}