{"id":9407,"date":"2025-01-22T14:28:50","date_gmt":"2025-01-22T13:28:50","guid":{"rendered":"https:\/\/www.house-of-time.be\/?post_type=product&#038;p=9407"},"modified":"2025-02-01T14:12:57","modified_gmt":"2025-02-01T13:12:57","slug":"omega-seamaster-300-james-bond","status":"publish","type":"product","link":"https:\/\/www.house-of-time.be\/en\/product\/omega-seamaster-300-james-bond\/","title":{"rendered":"Omega Seamaster 300 James Bond"},"content":{"rendered":"<ul>\n<li>\n<h3>007<\/h3>\n<\/li>\n<\/ul>\n<div class=\"ow-collapsible\" data-role=\"collapsible\">\n<div id=\"collapsible-3be7-dfb1-e53e-dad5\" class=\"ow-collapsible__content\" data-role=\"content\">\n<div class=\"technical-data-value\" data-code=\"description\">\n<p>Identique \u00e0 la montre que James Bond porte dans Mourir peut attendre, cette Seamaster de 42\u00a0mm en titane grade\u00a02, \u00e0 la fois robuste et l\u00e9g\u00e8re, arbore un cadran et une lunette en aluminium brun tropical.<\/p>\n<p>L\u00e9g\u00e8rement plus fine que les mod\u00e8les Seamaster Diver 300M classiques gr\u00e2ce \u00e0 son verre saphir bomb\u00e9, cette montre est pr\u00e9sent\u00e9e sur un bracelet milanais en titane grade 2 ferm\u00e9 par une innovante boucle r\u00e9glable.<\/p>\n<p>L&rsquo;\u00e9dition 007 de la Seamaster Diver est entra\u00een\u00e9e par le calibre OMEGA Co-Axial Master Chronometer\u00a08806, qui r\u00e9pond aux plus hauts crit\u00e8res de l\u2019industrie horlog\u00e8re en termes de pr\u00e9cision, de performance chronom\u00e9trique et, bien s\u00fbr, de r\u00e9sistance magn\u00e9tique.<\/p>\n<\/div>\n<\/div>\n<\/div>","protected":false},"excerpt":{"rendered":"<p>007 Identique \u00e0 la montre que James Bond porte dans Mourir peut attendre, cette Seamaster de 42\u00a0mm en titane grade\u00a02, \u00e0 la fois robuste et l\u00e9g\u00e8re, arbore un cadran et une lunette en aluminium brun tropical. L\u00e9g\u00e8rement plus fine que les mod\u00e8les Seamaster Diver 300M classiques gr\u00e2ce \u00e0 son verre saphir bomb\u00e9, cette montre est&#8230;<\/p>","protected":false},"featured_media":9408,"template":"","meta":[],"product_cat":[490],"product_tag":[],"class_list":["post-9407","product","type-product","status-publish","has-post-thumbnail","hentry","product_cat-omega"],"_links":{"self":[{"href":"https:\/\/www.house-of-time.be\/en\/wp-json\/wp\/v2\/product\/9407","targetHints":{"allow":["GET"]}}],"collection":[{"href":"https:\/\/www.house-of-time.be\/en\/wp-json\/wp\/v2\/product"}],"about":[{"href":"https:\/\/www.house-of-time.be\/en\/wp-json\/wp\/v2\/types\/product"}],"version-history":[{"count":1,"href":"https:\/\/www.house-of-time.be\/en\/wp-json\/wp\/v2\/product\/9407\/revisions"}],"predecessor-version":[{"id":9424,"href":"https:\/\/www.house-of-time.be\/en\/wp-json\/wp\/v2\/product\/9407\/revisions\/9424"}],"wp:featuredmedia":[{"embeddable":true,"href":"https:\/\/www.house-of-time.be\/en\/wp-json\/wp\/v2\/media\/9408"}],"wp:attachment":[{"href":"https:\/\/www.house-of-time.be\/en\/wp-json\/wp\/v2\/media?parent=9407"}],"wp:term":[{"taxonomy":"product_cat","embeddable":true,"href":"https:\/\/www.house-of-time.be\/en\/wp-json\/wp\/v2\/product_cat?post=9407"},{"taxonomy":"product_tag","embeddable":true,"href":"https:\/\/www.house-of-time.be\/en\/wp-json\/wp\/v2\/product_tag?post=9407"}],"curies":[{"name":"wp","href":"https:\/\/api.w.org\/{rel}","templated":true}]}}