{"id":9911,"date":"2025-03-07T15:39:59","date_gmt":"2025-03-07T14:39:59","guid":{"rendered":"https:\/\/www.house-of-time.be\/?post_type=product&#038;p=9911"},"modified":"2025-04-30T11:20:39","modified_gmt":"2025-04-30T09:20:39","slug":"omega-speedmaster-cal-321-ed-white","status":"publish","type":"product","link":"https:\/\/www.house-of-time.be\/en\/product\/omega-speedmaster-cal-321-ed-white\/","title":{"rendered":"Omega Speedmaster Cal. 321 \u00ab\u00a0Ed White\u00a0\u00bb"},"content":{"rendered":"<ul>\n<li>\n<h3>Speedmaster pour puriste<\/h3>\n<\/li>\n<\/ul>\n<div class=\"ow-collapsible\" data-role=\"collapsible\">\n<div id=\"collapsible-9ee6-f184-690b-b981\" class=\"ow-collapsible__content\" data-role=\"content\">\n<div class=\"technical-data-value\" data-code=\"description\">\n<p data-pm-slice=\"1 1 []\">L\u2019univers de l\u2019horlogerie est marqu\u00e9 par des ic\u00f4nes intemporelles, et peu de montres incarnent aussi bien cette aura que l\u2019Omega Speedmaster. Parmi les nombreuses r\u00e9f\u00e9rences de la collection, le Calibre 321 occupe une place \u00e0 part, conjuguant h\u00e9ritage historique et savoir-faire artisanal. Son grand retour en 2019 a ravi les passionn\u00e9s et collectionneurs, r\u00e9affirmant l\u2019attachement d\u2019Omega \u00e0 ses racines tout en c\u00e9l\u00e9brant l\u2019excellence m\u00e9canique.<\/p>\n<p>Le mouvement 321 d\u2019Omega, introduit en 1949, est un chronographe \u00e0 roue \u00e0 colonnes qui a \u00e9quip\u00e9 certaines des r\u00e9f\u00e9rences les plus prestigieuses de la marque, notamment la Speedmaster ST 105.003 et la l\u00e9gendaire ST 105.012 port\u00e9e par les astronautes de la NASA lors des missions Apollo. Ce mouvement s\u2019est taill\u00e9 une r\u00e9putation d\u2019extr\u00eame fiabilit\u00e9, contribuant \u00e0 la conqu\u00eate spatiale et \u00e0 l\u2019attrait ind\u00e9niable de la Speedmaster dans le monde horloger.<\/p>\n<p>En 2019, apr\u00e8s plus de 50 ans d\u2019absence, Omega a ressuscit\u00e9 le Calibre 321 en utilisant des techniques modernes, tout en conservant ses sp\u00e9cificit\u00e9s d\u2019origine. La marque suisse a minutieusement \u00e9tudi\u00e9 un mod\u00e8le historique de la NASA pour recr\u00e9er chaque composant avec une pr\u00e9cision absolue. Le mouvement, assembl\u00e9 \u00e0 la main dans un atelier d\u00e9di\u00e9, perp\u00e9tue ainsi le savoir-faire artisanal et l\u2019excellence technique qui ont fait la renomm\u00e9e de ce calibre.<\/p>\n<p>Pour marquer le retour du 321, Omega a lanc\u00e9 un mod\u00e8le exceptionnel en platine, arborant un cadran en onyx et des index en m\u00e9t\u00e9orite provenant de la Lune. Cette \u00e9dition ultra-exclusive allie luxe et histoire, rendant hommage aux exploits spatiaux qui ont fa\u00e7onn\u00e9 la l\u00e9gende de la Speedmaster.<\/p>\n<p>En 2020, Omega a introduit une version en acier inoxydable du Speedmaster Calibre 321, directement inspir\u00e9e de la ST 105.003. Fid\u00e8le \u00e0 l\u2019esth\u00e9tique vintage, cette r\u00e9\u00e9dition pr\u00e9sente un bo\u00eetier de 39,7 mm, un verre h\u00e9salite et un bracelet en acier, offrant une exp\u00e9rience authentique aux amateurs de montres historiques.<\/p>\n<p>Le retour du Calibre 321 est bien plus qu\u2019un simple hommage : il symbolise la passion d\u2019Omega pour l\u2019authenticit\u00e9 et la pr\u00e9cision. Son exclusivit\u00e9 et son savoir-faire en font un v\u00e9ritable Graal pour les collectionneurs, assurant \u00e0 la Speedmaster une place ind\u00e9tr\u00f4nable dans le panth\u00e9on des montres de l\u00e9gende. Entre h\u00e9ritage et innovation, Omega continue de faire vibrer les amateurs d\u2019horlogerie avec ce chef-d\u2019\u0153uvre intemporel.<\/p>\n<p>Ce mod\u00e8le de 2025 est en \u00e9tat neuf et est accompagn\u00e9 de son set complet.<\/p>\n<\/div>\n<\/div>\n<\/div>\n<div class=\"ow-collapsible\" data-role=\"collapsible\"><\/div>","protected":false},"excerpt":{"rendered":"<p>Speedmaster pour puriste L\u2019univers de l\u2019horlogerie est marqu\u00e9 par des ic\u00f4nes intemporelles, et peu de montres incarnent aussi bien cette aura que l\u2019Omega Speedmaster. Parmi les nombreuses r\u00e9f\u00e9rences de la collection, le Calibre 321 occupe une place \u00e0 part, conjuguant h\u00e9ritage historique et savoir-faire artisanal. Son grand retour en 2019 a ravi les passionn\u00e9s et&#8230;<\/p>","protected":false},"featured_media":10198,"template":"","meta":[],"product_cat":[490],"product_tag":[],"class_list":["post-9911","product","type-product","status-publish","has-post-thumbnail","hentry","product_cat-omega"],"_links":{"self":[{"href":"https:\/\/www.house-of-time.be\/en\/wp-json\/wp\/v2\/product\/9911","targetHints":{"allow":["GET"]}}],"collection":[{"href":"https:\/\/www.house-of-time.be\/en\/wp-json\/wp\/v2\/product"}],"about":[{"href":"https:\/\/www.house-of-time.be\/en\/wp-json\/wp\/v2\/types\/product"}],"version-history":[{"count":1,"href":"https:\/\/www.house-of-time.be\/en\/wp-json\/wp\/v2\/product\/9911\/revisions"}],"predecessor-version":[{"id":9912,"href":"https:\/\/www.house-of-time.be\/en\/wp-json\/wp\/v2\/product\/9911\/revisions\/9912"}],"wp:featuredmedia":[{"embeddable":true,"href":"https:\/\/www.house-of-time.be\/en\/wp-json\/wp\/v2\/media\/10198"}],"wp:attachment":[{"href":"https:\/\/www.house-of-time.be\/en\/wp-json\/wp\/v2\/media?parent=9911"}],"wp:term":[{"taxonomy":"product_cat","embeddable":true,"href":"https:\/\/www.house-of-time.be\/en\/wp-json\/wp\/v2\/product_cat?post=9911"},{"taxonomy":"product_tag","embeddable":true,"href":"https:\/\/www.house-of-time.be\/en\/wp-json\/wp\/v2\/product_tag?post=9911"}],"curies":[{"name":"wp","href":"https:\/\/api.w.org\/{rel}","templated":true}]}}